
{"id":14798,"date":"2022-12-02T11:07:29","date_gmt":"2022-12-02T10:07:29","guid":{"rendered":"https:\/\/prod-cdn-portal.foreverliving.se\/aloe-vera-juomat\/"},"modified":"2024-12-30T11:53:35","modified_gmt":"2024-12-30T10:53:35","slug":"aloe-vera-juomat","status":"publish","type":"page","link":"https:\/\/foreverliving.hemsida.eu\/fi\/aloe-vera-juomat\/","title":{"rendered":"Aloe vera -juomat"},"content":{"rendered":"<div class=\"gb-container gb-container-230fd07d\"><div class=\"gb-inside-container\">\n<div class=\"gb-grid-wrapper gb-grid-wrapper-ce179c88\">\n<div class=\"gb-grid-column gb-grid-column-be17369c\"><div class=\"gb-container gb-container-be17369c\"><div class=\"gb-inside-container\">\n\n<div class=\"wp-block-cover is-light\"><span aria-hidden=\"true\" class=\"wp-block-cover__background has-background-dim-0 has-background-dim\" style=\"background-color:#ac9e83\"><\/span><img loading=\"lazy\" decoding=\"async\" width=\"1350\" height=\"300\" class=\"wp-block-cover__image-background wp-image-48192\" alt=\"\" src=\"https:\/\/foreverliving.hemsida.eu\/wp-content\/uploads\/2024\/12\/PET_Drinks_Cover_n_1350x300.jpg\" data-object-fit=\"cover\" srcset=\"https:\/\/foreverliving.hemsida.eu\/wp-content\/uploads\/2024\/12\/PET_Drinks_Cover_n_1350x300.jpg 1350w, https:\/\/foreverliving.hemsida.eu\/wp-content\/uploads\/2024\/12\/PET_Drinks_Cover_n_1350x300-300x67.jpg 300w, https:\/\/foreverliving.hemsida.eu\/wp-content\/uploads\/2024\/12\/PET_Drinks_Cover_n_1350x300-1024x228.jpg 1024w, https:\/\/foreverliving.hemsida.eu\/wp-content\/uploads\/2024\/12\/PET_Drinks_Cover_n_1350x300-768x171.jpg 768w, https:\/\/foreverliving.hemsida.eu\/wp-content\/uploads\/2024\/12\/PET_Drinks_Cover_n_1350x300-50x11.jpg 50w\" sizes=\"auto, (max-width: 1350px) 100vw, 1350px\" \/><div class=\"wp-block-cover__inner-container is-layout-flow wp-block-cover-is-layout-flow\">\n<p class=\"has-text-align-center has-large-font-size\"><\/p>\n<\/div><\/div>\n\n<\/div><\/div><\/div>\n<\/div>\n<\/div><\/div>\n\n<div class=\"gb-container gb-container-9428800b\"><div class=\"gb-inside-container\">\n<div class=\"gb-container gb-container-3773bde5\"><div class=\"gb-inside-container\">\n<div class=\"gb-container gb-container-3f79ee98\"><div class=\"gb-inside-container\">\n<div class=\"gb-grid-wrapper gb-grid-wrapper-03e26d0a\">\n<div class=\"gb-grid-column gb-grid-column-9bccc2f5\"><div class=\"gb-container gb-container-9bccc2f5\"><div class=\"gb-inside-container\">\n\n<h1 class=\"gb-headline gb-headline-8a4620b7 gb-headline-text\">Aloe vera -juomat hyvinvointiin<\/h1>\n\n\n\n<p class=\"gb-headline gb-headline-f573a3fa gb-headline-text\"><strong>Meid\u00e4n mielest\u00e4mme itsest\u00e4\u00e4n huolehtimisen ei pid\u00e4 olla vaikeaa. Siksi haluamme tarjota sinulle mahdollisuuksia ja vaihtoehtoja, jotka edist\u00e4v\u00e4t terveytt\u00e4 ja hyvinvointia. Nelj\u00e4 Aloe vera -juomaamme helpottavat matkan aloittamista ja kurssin pit\u00e4mist\u00e4 tavoitteita kohti.<\/strong><\/p>\n\n<\/div><\/div><\/div>\n<\/div>\n<\/div><\/div>\n<\/div><\/div>\n\n<div class=\"gb-container gb-container-6ca0bd86\"><div class=\"gb-inside-container\">\n<div class=\"gb-grid-wrapper gb-grid-wrapper-6cd84a99\">\n<div class=\"gb-grid-column gb-grid-column-20ec01a6\"><div class=\"gb-container gb-container-20ec01a6\"><div class=\"gb-inside-container\">\n\n<p class=\"gb-headline gb-headline-ebcf10fa gb-headline-text\">Apu on usein tervetullutta, kun tarvitset tehostartin kohti terveellisemp\u00e4\u00e4 el\u00e4m\u00e4ntyyli\u00e4.<br><br>Ehk\u00e4 pid\u00e4t eniten alkuper\u00e4isest\u00e4 tai sinuun vetoaa hieman hapokkaampi maku. Tai haluat jotain makeampaa, kuten persikkaa tai trooppista mangoa. Olipa valintasi mik\u00e4 tahansa nelj\u00e4st\u00e4 maustamme, kaikki juomat sis\u00e4lt\u00e4v\u00e4t runsaasti Aloe veran hienointa sis\u00e4geeli\u00e4 ja lis\u00e4ksi C-vitamiinia. Sen sijaan ne eiv\u00e4t sis\u00e4ll\u00e4 lainkaan makeutus-, v\u00e4ri- tai s\u00e4il\u00f6nt\u00e4aineita.<br><br>Mielenrauhan vuoksi juomat on pakattu ymp\u00e4rist\u00f6yst\u00e4v\u00e4lliseen Tetra Pak -pakkaukseen, jonka voi kierr\u00e4tt\u00e4\u00e4.<\/p>\n\n<\/div><\/div><\/div>\n\n<div class=\"gb-grid-column gb-grid-column-1d202bdd\"><div class=\"gb-container gb-container-1d202bdd\"><div class=\"gb-inside-container\">\n<div class=\"gb-container gb-container-d8296fe8\"><div class=\"gb-inside-container\">\n\n<p class=\"gb-headline gb-headline-df246610 gb-headline-text\"><strong>Myyntivinkki!<\/strong><\/p>\n\n\n<div class=\"gb-container gb-container-87c10190\"><div class=\"gb-inside-container\">\n\n<ul class=\"wp-block-list has-normal-font-size\">\n<li><strong>4 herkullista makua<\/strong><\/li>\n\n\n\n<li><strong><strong>Sis\u00e4lt\u00e4\u00e4 C-vitamiinia, joka muun muassa auttaa v\u00e4hent\u00e4m\u00e4\u00e4n v\u00e4symyst\u00e4 ja uupumusta ja edist\u00e4\u00e4 solujen suojaamista hapettumisstressilt\u00e4<\/strong><\/strong><\/li>\n\n\n\n<li><strong><strong><strong><strong>Ei sis\u00e4ll\u00e4 makeutus-, v\u00e4ri- tai s\u00e4il\u00f6nt\u00e4aineita<\/strong><\/strong><\/strong><\/strong><\/li>\n<\/ul>\n\n<\/div><\/div>\n<\/div><\/div>\n<\/div><\/div><\/div>\n<\/div>\n<\/div><\/div>\n<\/div><\/div>\n\n<div class=\"gb-container gb-container-ce80a48d\"><div class=\"gb-inside-container\">\n<div class=\"gb-grid-wrapper gb-grid-wrapper-cb3f5e82\">\n<div class=\"gb-grid-column gb-grid-column-f95a8b40\"><div class=\"gb-container gb-container-f95a8b40\"><div class=\"gb-inside-container\">\n\n<div class=\"wp-block-cover is-light\" style=\"min-height:400px;aspect-ratio:unset;\"><span aria-hidden=\"true\" class=\"wp-block-cover__background has-background-dim-0 has-background-dim\" style=\"background-color:#aead91\"><\/span><img loading=\"lazy\" decoding=\"async\" width=\"450\" height=\"400\" class=\"wp-block-cover__image-background wp-image-48160\" alt=\"\" src=\"https:\/\/foreverliving.hemsida.eu\/wp-content\/uploads\/2024\/12\/PET_Original_450x400.jpg\" data-object-fit=\"cover\" srcset=\"https:\/\/foreverliving.hemsida.eu\/wp-content\/uploads\/2024\/12\/PET_Original_450x400.jpg 450w, https:\/\/foreverliving.hemsida.eu\/wp-content\/uploads\/2024\/12\/PET_Original_450x400-300x267.jpg 300w, https:\/\/foreverliving.hemsida.eu\/wp-content\/uploads\/2024\/12\/PET_Original_450x400-50x44.jpg 50w\" sizes=\"auto, (max-width: 450px) 100vw, 450px\" \/><div class=\"wp-block-cover__inner-container is-layout-flow wp-block-cover-is-layout-flow\">\n<p class=\"has-text-align-center has-large-font-size\"><\/p>\n<\/div><\/div>\n\n\n\n<p class=\"gb-headline gb-headline-b9aef595 gb-headline-text\"><strong>Forever Aloe Vera Gel<\/strong><\/p>\n\n\n\n<p class=\"gb-headline gb-headline-bedd21f2 gb-headline-text\">Suursuosittu ravintolis\u00e4mme! Luonnollinen Aloe vera -juoma koostuu k\u00e4sin poimitusta ja t\u00e4ydellisen kyps\u00e4n\u00e4 korjatusta Aloe verasta. Saatavilla 1 litraa ja 330 ml.<\/p>\n\n\n<div class=\"gb-container gb-container-3b7580cb\"><div class=\"gb-inside-container\">\n<div style=\"gap: 20px;\" class=\"align-button-center ub-buttons orientation-button-row ub-flex-wrap wp-block-ub-button\" id=\"ub-button-38df6c3f-5f2f-4eab-acf7-f108a6b83269\"><div class=\"ub-button-container\">\n\t\t\t<a href=\"https:\/\/shopnow.foreverliving.com\/fin\/fi-fi\/products\/drinks\/715-FOREVER-ALOE-VERA-GEL\" target=\"_blank\" rel=\"noopener noreferrer\" class=\"ub-button-block-main   ub-button-flex\" role=\"button\" style=\"--ub-button-background-color: #ffffff; --ub-button-color: #000000; --ub-button-border: none; --ub-button-hover-background-color: #313131; --ub-button-hover-color: #ffffff; --ub-button-hover-border: none; padding-top: 10px; padding-right: 10px; padding-bottom: 10px; padding-left: 10px; border-top-left-radius: 0px;; border-top-right-radius: 0px;; border-bottom-left-radius: 0px;; border-bottom-right-radius: 0px;; \">\n\t\t\t\t<div class=\"ub-button-content-holder\" style=\"flex-direction: row\">\n\t\t\t\t\t<span class=\"ub-button-block-btn\"><strong>OSTA T\u00c4\u00c4LT\u00c4<\/strong> <\/span>\n\t\t\t\t<\/div>\n\t\t\t<\/a>\n\t\t<\/div><\/div>\n<\/div><\/div>\n<\/div><\/div><\/div>\n\n<div class=\"gb-grid-column gb-grid-column-f8a01a5e\"><div class=\"gb-container gb-container-f8a01a5e\"><div class=\"gb-inside-container\">\n\n<div class=\"wp-block-cover is-light\" style=\"min-height:400px;aspect-ratio:unset;\"><span aria-hidden=\"true\" class=\"wp-block-cover__background has-background-dim-0 has-background-dim\" style=\"background-color:#d0aeb1\"><\/span><img loading=\"lazy\" decoding=\"async\" width=\"450\" height=\"400\" class=\"wp-block-cover__image-background wp-image-48164\" alt=\"\" src=\"https:\/\/foreverliving.hemsida.eu\/wp-content\/uploads\/2024\/12\/PET_Berry_450x400.jpg\" data-object-fit=\"cover\" srcset=\"https:\/\/foreverliving.hemsida.eu\/wp-content\/uploads\/2024\/12\/PET_Berry_450x400.jpg 450w, https:\/\/foreverliving.hemsida.eu\/wp-content\/uploads\/2024\/12\/PET_Berry_450x400-300x267.jpg 300w, https:\/\/foreverliving.hemsida.eu\/wp-content\/uploads\/2024\/12\/PET_Berry_450x400-50x44.jpg 50w\" sizes=\"auto, (max-width: 450px) 100vw, 450px\" \/><div class=\"wp-block-cover__inner-container is-layout-flow wp-block-cover-is-layout-flow\">\n<p class=\"has-text-align-center has-large-font-size\"><\/p>\n<\/div><\/div>\n\n\n\n<p class=\"gb-headline gb-headline-7e8218de gb-headline-text\"><strong><strong>Forever Aloe Berry Nectar<\/strong><\/strong><\/p>\n\n\n\n<p class=\"gb-headline gb-headline-50eda688 gb-headline-text\">Maukas Aloe vera -juoma, joka maistuu karpalolle ja omenalle. Saatavilla 1 litraa ja 330 ml.<\/p>\n\n\n<div class=\"gb-container gb-container-db67fbd6\"><div class=\"gb-inside-container\">\n<div style=\"gap: 20px;\" class=\"align-button-center ub-buttons orientation-button-row ub-flex-wrap wp-block-ub-button\" id=\"ub-button-838fc455-166b-41c5-ae48-3ebd39cb6afd\"><div class=\"ub-button-container\">\n\t\t\t<a href=\"https:\/\/shopnow.foreverliving.com\/fin\/fi-fi\/products\/drinks\/734-FOREVER-ALOE-BERRY-NECTAR\" target=\"_blank\" rel=\"noopener noreferrer\" class=\"ub-button-block-main   ub-button-flex\" role=\"button\" style=\"--ub-button-background-color: #ffffff; --ub-button-color: #000000; --ub-button-border: none; --ub-button-hover-background-color: #313131; --ub-button-hover-color: #ffffff; --ub-button-hover-border: none; padding-top: 10px; padding-right: 10px; padding-bottom: 10px; padding-left: 10px; border-top-left-radius: 0px;; border-top-right-radius: 0px;; border-bottom-left-radius: 0px;; border-bottom-right-radius: 0px;; \">\n\t\t\t\t<div class=\"ub-button-content-holder\" style=\"flex-direction: row\">\n\t\t\t\t\t<span class=\"ub-button-block-btn\"><strong>OSTA T\u00c4\u00c4LT\u00c4<\/strong><\/span>\n\t\t\t\t<\/div>\n\t\t\t<\/a>\n\t\t<\/div><\/div>\n<\/div><\/div>\n<\/div><\/div><\/div>\n<\/div>\n\n<div class=\"gb-container gb-container-b4099ae6\"><div class=\"gb-inside-container\">\n<div class=\"gb-grid-wrapper gb-grid-wrapper-521b32b9\">\n<div class=\"gb-grid-column gb-grid-column-3cbf1455\"><div class=\"gb-container gb-container-3cbf1455\"><div class=\"gb-inside-container\">\n\n<div class=\"wp-block-cover is-light\" style=\"min-height:400px;aspect-ratio:unset;\"><span aria-hidden=\"true\" class=\"wp-block-cover__background has-background-dim-0 has-background-dim\" style=\"background-color:#e9b884\"><\/span><img loading=\"lazy\" decoding=\"async\" width=\"450\" height=\"400\" class=\"wp-block-cover__image-background wp-image-48168\" alt=\"\" src=\"https:\/\/foreverliving.hemsida.eu\/wp-content\/uploads\/2024\/12\/PET_Peaches_450x400.jpg\" data-object-fit=\"cover\" srcset=\"https:\/\/foreverliving.hemsida.eu\/wp-content\/uploads\/2024\/12\/PET_Peaches_450x400.jpg 450w, https:\/\/foreverliving.hemsida.eu\/wp-content\/uploads\/2024\/12\/PET_Peaches_450x400-300x267.jpg 300w, https:\/\/foreverliving.hemsida.eu\/wp-content\/uploads\/2024\/12\/PET_Peaches_450x400-50x44.jpg 50w\" sizes=\"auto, (max-width: 450px) 100vw, 450px\" \/><div class=\"wp-block-cover__inner-container is-layout-flow wp-block-cover-is-layout-flow\">\n<p class=\"has-text-align-center has-large-font-size\"><\/p>\n<\/div><\/div>\n\n\n\n<p class=\"gb-headline gb-headline-b2560e02 gb-headline-text\"><strong>Forever Aloe Peaches<\/strong><\/p>\n\n\n\n<p class=\"gb-headline gb-headline-fe380e92 gb-headline-text\">Hedelm\u00e4inen, makean persikan makuinen versio myyntisuosikistamme Aloe vera -juomasta. Saatavilla 1 litraa ja 330 ml.&nbsp;<\/p>\n\n\n<div class=\"gb-container gb-container-037782d5\"><div class=\"gb-inside-container\">\n<div style=\"gap: 20px;\" class=\"align-button-center ub-buttons orientation-button-row ub-flex-wrap wp-block-ub-button\" id=\"ub-button-6e93ab62-9845-469d-a61e-480aece0cada\"><div class=\"ub-button-container\">\n\t\t\t<a href=\"https:\/\/shopnow.foreverliving.com\/fin\/fi-fi\/products\/drinks\/777-FOREVER-ALOE-BITS-N-PEACHES\" target=\"_blank\" rel=\"noopener noreferrer\" class=\"ub-button-block-main   ub-button-flex\" role=\"button\" style=\"--ub-button-background-color: #ffffff; --ub-button-color: #000000; --ub-button-border: none; --ub-button-hover-background-color: #313131; --ub-button-hover-color: #ffffff; --ub-button-hover-border: none; padding-top: 10px; padding-right: 10px; padding-bottom: 10px; padding-left: 10px; border-top-left-radius: 0px;; border-top-right-radius: 0px;; border-bottom-left-radius: 0px;; border-bottom-right-radius: 0px;; \">\n\t\t\t\t<div class=\"ub-button-content-holder\" style=\"flex-direction: row\">\n\t\t\t\t\t<span class=\"ub-button-block-btn\"><strong>OSTA T\u00c4\u00c4LT\u00c4<\/strong><\/span>\n\t\t\t\t<\/div>\n\t\t\t<\/a>\n\t\t<\/div><\/div>\n<\/div><\/div>\n<\/div><\/div><\/div>\n\n<div class=\"gb-grid-column gb-grid-column-eaeec34e\"><div class=\"gb-container gb-container-eaeec34e\"><div class=\"gb-inside-container\">\n\n<div class=\"wp-block-cover is-light\" style=\"min-height:400px;aspect-ratio:unset;\"><span aria-hidden=\"true\" class=\"wp-block-cover__background has-background-dim-0 has-background-dim\" style=\"background-color:#ddbe88\"><\/span><img loading=\"lazy\" decoding=\"async\" width=\"450\" height=\"400\" class=\"wp-block-cover__image-background wp-image-48172\" alt=\"\" src=\"https:\/\/foreverliving.hemsida.eu\/wp-content\/uploads\/2024\/12\/PET_Mango_450x400.jpg\" data-object-fit=\"cover\" srcset=\"https:\/\/foreverliving.hemsida.eu\/wp-content\/uploads\/2024\/12\/PET_Mango_450x400.jpg 450w, https:\/\/foreverliving.hemsida.eu\/wp-content\/uploads\/2024\/12\/PET_Mango_450x400-300x267.jpg 300w, https:\/\/foreverliving.hemsida.eu\/wp-content\/uploads\/2024\/12\/PET_Mango_450x400-50x44.jpg 50w\" sizes=\"auto, (max-width: 450px) 100vw, 450px\" \/><div class=\"wp-block-cover__inner-container is-layout-flow wp-block-cover-is-layout-flow\">\n<p class=\"has-text-align-center has-large-font-size\"><\/p>\n<\/div><\/div>\n\n\n\n<p class=\"gb-headline gb-headline-d0f3bc44 gb-headline-text\"><strong>Forever Aloe Mango<\/strong><\/p>\n\n\n\n<p class=\"gb-headline gb-headline-978c4c6a gb-headline-text\">Hedelm\u00e4inen, trooppisen mangon makuinen versio myyntisuosikistamme Aloe vera -juomasta. Saatavilla 1 litraa.<\/p>\n\n\n<div class=\"gb-container gb-container-d5a37f64\"><div class=\"gb-inside-container\">\n<div style=\"gap: 20px;\" class=\"align-button-center ub-buttons orientation-button-row ub-flex-wrap wp-block-ub-button\" id=\"ub-button-5413221e-a265-4e1f-85ca-59b54ab86661\"><div class=\"ub-button-container\">\n\t\t\t<a href=\"https:\/\/shopnow.foreverliving.com\/fin\/fi-fi\/products\/drinks\/736-FOREVER-ALOE-MANGO\" target=\"_blank\" rel=\"noopener noreferrer\" class=\"ub-button-block-main   ub-button-flex\" role=\"button\" style=\"--ub-button-background-color: #ffffff; --ub-button-color: #000000; --ub-button-border: none; --ub-button-hover-background-color: #313131; --ub-button-hover-color: #ffffff; --ub-button-hover-border: none; padding-top: 10px; padding-right: 10px; padding-bottom: 10px; padding-left: 10px; border-top-left-radius: 0px;; border-top-right-radius: 0px;; border-bottom-left-radius: 0px;; border-bottom-right-radius: 0px;; \">\n\t\t\t\t<div class=\"ub-button-content-holder\" style=\"flex-direction: row\">\n\t\t\t\t\t<span class=\"ub-button-block-btn\"><strong>OSTA T\u00c4\u00c4LT\u00c4<\/strong><\/span>\n\t\t\t\t<\/div>\n\t\t\t<\/a>\n\t\t<\/div><\/div>\n<\/div><\/div>\n<\/div><\/div><\/div>\n<\/div>\n<\/div><\/div>\n<\/div><\/div>\n\n<div class=\"gb-container gb-container-cfcde2a9\"><div class=\"gb-inside-container\">\n<div class=\"gb-grid-wrapper gb-grid-wrapper-f644c62d\">\n<div class=\"gb-grid-column gb-grid-column-ab7437b4\"><div class=\"gb-container gb-container-ab7437b4\"><div class=\"gb-inside-container\">\n\n<p class=\"gb-headline gb-headline-58f4a058 gb-headline-text\"><strong>C-vitamiinin hyv\u00e4ksytyt terveysv\u00e4itteet<\/strong><\/p>\n\n\n\n<p class=\"gb-headline gb-headline-f34284bf gb-headline-text\"><strong>C-vitamiini edist\u00e4\u00e4:<\/strong><\/p>\n\n\n<div class=\"gb-container gb-container-df37992c\"><div class=\"gb-inside-container\">\n\n<ul class=\"wp-block-list\">\n<li>Edist\u00e4\u00e4 normaalia kollageenin muodostumista verisuonten normaalia toimintaa varten.<\/li>\n\n\n\n<li>Edist\u00e4\u00e4 normaalia kollageenin muodostumista luuston normaalia toimintaa varten.<\/li>\n\n\n\n<li>Edist\u00e4\u00e4 normaalia kollageenin muodostumista rustojen normaalia toimintaa varten.<\/li>\n\n\n\n<li>Edist\u00e4\u00e4 normaalia kollageenin muodostumista ikenien normaalia toimintaa varten.<\/li>\n\n\n\n<li>Edist\u00e4\u00e4 normaalia kollageenin muodostumista ihon normaalia toimintaa varten.<\/li>\n\n\n\n<li>Edist\u00e4\u00e4 normaalia kollageenin muodostumista hampaiden normaalia toimintaa varten.<\/li>\n\n\n\n<li>Edist\u00e4\u00e4 normaalia energia-aineenvaihduntaa.<\/li>\n\n\n\n<li>Edist\u00e4\u00e4 hermoston normaalia toimintaa.<\/li>\n\n\n\n<li>Edist\u00e4\u00e4 normaaleja psykologisia toimintoja.<\/li>\n\n\n\n<li>Edist\u00e4\u00e4 immuunij\u00e4rjestelm\u00e4n normaalia toimintaa.<\/li>\n\n\n\n<li>Edist\u00e4\u00e4 solujen suojaamista hapettumisstressilt\u00e4.<\/li>\n\n\n\n<li>Auttaa v\u00e4hent\u00e4m\u00e4\u00e4n v\u00e4symyst\u00e4 ja uupumusta.<\/li>\n\n\n\n<li>Edist\u00e4\u00e4 E-vitamiinin palautumista pelkistyneeseen muotoon.<\/li>\n\n\n\n<li>C-vitamiini lis\u00e4\u00e4 raudan imeytymist\u00e4.<\/li>\n<\/ul>\n\n<\/div><\/div>\n<\/div><\/div><\/div>\n<\/div>\n<\/div><\/div>\n\n<div class=\"gb-container gb-container-77ee552d\"><div class=\"gb-inside-container\">\n<div class=\"gb-grid-wrapper gb-grid-wrapper-abb98fc0\">\n<div class=\"gb-grid-column gb-grid-column-0394cc6b\"><div class=\"gb-container gb-container-0394cc6b\"><div class=\"gb-inside-container\">\n\n<div class=\"wp-block-cover is-light hide-mobile\"><span aria-hidden=\"true\" class=\"wp-block-cover__background has-background-dim-0 has-background-dim\" style=\"background-color:#bfb29b\"><\/span><img loading=\"lazy\" decoding=\"async\" width=\"880\" height=\"500\" class=\"wp-block-cover__image-background wp-image-48215\" alt=\"\" src=\"https:\/\/foreverliving.hemsida.eu\/wp-content\/uploads\/2024\/12\/PET_bottom_880x500.jpg\" data-object-fit=\"cover\" srcset=\"https:\/\/foreverliving.hemsida.eu\/wp-content\/uploads\/2024\/12\/PET_bottom_880x500.jpg 880w, https:\/\/foreverliving.hemsida.eu\/wp-content\/uploads\/2024\/12\/PET_bottom_880x500-300x170.jpg 300w, https:\/\/foreverliving.hemsida.eu\/wp-content\/uploads\/2024\/12\/PET_bottom_880x500-768x436.jpg 768w, https:\/\/foreverliving.hemsida.eu\/wp-content\/uploads\/2024\/12\/PET_bottom_880x500-50x28.jpg 50w\" sizes=\"auto, (max-width: 880px) 100vw, 880px\" \/><div class=\"wp-block-cover__inner-container is-layout-flow wp-block-cover-is-layout-flow\">\n<p class=\"has-text-align-center has-large-font-size\"><\/p>\n<\/div><\/div>\n\n<\/div><\/div><\/div>\n\n<div class=\"gb-grid-column gb-grid-column-c4ac9a3f\"><div class=\"gb-container gb-container-c4ac9a3f\"><div class=\"gb-inside-container\">\n\n<div class=\"wp-block-cover is-light hide-mobile\"><span aria-hidden=\"true\" class=\"wp-block-cover__background has-background-dim-0 has-background-dim\"><\/span><img loading=\"lazy\" decoding=\"async\" width=\"880\" height=\"500\" class=\"wp-block-cover__image-background wp-image-12741\" alt=\"\" src=\"https:\/\/prod-cdn-portal.foreverliving.se\/wp-content\/uploads\/2022\/12\/Aloe_bottom_880x500.jpg\" style=\"object-position:49% 51%\" data-object-fit=\"cover\" data-object-position=\"49% 51%\" srcset=\"https:\/\/foreverliving.hemsida.eu\/wp-content\/uploads\/2022\/12\/Aloe_bottom_880x500.jpg 880w, https:\/\/foreverliving.hemsida.eu\/wp-content\/uploads\/2022\/12\/Aloe_bottom_880x500-768x436.jpg 768w\" sizes=\"auto, (max-width: 880px) 100vw, 880px\" \/><div class=\"wp-block-cover__inner-container is-layout-flow wp-block-cover-is-layout-flow\">\n<p class=\"has-text-align-center has-large-font-size\"><\/p>\n<\/div><\/div>\n\n<\/div><\/div><\/div>\n\n<div class=\"gb-grid-column gb-grid-column-5aa94bf2\"><div class=\"gb-container gb-container-5aa94bf2\"><div class=\"gb-inside-container\">\n\n<div class=\"wp-block-cover is-light\"><span aria-hidden=\"true\" class=\"wp-block-cover__background has-background-dim-0 has-background-dim\"><\/span><img loading=\"lazy\" decoding=\"async\" width=\"880\" height=\"500\" class=\"wp-block-cover__image-background wp-image-12756\" alt=\"\" src=\"https:\/\/prod-cdn-portal.foreverliving.se\/wp-content\/uploads\/2022\/12\/Tetra_Mini_bottom_880x500-1.jpg\" style=\"object-position:41% 51%\" data-object-fit=\"cover\" data-object-position=\"41% 51%\" srcset=\"https:\/\/foreverliving.hemsida.eu\/wp-content\/uploads\/2022\/12\/Tetra_Mini_bottom_880x500-1.jpg 880w, https:\/\/foreverliving.hemsida.eu\/wp-content\/uploads\/2022\/12\/Tetra_Mini_bottom_880x500-1-768x436.jpg 768w\" sizes=\"auto, (max-width: 880px) 100vw, 880px\" \/><div class=\"wp-block-cover__inner-container is-layout-flow wp-block-cover-is-layout-flow\">\n<p class=\"has-text-align-center has-large-font-size\"><\/p>\n<\/div><\/div>\n\n<\/div><\/div><\/div>\n<\/div>\n<\/div><\/div>","protected":false},"excerpt":{"rendered":"","protected":false},"author":8,"featured_media":0,"parent":0,"menu_order":67,"comment_status":"closed","ping_status":"closed","template":"","meta":{"_acf_changed":false,"_eb_attr":"","_crsspst_to_flhemsidaeu":false,"inline_featured_image":false,"pgc_sgb_lightbox_settings":"","footnotes":""},"class_list":["post-14798","page","type-page","status-publish","hentry"],"featured_image_src":null,"acf":[],"publishpress_future_action":{"enabled":false,"date":"2026-05-05 00:39:14","action":"change-status","newStatus":"draft","terms":[],"taxonomy":"translation_priority","extraData":[]},"publishpress_future_workflow_manual_trigger":{"enabledWorkflows":[]},"_links":{"self":[{"href":"https:\/\/foreverliving.hemsida.eu\/fi\/wp-json\/wp\/v2\/pages\/14798","targetHints":{"allow":["GET"]}}],"collection":[{"href":"https:\/\/foreverliving.hemsida.eu\/fi\/wp-json\/wp\/v2\/pages"}],"about":[{"href":"https:\/\/foreverliving.hemsida.eu\/fi\/wp-json\/wp\/v2\/types\/page"}],"author":[{"embeddable":true,"href":"https:\/\/foreverliving.hemsida.eu\/fi\/wp-json\/wp\/v2\/users\/8"}],"replies":[{"embeddable":true,"href":"https:\/\/foreverliving.hemsida.eu\/fi\/wp-json\/wp\/v2\/comments?post=14798"}],"version-history":[{"count":0,"href":"https:\/\/foreverliving.hemsida.eu\/fi\/wp-json\/wp\/v2\/pages\/14798\/revisions"}],"wp:attachment":[{"href":"https:\/\/foreverliving.hemsida.eu\/fi\/wp-json\/wp\/v2\/media?parent=14798"}],"curies":[{"name":"wp","href":"https:\/\/api.w.org\/{rel}","templated":true}]}}