
{"id":14804,"date":"2022-08-02T10:14:06","date_gmt":"2022-08-02T08:14:06","guid":{"rendered":"https:\/\/prod-cdn-portal.foreverliving.se\/challenget\/"},"modified":"2023-06-30T15:35:55","modified_gmt":"2023-06-30T13:35:55","slug":"challenget","status":"publish","type":"page","link":"https:\/\/foreverliving.hemsida.eu\/fi\/challenget\/","title":{"rendered":"Challenget"},"content":{"rendered":"<div class=\"gb-container gb-container-035c6f1a\"><div class=\"gb-inside-container\">\n<div class=\"gb-grid-wrapper gb-grid-wrapper-4be89976\">\n<div class=\"gb-grid-column gb-grid-column-d29c0253\"><div class=\"gb-container gb-container-d29c0253\"><div class=\"gb-inside-container\">\n\n<div class=\"wp-block-cover aligncenter is-light\"><span aria-hidden=\"true\" class=\"wp-block-cover__background has-background-dim-0 has-background-dim\"><\/span><img loading=\"lazy\" decoding=\"async\" width=\"1350\" height=\"300\" class=\"wp-block-cover__image-background wp-image-10082\" alt=\"\" src=\"https:\/\/prod-cdn-portal.foreverliving.se\/wp-content\/uploads\/2022\/11\/Challenge_Cover3_1350x300.jpg\" style=\"object-position:39% 43%\" data-object-fit=\"cover\" data-object-position=\"39% 43%\" srcset=\"https:\/\/foreverliving.hemsida.eu\/wp-content\/uploads\/2022\/11\/Challenge_Cover3_1350x300.jpg 1350w, https:\/\/foreverliving.hemsida.eu\/wp-content\/uploads\/2022\/11\/Challenge_Cover3_1350x300-768x171.jpg 768w\" sizes=\"auto, (max-width: 1350px) 100vw, 1350px\" \/><div class=\"wp-block-cover__inner-container is-layout-flow wp-block-cover-is-layout-flow\">\n<p class=\"has-text-align-center has-large-font-size\"><\/p>\n<\/div><\/div>\n\n<\/div><\/div><\/div>\n<\/div>\n<\/div><\/div>\n\n<div class=\"gb-container gb-container-ef5fc611\"><div class=\"gb-inside-container\">\n<div class=\"gb-grid-wrapper gb-grid-wrapper-124b05c0\">\n<div class=\"gb-grid-column gb-grid-column-b3ec0e0a\"><div class=\"gb-container gb-container-b3ec0e0a\"><div class=\"gb-inside-container\">\n\n<h1 class=\"gb-headline gb-headline-764d911a gb-headline-text\" id=\"challenges\">CHALLENGET<\/h1>\n\n\n\n<p class=\"gb-headline gb-headline-631e7570 gb-headline-text\"><strong>Challenget on tarkoitettu Forever Business Ownerien motivoimiseen. Aiheena voi olla tuotemyynti, uusien tiiminj\u00e4senten rekrytointi tai jokin muu haaste, joka on suoritettava tiettyn\u00e4 aikana.&nbsp;<\/strong><\/p>\n\n<\/div><\/div><\/div>\n<\/div>\n<\/div><\/div>\n\n<div class=\"gb-container gb-container-04a68838\"><div class=\"gb-inside-container\">\n<div class=\"gb-grid-wrapper gb-grid-wrapper-fe5542e4\">\n<div class=\"gb-grid-column gb-grid-column-d9ffe4f0\"><div class=\"gb-container gb-container-d9ffe4f0\"><div class=\"gb-inside-container\">\n\n<p class=\"gb-headline gb-headline-de3716c2 gb-headline-text\">J\u00e4rjest\u00e4mme aina silloin t\u00e4ll\u00f6in Challengeja FBO:ille. P\u00e4tev\u00f6ityminen edellytt\u00e4\u00e4 tiettyjen kriteerien t\u00e4ytt\u00e4mist\u00e4 m\u00e4\u00e4ritetyll\u00e4 ajanjaksolla. Vaatimuksena voi olla esimerkiksi uusien, Assistant Supervisor -tasolle ylt\u00e4vien FBO:iden rekrytointi tai tietyn henkil\u00f6kohtaisen CC-pistem\u00e4\u00e4r\u00e4n saavuttaminen. Usein Challengessa onnistuminen edellytt\u00e4\u00e4 useiden vaatimusten t\u00e4ytt\u00e4mist\u00e4.<\/p>\n\n<\/div><\/div><\/div>\n\n<div class=\"gb-grid-column gb-grid-column-cfcec9d3\"><div class=\"gb-container gb-container-cfcec9d3\"><div class=\"gb-inside-container\">\n\n<div class=\"wp-block-cover is-light\" style=\"min-height:225px;aspect-ratio:unset;\"><span aria-hidden=\"true\" class=\"wp-block-cover__background has-background-dim-0 has-background-dim\"><\/span><img loading=\"lazy\" decoding=\"async\" width=\"450\" height=\"225\" class=\"wp-block-cover__image-background wp-image-11502\" alt=\"\" src=\"https:\/\/prod-cdn-portal.foreverliving.se\/wp-content\/uploads\/2022\/12\/Challenges_450x225-1.jpg\" style=\"object-position:50% 41%\" data-object-fit=\"cover\" data-object-position=\"50% 41%\"\/><div class=\"wp-block-cover__inner-container is-layout-flow wp-block-cover-is-layout-flow\">\n<p class=\"has-text-align-center has-large-font-size\"><\/p>\n<\/div><\/div>\n\n<\/div><\/div><\/div>\n<\/div>\n<\/div><\/div>\n\n<div class=\"gb-container gb-container-b3878245\"><div class=\"gb-inside-container\">\n<div class=\"gb-grid-wrapper gb-grid-wrapper-951aa30b\">\n<div class=\"gb-grid-column gb-grid-column-10c17814\"><div class=\"gb-container gb-container-10c17814\"><div class=\"gb-inside-container\">\n\n<h2 class=\"gb-headline gb-headline-8a07e922 gb-headline-text\">MOTIVOINTIA JA BOOSTIA<\/h2>\n\n\n\n<p class=\"gb-headline gb-headline-7e66eaf7 gb-headline-text\">Palkintona voi esimerkiksi olla osallistuminen kokop\u00e4iv\u00e4tapahtumaan Linnassa, tapahtumalippuja tai Foreverin logolla varustettuja tuotteita. J\u00e4rjest\u00e4mme sek\u00e4 pitk\u00e4kestoisia Challengeja, jotka kest\u00e4v\u00e4t useita kuukausia, ett\u00e4 lyhyit\u00e4 Challengeja. Tavoite on kuitenkin aina sama: motivoida sinua ponnistelemaan hieman enemm\u00e4n liiketoimintasi kasvattamiseksi.<\/p>\n\n<\/div><\/div><\/div>\n<\/div>\n<\/div><\/div>","protected":false},"excerpt":{"rendered":"","protected":false},"author":5,"featured_media":0,"parent":0,"menu_order":147,"comment_status":"closed","ping_status":"closed","template":"","meta":{"_acf_changed":false,"_eb_attr":"","_crsspst_to_flhemsidaeu":false,"inline_featured_image":false,"pgc_sgb_lightbox_settings":"","footnotes":""},"class_list":["post-14804","page","type-page","status-publish","hentry"],"featured_image_src":null,"acf":[],"publishpress_future_action":{"enabled":false,"date":"2026-05-05 00:39:13","action":"change-status","newStatus":"draft","terms":[],"taxonomy":"translation_priority","extraData":[]},"publishpress_future_workflow_manual_trigger":{"enabledWorkflows":[]},"_links":{"self":[{"href":"https:\/\/foreverliving.hemsida.eu\/fi\/wp-json\/wp\/v2\/pages\/14804","targetHints":{"allow":["GET"]}}],"collection":[{"href":"https:\/\/foreverliving.hemsida.eu\/fi\/wp-json\/wp\/v2\/pages"}],"about":[{"href":"https:\/\/foreverliving.hemsida.eu\/fi\/wp-json\/wp\/v2\/types\/page"}],"author":[{"embeddable":true,"href":"https:\/\/foreverliving.hemsida.eu\/fi\/wp-json\/wp\/v2\/users\/5"}],"replies":[{"embeddable":true,"href":"https:\/\/foreverliving.hemsida.eu\/fi\/wp-json\/wp\/v2\/comments?post=14804"}],"version-history":[{"count":0,"href":"https:\/\/foreverliving.hemsida.eu\/fi\/wp-json\/wp\/v2\/pages\/14804\/revisions"}],"wp:attachment":[{"href":"https:\/\/foreverliving.hemsida.eu\/fi\/wp-json\/wp\/v2\/media?parent=14804"}],"curies":[{"name":"wp","href":"https:\/\/api.w.org\/{rel}","templated":true}]}}