
{"id":14892,"date":"2022-11-25T13:48:16","date_gmt":"2022-11-25T12:48:16","guid":{"rendered":"https:\/\/prod-cdn-portal.foreverliving.se\/forever2drive\/"},"modified":"2024-11-29T09:22:59","modified_gmt":"2024-11-29T08:22:59","slug":"forever2drive","status":"publish","type":"page","link":"https:\/\/foreverliving.hemsida.eu\/fi\/forever2drive\/","title":{"rendered":"Forever2Drive"},"content":{"rendered":"<div class=\"gb-container gb-container-ee946b66\"><div class=\"gb-inside-container\">\n<div class=\"gb-container gb-container-2d26200a\"><div class=\"gb-inside-container\">\n<div class=\"gb-grid-wrapper gb-grid-wrapper-2a23c4d5\">\n<div class=\"gb-grid-column gb-grid-column-876e381f\"><div class=\"gb-container gb-container-876e381f\"><div class=\"gb-inside-container\">\n\n<div class=\"wp-block-cover is-light small-mobile-hero\"><span aria-hidden=\"true\" class=\"wp-block-cover__background has-background-dim-0 has-background-dim\"><\/span><img loading=\"lazy\" decoding=\"async\" width=\"1200\" height=\"470\" class=\"wp-block-cover__image-background wp-image-11660\" alt=\"\" src=\"https:\/\/prod-cdn-portal.foreverliving.se\/wp-content\/uploads\/2022\/12\/Forever2Drive_Incentives_ToppbildNY_1200x470px.jpg\" style=\"object-position:26% 30%\" data-object-fit=\"cover\" data-object-position=\"26% 30%\" srcset=\"https:\/\/foreverliving.hemsida.eu\/wp-content\/uploads\/2022\/12\/Forever2Drive_Incentives_ToppbildNY_1200x470px.jpg 1200w, https:\/\/foreverliving.hemsida.eu\/wp-content\/uploads\/2022\/12\/Forever2Drive_Incentives_ToppbildNY_1200x470px-768x301.jpg 768w\" sizes=\"auto, (max-width: 1200px) 100vw, 1200px\" \/><div class=\"wp-block-cover__inner-container is-layout-flow wp-block-cover-is-layout-flow\">\n<p class=\"has-text-align-center has-large-font-size\"><\/p>\n<\/div><\/div>\n\n<\/div><\/div><\/div>\n<\/div>\n<\/div><\/div>\n\n<div class=\"gb-container gb-container-182ee245\"><div class=\"gb-inside-container\">\n\n<h1 class=\"gb-headline gb-headline-77453f22 gb-headline-text\" id=\"forever2drive\">FOREVER2DRIVE<\/h1>\n\n<\/div><\/div>\n\n<div class=\"gb-container gb-container-db48afbb\"><div class=\"gb-inside-container\">\n\n<p class=\"gb-headline gb-headline-d6e06dda gb-headline-text\" id=\"ett-motivationsprogram\"><strong>Earned Incentive on motivointiohjelma Manager-tason saavuttaneille j\u00e4lleenmyyjille. Se antaa sinulle joka kuukausi lis\u00e4tuloa, jonka voit sijoittaa mihin ikin\u00e4 haluatkin antaaksesi arjelle kultareunuksen.<\/strong><\/p>\n\n\n<div class=\"gb-container gb-container-6a1330dc\"><div class=\"gb-inside-container\">\n<div class=\"gb-grid-wrapper gb-grid-wrapper-2d3f10e2\">\n<div class=\"gb-grid-column gb-grid-column-c32bbcaf\"><div class=\"gb-container gb-container-c32bbcaf\"><div class=\"gb-inside-container\">\n\n<h2 class=\"gb-headline gb-headline-a13f7138 gb-headline-text\" id=\"kvalificeringskrav\">P\u00c4TEV\u00d6ITYMISVAATIMUKSET<\/h2>\n\n\n<div class=\"gb-container gb-container-6e865b26\"><div class=\"gb-inside-container\">\n\n<p class=\"has-normal-font-size\">Voit saavuttaa kolme eri tasoa 36 kuukauden aikana. Voit p\u00e4tev\u00f6ity\u00e4 kolmen kuukauden ajanjakson aikana t\u00e4ytt\u00e4m\u00e4ll\u00e4 seuraavat tasokohtaiset CC-pistevaatimukset:<\/p>\n\n<\/div><\/div>\n\n<div class=\"gb-container gb-container-d9cb2bff\"><div class=\"gb-inside-container\">\n<div class=\"gb-container gb-container-073a1379\"><div class=\"gb-inside-container\">\n<div class=\"gb-container gb-container-54276cf7\"><div class=\"gb-inside-container\">\n\n<figure class=\"wp-block-table is-style-stripes has-large-font-size\"><table class=\"has-fixed-layout\"><thead><tr><th class=\"has-text-align-left\" data-align=\"left\"><\/th><th class=\"has-text-align-center\" data-align=\"center\">Taso 1<\/th><th class=\"has-text-align-center\" data-align=\"center\">Taso 2<\/th><th class=\"has-text-align-center\" data-align=\"center\">Taso 3<\/th><\/tr><\/thead><tbody><tr><td class=\"has-text-align-left\" data-align=\"left\"> <strong>Ensimm\u00e4inen kuukausi<\/strong><\/td><td class=\"has-text-align-center\" data-align=\"center\">50 CC<\/td><td class=\"has-text-align-center\" data-align=\"center\">75 CC<\/td><td class=\"has-text-align-center\" data-align=\"center\">100 CC<\/td><\/tr><tr><td class=\"has-text-align-left\" data-align=\"left\"> <strong>Toinen kuukausi<\/strong><\/td><td class=\"has-text-align-center\" data-align=\"center\">100 CC<\/td><td class=\"has-text-align-center\" data-align=\"center\">150 CC<\/td><td class=\"has-text-align-center\" data-align=\"center\">200 CC<\/td><\/tr><tr><td class=\"has-text-align-left\" data-align=\"left\"> <strong>Kolmas kuukausi<\/strong><\/td><td class=\"has-text-align-center\" data-align=\"center\">150 CC<\/td><td class=\"has-text-align-center\" data-align=\"center\">225 CC<\/td><td class=\"has-text-align-center\" data-align=\"center\">300 CC<\/td><\/tr><\/tbody><tfoot><tr><td class=\"has-text-align-left\" data-align=\"left\"><br><\/td><td class=\"has-text-align-center\" data-align=\"center\"><\/td><td class=\"has-text-align-center\" data-align=\"center\"><\/td><td class=\"has-text-align-center\" data-align=\"center\"><\/td><\/tr><\/tfoot><\/table><\/figure>\n\n<\/div><\/div>\n<\/div><\/div>\n<\/div><\/div>\n\n<div class=\"gb-container gb-container-9782776e\"><div class=\"gb-inside-container\">\n\n<div class=\"wp-block-cover is-light\"><span aria-hidden=\"true\" class=\"wp-block-cover__background has-background-dim-0 has-background-dim\"><\/span><img loading=\"lazy\" decoding=\"async\" width=\"1000\" height=\"470\" class=\"wp-block-cover__image-background wp-image-11674\" alt=\"\" src=\"https:\/\/prod-cdn-portal.foreverliving.se\/wp-content\/uploads\/2022\/12\/Forever2Drive_Incentives_Bild2NY2_1000x470px.jpg\" style=\"object-position:37% 50%\" data-object-fit=\"cover\" data-object-position=\"37% 50%\" srcset=\"https:\/\/foreverliving.hemsida.eu\/wp-content\/uploads\/2022\/12\/Forever2Drive_Incentives_Bild2NY2_1000x470px.jpg 1000w, https:\/\/foreverliving.hemsida.eu\/wp-content\/uploads\/2022\/12\/Forever2Drive_Incentives_Bild2NY2_1000x470px-768x361.jpg 768w\" sizes=\"auto, (max-width: 1000px) 100vw, 1000px\" \/><div class=\"wp-block-cover__inner-container is-layout-flow wp-block-cover-is-layout-flow\">\n<p class=\"has-text-align-center has-large-font-size\"><\/p>\n\n\n<div class=\"gb-container gb-container-4713e837\"><div class=\"gb-inside-container\"><\/div><\/div><\/div><\/div>\n\n<\/div><\/div>\n<\/div><\/div><\/div>\n<\/div>\n<\/div><\/div>\n<\/div><\/div>\n\n<div class=\"gb-container gb-container-f80a4d1e\"><div class=\"gb-inside-container\">\n<div class=\"gb-container gb-container-a2f8974e\"><div class=\"gb-inside-container\">\n<div class=\"gb-grid-wrapper gb-grid-wrapper-5717a6a2\">\n<div class=\"gb-grid-column gb-grid-column-4e00bcc7\"><div class=\"gb-container gb-container-4e00bcc7\"><div class=\"gb-inside-container\">\n\n<h2 class=\"gb-headline gb-headline-3fd3a413 gb-headline-text\" id=\"kvalificeringskrav\"><strong>MAKSETUT SUMMAT<\/strong><\/h2>\n\n\n<div class=\"gb-container gb-container-4e9e56bc\"><div class=\"gb-inside-container\">\n\n<p class=\"has-normal-font-size\">Seuraavat summat maksetaan eri tasoille kuukaudessa 36 kuukauden aikana. <\/p>\n\n<\/div><\/div>\n\n<div class=\"gb-container gb-container-529ab8f3\"><div class=\"gb-inside-container\">\n<div class=\"gb-container gb-container-e2c3a112\"><div class=\"gb-inside-container\">\n<div class=\"gb-container gb-container-49fec6c0\"><div class=\"gb-inside-container\">\n\n<figure class=\"wp-block-table is-style-stripes has-large-font-size\"><table><thead><tr><th class=\"has-text-align-center\" data-align=\"center\">Taso 1<\/th><th class=\"has-text-align-center\" data-align=\"center\">Taso 2<\/th><th class=\"has-text-align-center\" data-align=\"center\">Taso 3<\/th><\/tr><\/thead><tbody><tr><td class=\"has-text-align-center\" data-align=\"center\">400 Yhdysvaltain dollaria<\/td><td class=\"has-text-align-center\" data-align=\"center\">600 Yhdysvaltain dollaria<\/td><td class=\"has-text-align-center\" data-align=\"center\">800 Yhdysvaltain dollaria<\/td><\/tr><\/tbody><\/table><\/figure>\n\n<\/div><\/div>\n<\/div><\/div>\n<\/div><\/div>\n<\/div><\/div><\/div>\n<\/div>\n\n<div class=\"gb-container gb-container-a4cfd0e0\"><div class=\"gb-inside-container\">\n\n<p class=\"gb-headline gb-headline-16a57b63 gb-headline-text\"><strong><a href=\"https:\/\/foreverliving.com\/account\/fin\/fi-fi\/dashboard\/tools\" target=\"_blank\" rel=\"noreferrer noopener\">Lue lis\u00e4\u00e4 aiheesta ja mahdollisista poikkeuksista Company Policy. <\/a><\/strong><\/p>\n\n<\/div><\/div>\n<\/div><\/div>\n<\/div><\/div>\n<\/div><\/div>\n\n\n<p><\/p>\n","protected":false},"excerpt":{"rendered":"<p>FOREVER2DRIVE Earned Incentive on motivointiohjelma Manager-tason saavuttaneille j\u00e4lleenmyyjille. Se antaa sinulle joka kuukausi lis\u00e4tuloa, jonka voit sijoittaa mihin ikin\u00e4 haluatkin antaaksesi arjelle kultareunuksen. Lue lis\u00e4\u00e4 aiheesta ja mahdollisista poikkeuksista Company [&hellip;]<\/p>\n","protected":false},"author":4,"featured_media":0,"parent":0,"menu_order":188,"comment_status":"closed","ping_status":"closed","template":"","meta":{"_acf_changed":false,"_eb_attr":"","_crsspst_to_flhemsidaeu":false,"inline_featured_image":false,"pgc_sgb_lightbox_settings":"","footnotes":""},"class_list":["post-14892","page","type-page","status-publish","hentry"],"featured_image_src":null,"acf":[],"publishpress_future_action":{"enabled":false,"date":"2026-05-05 00:39:14","action":"change-status","newStatus":"draft","terms":[],"taxonomy":"translation_priority","extraData":[]},"publishpress_future_workflow_manual_trigger":{"enabledWorkflows":[]},"_links":{"self":[{"href":"https:\/\/foreverliving.hemsida.eu\/fi\/wp-json\/wp\/v2\/pages\/14892","targetHints":{"allow":["GET"]}}],"collection":[{"href":"https:\/\/foreverliving.hemsida.eu\/fi\/wp-json\/wp\/v2\/pages"}],"about":[{"href":"https:\/\/foreverliving.hemsida.eu\/fi\/wp-json\/wp\/v2\/types\/page"}],"author":[{"embeddable":true,"href":"https:\/\/foreverliving.hemsida.eu\/fi\/wp-json\/wp\/v2\/users\/4"}],"replies":[{"embeddable":true,"href":"https:\/\/foreverliving.hemsida.eu\/fi\/wp-json\/wp\/v2\/comments?post=14892"}],"version-history":[{"count":0,"href":"https:\/\/foreverliving.hemsida.eu\/fi\/wp-json\/wp\/v2\/pages\/14892\/revisions"}],"wp:attachment":[{"href":"https:\/\/foreverliving.hemsida.eu\/fi\/wp-json\/wp\/v2\/media?parent=14892"}],"curies":[{"name":"wp","href":"https:\/\/api.w.org\/{rel}","templated":true}]}}