
{"id":15414,"date":"2022-06-09T15:13:54","date_gmt":"2022-06-09T13:13:54","guid":{"rendered":"https:\/\/prod-cdn-portal.foreverliving.se\/alkaa\/"},"modified":"2025-09-22T10:32:08","modified_gmt":"2025-09-22T08:32:08","slug":"alkaa","status":"publish","type":"page","link":"https:\/\/foreverliving.hemsida.eu\/fi\/","title":{"rendered":"ALKAA"},"content":{"rendered":"<div class=\"gb-container gb-container-773811d9\"><div class=\"gb-inside-container\">\n<div class=\"gb-grid-wrapper gb-grid-wrapper-8b774d11\">\n<div class=\"gb-grid-column gb-grid-column-734fad99\"><div class=\"gb-container gb-container-734fad99\"><div class=\"gb-inside-container\">\n\n<div class=\"wp-block-cover has-custom-content-position is-position-bottom-center\"><span aria-hidden=\"true\" class=\"wp-block-cover__background has-pale-pink-background-color has-background-dim-0 has-background-dim\"><\/span><img loading=\"lazy\" decoding=\"async\" width=\"550\" height=\"425\" class=\"wp-block-cover__image-background wp-image-56026\" alt=\"\" src=\"https:\/\/foreverliving.hemsida.eu\/wp-content\/uploads\/2025\/08\/Locic_550x425.jpg\" data-object-fit=\"cover\" srcset=\"https:\/\/foreverliving.hemsida.eu\/wp-content\/uploads\/2025\/08\/Locic_550x425.jpg 550w, https:\/\/foreverliving.hemsida.eu\/wp-content\/uploads\/2025\/08\/Locic_550x425-300x232.jpg 300w, https:\/\/foreverliving.hemsida.eu\/wp-content\/uploads\/2025\/08\/Locic_550x425-50x39.jpg 50w\" sizes=\"auto, (max-width: 550px) 100vw, 550px\" \/><div class=\"wp-block-cover__inner-container is-layout-flow wp-block-cover-is-layout-flow\">\n<h1 class=\"gb-headline gb-headline-65a13bbf gb-headline-text\"><\/h1>\n\n\n\n<div style=\"height:100px\" aria-hidden=\"true\" class=\"wp-block-spacer\"><\/div>\n\n\n<div class=\"gb-container gb-container-c3e03ded\"><div class=\"gb-inside-container\">\n<div style=\"gap: 20px;\" class=\"align-button-center ub-buttons orientation-button-row ub-flex-wrap wp-block-ub-button\" id=\"ub-button-f94def42-7299-4cb8-abbe-47127b1e9664\"><div class=\"ub-button-container\">\n\t\t\t<a href=\"https:\/\/foreverliving.hemsida.eu\/logic-by-forever\/\" target=\"_self\" class=\"ub-button-block-main   ub-button-flex\" role=\"button\" style=\"--ub-button-background-color: #ffffff; --ub-button-color: #000000; --ub-button-border: none; --ub-button-hover-background-color: #ffffff; --ub-button-hover-color: #000000; --ub-button-hover-border: none; padding-top: 10px; padding-right: 10px; padding-bottom: 10px; padding-left: 10px; border-top-left-radius: 0px;; border-top-right-radius: 0px;; border-bottom-left-radius: 0px;; border-bottom-right-radius: 0px;; \">\n\t\t\t\t<div class=\"ub-button-content-holder\" style=\"flex-direction: row\">\n\t\t\t\t\t<span class=\"ub-button-block-btn\"><span style=\"color: inherit;\"><strong><strong><strong><strong><strong><strong><strong><strong><strong><strong><strong><strong><strong><strong><strong><strong><strong><strong><strong><strong><strong><strong>AINUTLAATUINEN TULOS<\/strong><\/strong><\/strong><\/strong><\/strong><\/strong><\/strong><\/strong><\/strong><\/strong><\/strong><\/strong><\/strong><\/strong><\/strong><\/strong><\/strong><\/strong><\/strong><\/strong><\/strong><\/strong><\/span><\/span>\n\t\t\t\t<\/div>\n\t\t\t<\/a>\n\t\t<\/div><\/div>\n<\/div><\/div><\/div><\/div>\n\n<\/div><\/div><\/div>\n\n<div class=\"gb-grid-column gb-grid-column-17cca2c2\"><div class=\"gb-container gb-container-17cca2c2\"><div class=\"gb-inside-container\">\n\n<div class=\"wp-block-cover is-light has-custom-content-position is-position-bottom-center\"><span aria-hidden=\"true\" class=\"wp-block-cover__background has-pale-cyan-blue-background-color has-background-dim-0 has-background-dim\"><\/span><img loading=\"lazy\" decoding=\"async\" width=\"550\" height=\"425\" class=\"wp-block-cover__image-background wp-image-57190\" alt=\"\" src=\"https:\/\/foreverliving.hemsida.eu\/wp-content\/uploads\/2025\/09\/Christmas_ScandSite_550x425.jpg\" data-object-fit=\"cover\" srcset=\"https:\/\/foreverliving.hemsida.eu\/wp-content\/uploads\/2025\/09\/Christmas_ScandSite_550x425.jpg 550w, https:\/\/foreverliving.hemsida.eu\/wp-content\/uploads\/2025\/09\/Christmas_ScandSite_550x425-300x232.jpg 300w, https:\/\/foreverliving.hemsida.eu\/wp-content\/uploads\/2025\/09\/Christmas_ScandSite_550x425-50x39.jpg 50w\" sizes=\"auto, (max-width: 550px) 100vw, 550px\" \/><div class=\"wp-block-cover__inner-container is-layout-flow wp-block-cover-is-layout-flow\">\n<h1 class=\"gb-headline gb-headline-f0a47f4c gb-headline-text\"><\/h1>\n\n\n\n<div style=\"height:100px\" aria-hidden=\"true\" class=\"wp-block-spacer\"><\/div>\n\n\n<div class=\"gb-container gb-container-e1b8a17f\"><div class=\"gb-inside-container\">\n<div style=\"gap: 20px;\" class=\"align-button-center ub-buttons orientation-button-row ub-flex-wrap wp-block-ub-button\" id=\"ub-button-89d4d90e-7954-4008-8cab-2b8e67012f2c\"><div class=\"ub-button-container\">\n\t\t\t<a href=\"https:\/\/foreverliving.hemsida.eu\/hyvaa-joulua\" target=\"_self\" class=\"ub-button-block-main   ub-button-flex\" role=\"button\" style=\"--ub-button-background-color: #ffffff; --ub-button-color: #000000; --ub-button-border: none; --ub-button-hover-background-color: #ffffff; --ub-button-hover-color: #000000; --ub-button-hover-border: none; padding-top: 10px; padding-right: 10px; padding-bottom: 10px; padding-left: 10px; border-top-left-radius: 0px;; border-top-right-radius: 0px;; border-bottom-left-radius: 0px;; border-bottom-right-radius: 0px;; \">\n\t\t\t\t<div class=\"ub-button-content-holder\" style=\"flex-direction: row\">\n\t\t\t\t\t<span class=\"ub-button-block-btn\"><strong><strong><strong><strong><strong><strong><strong><strong><strong><strong><strong>MAKSIMOI JOULUMYYNTI <\/strong><\/strong><\/strong><\/strong><\/strong><\/strong><\/strong><\/strong><\/strong><\/strong><\/strong><\/span>\n\t\t\t\t<\/div>\n\t\t\t<\/a>\n\t\t<\/div><\/div>\n<\/div><\/div><\/div><\/div>\n\n<\/div><\/div><\/div>\n<\/div>\n\n<div class=\"gb-grid-wrapper gb-grid-wrapper-5bde4aa7\">\n<div class=\"gb-grid-column gb-grid-column-a29b42e1\"><div class=\"gb-container gb-container-a29b42e1\"><div class=\"gb-inside-container\">\n\n<div class=\"wp-block-cover is-light has-custom-content-position is-position-bottom-center crop-image\" style=\"min-height:365px;aspect-ratio:unset;\"><span aria-hidden=\"true\" class=\"wp-block-cover__background has-background-dim-0 has-background-dim\" style=\"background-color:#fee5a0\"><\/span><img loading=\"lazy\" decoding=\"async\" width=\"365\" height=\"365\" class=\"wp-block-cover__image-background wp-image-56034\" alt=\"\" src=\"https:\/\/foreverliving.hemsida.eu\/wp-content\/uploads\/2025\/08\/Forever_Absorbent_D_365x365-1.jpg\" data-object-fit=\"cover\" srcset=\"https:\/\/foreverliving.hemsida.eu\/wp-content\/uploads\/2025\/08\/Forever_Absorbent_D_365x365-1.jpg 365w, https:\/\/foreverliving.hemsida.eu\/wp-content\/uploads\/2025\/08\/Forever_Absorbent_D_365x365-1-300x300.jpg 300w, https:\/\/foreverliving.hemsida.eu\/wp-content\/uploads\/2025\/08\/Forever_Absorbent_D_365x365-1-150x150.jpg 150w, https:\/\/foreverliving.hemsida.eu\/wp-content\/uploads\/2025\/08\/Forever_Absorbent_D_365x365-1-50x50.jpg 50w\" sizes=\"auto, (max-width: 365px) 100vw, 365px\" \/><div class=\"wp-block-cover__inner-container is-layout-flow wp-block-cover-is-layout-flow\"><div class=\"gb-container gb-container-2cd4c6da\"><div class=\"gb-inside-container\">\n<div style=\"gap: 20px;\" class=\"align-button-center ub-buttons orientation-button-row ub-flex-wrap wp-block-ub-button\" id=\"ub-button-10b347e1-8b59-4dd0-87ac-60288c92dd26\"><div class=\"ub-button-container\">\n\t\t\t<a href=\"https:\/\/foreverliving.com\/shop\/fin\/fi-fi\/products\/nutritional\/672-FOREVER-ABSORBENT-D\" target=\"_blank\" rel=\"noopener noreferrer\" class=\"ub-button-block-main   ub-button-flex\" role=\"button\" style=\"--ub-button-background-color: #ffffff; --ub-button-color: #000000; --ub-button-border: none; --ub-button-hover-background-color: #ffffff; --ub-button-hover-color: #000000; --ub-button-hover-border: none; padding-top: 10px; padding-right: 10px; padding-bottom: 10px; padding-left: 10px; border-top-left-radius: 0px;; border-top-right-radius: 0px;; border-bottom-left-radius: 0px;; border-bottom-right-radius: 0px;; \">\n\t\t\t\t<div class=\"ub-button-content-holder\" style=\"flex-direction: row\">\n\t\t\t\t\t<span class=\"ub-button-block-btn\"><span style=\"color: inherit;\"><strong><strong><strong><strong><strong><strong><strong><strong><strong><strong><strong><strong><strong><strong><strong><strong><strong><strong><strong><strong><strong><strong>AURINKOVITAMIINI<\/strong><\/strong><\/strong><\/strong><\/strong><\/strong><\/strong><\/strong><\/strong><\/strong><\/strong><\/strong><\/strong><\/strong><\/strong><\/strong><\/strong><\/strong><\/strong><\/strong><\/strong><\/strong><\/span><\/span>\n\t\t\t\t<\/div>\n\t\t\t<\/a>\n\t\t<\/div><\/div>\n<\/div><\/div><\/div><\/div>\n\n<\/div><\/div><\/div>\n\n<div class=\"gb-grid-column gb-grid-column-e5f11903\"><div class=\"gb-container gb-container-e5f11903\"><div class=\"gb-inside-container\">\n\n<div class=\"wp-block-cover is-light has-custom-content-position is-position-bottom-center crop-image\" style=\"min-height:365px;aspect-ratio:unset;\"><span aria-hidden=\"true\" class=\"wp-block-cover__background has-background-dim-0 has-background-dim\" style=\"background-color:#e3d3f2\"><\/span><img loading=\"lazy\" decoding=\"async\" width=\"365\" height=\"365\" class=\"wp-block-cover__image-background wp-image-54889\" alt=\"\" src=\"https:\/\/foreverliving.hemsida.eu\/wp-content\/uploads\/2025\/07\/Challenge_2026_toppbild_365x365-2.png\" data-object-fit=\"cover\" srcset=\"https:\/\/foreverliving.hemsida.eu\/wp-content\/uploads\/2025\/07\/Challenge_2026_toppbild_365x365-2.png 365w, https:\/\/foreverliving.hemsida.eu\/wp-content\/uploads\/2025\/07\/Challenge_2026_toppbild_365x365-2-300x300.png 300w, https:\/\/foreverliving.hemsida.eu\/wp-content\/uploads\/2025\/07\/Challenge_2026_toppbild_365x365-2-150x150.png 150w, https:\/\/foreverliving.hemsida.eu\/wp-content\/uploads\/2025\/07\/Challenge_2026_toppbild_365x365-2-50x50.png 50w\" sizes=\"auto, (max-width: 365px) 100vw, 365px\" \/><div class=\"wp-block-cover__inner-container is-layout-flow wp-block-cover-is-layout-flow\"><div class=\"gb-container gb-container-bdaccdfa\"><div class=\"gb-inside-container\">\n<div style=\"gap: 20px;\" class=\"align-button-center ub-buttons orientation-button-row ub-flex-wrap wp-block-ub-button\" id=\"ub-button-a777d13f-d62d-48b1-83ad-daf47f78e586\"><div class=\"ub-button-container\">\n\t\t\t<a href=\"https:\/\/foreverliving.hemsida.eu\/challenge-scandinavian-gathering-2\/\" target=\"_self\" class=\"ub-button-block-main   ub-button-flex\" role=\"button\" style=\"--ub-button-background-color: #ffffff; --ub-button-color: #000000; --ub-button-border: none; --ub-button-hover-background-color: #ffffff; --ub-button-hover-color: #000000; --ub-button-hover-border: none; padding-top: 10px; padding-right: 10px; padding-bottom: 10px; padding-left: 10px; border-top-left-radius: 0px;; border-top-right-radius: 0px;; border-bottom-left-radius: 0px;; border-bottom-right-radius: 0px;; \">\n\t\t\t\t<div class=\"ub-button-content-holder\" style=\"flex-direction: row\">\n\t\t\t\t\t<span class=\"ub-button-block-btn\"><strong><strong><strong><strong><strong><strong><strong><strong><span style=\"color: inherit;\"><strong><strong><strong><strong><strong><strong><strong><strong><strong><strong><strong><strong><strong><strong><strong><strong><strong><strong><strong><strong><strong><strong><strong><strong><strong><strong><strong><strong><strong><strong>LUE LIS\u00c4\u00c4<\/strong><\/strong><\/strong><\/strong><\/strong><\/strong><\/strong><\/strong><\/strong><\/strong><\/strong><\/strong><\/strong><\/strong><\/strong><\/strong><\/strong><\/strong><\/strong><\/strong><\/strong><\/strong><\/strong><\/strong><\/strong><\/strong><\/strong><\/strong><\/strong><\/strong><\/span><\/strong><\/strong><\/strong><\/strong><\/strong><\/strong><\/strong><\/strong>     <\/span>\n\t\t\t\t<\/div>\n\t\t\t<\/a>\n\t\t<\/div><\/div>\n<\/div><\/div><\/div><\/div>\n\n<\/div><\/div><\/div>\n\n<div class=\"gb-grid-column gb-grid-column-83a52a2e\"><div class=\"gb-container gb-container-83a52a2e\"><div class=\"gb-inside-container\">\n\n<div class=\"wp-block-cover has-custom-content-position is-position-bottom-center crop-image\" style=\"min-height:365px;aspect-ratio:unset;\"><span aria-hidden=\"true\" class=\"wp-block-cover__background has-background-dim-0 has-background-dim\" style=\"background-color:#9cfdd9\"><\/span><img loading=\"lazy\" decoding=\"async\" width=\"365\" height=\"365\" class=\"wp-block-cover__image-background wp-image-56038\" alt=\"\" src=\"https:\/\/foreverliving.hemsida.eu\/wp-content\/uploads\/2025\/08\/Business_Recruite_365x365-1.jpg\" data-object-fit=\"cover\" srcset=\"https:\/\/foreverliving.hemsida.eu\/wp-content\/uploads\/2025\/08\/Business_Recruite_365x365-1.jpg 365w, https:\/\/foreverliving.hemsida.eu\/wp-content\/uploads\/2025\/08\/Business_Recruite_365x365-1-300x300.jpg 300w, https:\/\/foreverliving.hemsida.eu\/wp-content\/uploads\/2025\/08\/Business_Recruite_365x365-1-150x150.jpg 150w, https:\/\/foreverliving.hemsida.eu\/wp-content\/uploads\/2025\/08\/Business_Recruite_365x365-1-50x50.jpg 50w\" sizes=\"auto, (max-width: 365px) 100vw, 365px\" \/><div class=\"wp-block-cover__inner-container is-layout-flow wp-block-cover-is-layout-flow\"><div class=\"gb-container gb-container-9ff53d10\"><div class=\"gb-inside-container\">\n<div style=\"gap: 20px;\" class=\"align-button-center ub-buttons orientation-button-row ub-flex-wrap wp-block-ub-button\" id=\"ub-button-5ae90939-b37c-40e3-92c8-c42ab08eb413\"><div class=\"ub-button-container\">\n\t\t\t<a href=\"https:\/\/foreverliving.hemsida.eu\/rekrytointi\/\" target=\"_self\" class=\"ub-button-block-main   ub-button-flex\" role=\"button\" style=\"--ub-button-background-color: #ffffff; --ub-button-color: #000000; --ub-button-border: none; --ub-button-hover-background-color: #ffffff; --ub-button-hover-color: #000000; --ub-button-hover-border: none; padding-top: 10px; padding-right: 10px; padding-bottom: 10px; padding-left: 10px; border-top-left-radius: 0px;; border-top-right-radius: 0px;; border-bottom-left-radius: 0px;; border-bottom-right-radius: 0px;; \">\n\t\t\t\t<div class=\"ub-button-content-holder\" style=\"flex-direction: row\">\n\t\t\t\t\t<span class=\"ub-button-block-btn\"><strong><strong>REKRYTOI FIKSUSTI <\/strong><span style=\"color: inherit;\"><\/span><\/strong><\/span>\n\t\t\t\t<\/div>\n\t\t\t<\/a>\n\t\t<\/div><\/div>\n<\/div><\/div><\/div><\/div>\n\n<\/div><\/div><\/div>\n<\/div>\n<\/div><\/div>\n\n<div class=\"gb-container gb-container-ba71b013\"><div class=\"gb-inside-container\">\n<div class=\"gb-grid-wrapper gb-grid-wrapper-d6e4ed53\">\n<div class=\"gb-grid-column gb-grid-column-5dcdb5ba\"><div class=\"gb-container gb-container-5dcdb5ba\"><div class=\"gb-inside-container\">\n\n<h1 class=\"gb-headline gb-headline-d6237baa gb-headline-text\">UUSIMMAT UUTISET<\/h1>\n\n<\/div><\/div><\/div>\n<\/div>\n<\/div><\/div>\n\n<div class=\"gb-container gb-container-19f45553\"><div class=\"gb-inside-container\">\n<section class=\"wp-block-ub-post-grid ub-block-post-grid align  is-equal-height preserve-post-image-aspect-ratio\" style=\"\" id=\"ub-post-grid-\"><div class=\"ub-post-grid-items is-list\" style=\"row-gap: 32px; column-gap: 32px; \"><article id=\"post-55972\" class=\"ub-post-grid-item post-55972 post type-post status-publish format-standard has-post-thumbnail hentry category-senaste-nytt-fi\" style=\"\"><div class=\"ub-block-post-grid-image\" style=\"\"><a href=\"https:\/\/foreverliving.hemsida.eu\/fi\/blog\/2025\/08\/25\/esittelyssa-renewing-skin-creme\/\" rel=\"bookmark\" aria-hidden=\"true\" tabindex=\"-1\"><img loading=\"lazy\" decoding=\"async\" width=\"1920\" height=\"1080\" src=\"https:\/\/foreverliving.hemsida.eu\/wp-content\/uploads\/2025\/08\/LAN_renewing_skin_creme_ScandSite.jpg\" class=\"attachment-full size-full\" alt=\"\" style=\"max-width: 600px; \" srcset=\"https:\/\/foreverliving.hemsida.eu\/wp-content\/uploads\/2025\/08\/LAN_renewing_skin_creme_ScandSite.jpg 1920w, https:\/\/foreverliving.hemsida.eu\/wp-content\/uploads\/2025\/08\/LAN_renewing_skin_creme_ScandSite-300x169.jpg 300w, https:\/\/foreverliving.hemsida.eu\/wp-content\/uploads\/2025\/08\/LAN_renewing_skin_creme_ScandSite-1024x576.jpg 1024w, https:\/\/foreverliving.hemsida.eu\/wp-content\/uploads\/2025\/08\/LAN_renewing_skin_creme_ScandSite-768x432.jpg 768w, https:\/\/foreverliving.hemsida.eu\/wp-content\/uploads\/2025\/08\/LAN_renewing_skin_creme_ScandSite-50x28.jpg 50w, https:\/\/foreverliving.hemsida.eu\/wp-content\/uploads\/2025\/08\/LAN_renewing_skin_creme_ScandSite-1600x900.jpg 1600w, https:\/\/foreverliving.hemsida.eu\/wp-content\/uploads\/2025\/08\/LAN_renewing_skin_creme_ScandSite-1536x864.jpg 1536w\" sizes=\"auto, (max-width: 1920px) 100vw, 1920px\"><\/a><\/div><div class=\"ub-block-post-grid-text\" style=\"\"><div class=\"ub-block-post-grid-header-content\"><header class=\"ub-block-post-grid-header\"><h2 class=\"ub-block-post-grid-title\"><a style=\"\" href=\"https:\/\/foreverliving.hemsida.eu\/fi\/blog\/2025\/08\/25\/esittelyssa-renewing-skin-creme\/\" rel=\"bookmark\">Esittelyss\u00e4: renewing skin cr\u00e8me<\/a><\/h2><time datetime=\"2025-08-25T10:00:00+02:00\" class=\"ub-block-post-grid-date\" style=\"\" itemprop=\"datePublished\">25.8.2025<\/time><\/header><\/div><div class=\"ub-block-post-grid-excerpt\"><div class=\"ub-block-post-grid-excerpt-text\" style=\"\"><p>Sinivalkoinen t\u00e4sm\u00e4ihonhoitosarjamme on saanut uuden hoitavan ja kosteuttavan lis\u00e4yksen, renewing skin cr\u00e8men. Voide on t\u00e4ydellinen pirist\u00e4j\u00e4 kasvoille, joiden iho tuntuu kuivalta ja elottomalta. Se sis\u00e4lt\u00e4\u00e4 lukuisia ihoa hoitavia ainesosia, kuten omaa Aloe veraamme.  <\/p>\n<\/div><p><a class=\"ub-block-post-grid-more-link ub-text-link\" style=\"\" href=\"https:\/\/foreverliving.hemsida.eu\/fi\/blog\/2025\/08\/25\/esittelyssa-renewing-skin-creme\/\" rel=\"bookmark\">Lue lis\u00e4\u00e4 <span class=\"screen-reader-text\">Esittelyss\u00e4: renewing skin cr\u00e8me<\/span><\/a><\/p><\/div><\/div><\/article>\n<article id=\"post-54980\" class=\"ub-post-grid-item post-54980 post type-post status-publish format-standard has-post-thumbnail hentry category-senaste-nytt-fi\" style=\"\"><div class=\"ub-block-post-grid-image\" style=\"\"><a href=\"https:\/\/foreverliving.hemsida.eu\/fi\/blog\/2025\/07\/11\/awakening-eye-creamin-uusi-koostumus\/\" rel=\"bookmark\" aria-hidden=\"true\" tabindex=\"-1\"><img loading=\"lazy\" decoding=\"async\" width=\"1920\" height=\"1080\" src=\"https:\/\/foreverliving.hemsida.eu\/wp-content\/uploads\/2025\/07\/ScandSite_awakening_eye_cream.jpg\" class=\"attachment-full size-full\" alt=\"\" style=\"max-width: 600px; \" srcset=\"https:\/\/foreverliving.hemsida.eu\/wp-content\/uploads\/2025\/07\/ScandSite_awakening_eye_cream.jpg 1920w, https:\/\/foreverliving.hemsida.eu\/wp-content\/uploads\/2025\/07\/ScandSite_awakening_eye_cream-300x169.jpg 300w, https:\/\/foreverliving.hemsida.eu\/wp-content\/uploads\/2025\/07\/ScandSite_awakening_eye_cream-1024x576.jpg 1024w, https:\/\/foreverliving.hemsida.eu\/wp-content\/uploads\/2025\/07\/ScandSite_awakening_eye_cream-768x432.jpg 768w, https:\/\/foreverliving.hemsida.eu\/wp-content\/uploads\/2025\/07\/ScandSite_awakening_eye_cream-50x28.jpg 50w, https:\/\/foreverliving.hemsida.eu\/wp-content\/uploads\/2025\/07\/ScandSite_awakening_eye_cream-1600x900.jpg 1600w, https:\/\/foreverliving.hemsida.eu\/wp-content\/uploads\/2025\/07\/ScandSite_awakening_eye_cream-1536x864.jpg 1536w\" sizes=\"auto, (max-width: 1920px) 100vw, 1920px\"><\/a><\/div><div class=\"ub-block-post-grid-text\" style=\"\"><div class=\"ub-block-post-grid-header-content\"><header class=\"ub-block-post-grid-header\"><h2 class=\"ub-block-post-grid-title\"><a style=\"\" href=\"https:\/\/foreverliving.hemsida.eu\/fi\/blog\/2025\/07\/11\/awakening-eye-creamin-uusi-koostumus\/\" rel=\"bookmark\">Awakening eye creamin uusi koostumus<\/a><\/h2><time datetime=\"2025-07-11T14:00:00+02:00\" class=\"ub-block-post-grid-date\" style=\"\" itemprop=\"datePublished\">11.7.2025<\/time><\/header><\/div><div class=\"ub-block-post-grid-excerpt\"><div class=\"ub-block-post-grid-excerpt-text\" style=\"\"><p>Suosittu awakening eye cream on nyt entist\u00e4kin parempi. T\u00e4m\u00e4 kosteutta s\u00e4ilytt\u00e4v\u00e4 ja kiinteytt\u00e4v\u00e4 suosikki on saanut pienen muutoksen koostumukseensa. Kosteuttava ainesosa isoamyl laurate on korvattu coco-caprylate\/capratella, joka on kookosp\u00e4hkin\u00e4st\u00e4 uutettu ainesosa.  <\/p>\n<\/div><p><a class=\"ub-block-post-grid-more-link ub-text-link\" style=\"\" href=\"https:\/\/foreverliving.hemsida.eu\/fi\/blog\/2025\/07\/11\/awakening-eye-creamin-uusi-koostumus\/\" rel=\"bookmark\">Lue lis\u00e4\u00e4 <span class=\"screen-reader-text\">Awakening eye creamin uusi koostumus<\/span><\/a><\/p><\/div><\/div><\/article>\n<article id=\"post-54623\" class=\"ub-post-grid-item post-54623 post type-post status-publish format-standard has-post-thumbnail hentry category-senaste-nytt-fi\" style=\"\"><div class=\"ub-block-post-grid-image\" style=\"\"><a href=\"https:\/\/foreverliving.hemsida.eu\/fi\/blog\/2025\/07\/01\/scandinavian-challenge-starts-now\/\" rel=\"bookmark\" aria-hidden=\"true\" tabindex=\"-1\"><img loading=\"lazy\" decoding=\"async\" width=\"1920\" height=\"1080\" src=\"https:\/\/foreverliving.hemsida.eu\/wp-content\/uploads\/2025\/06\/Challenge_2026_nyhetsbild_1920x1080.jpg\" class=\"attachment-full size-full\" alt=\"\" style=\"max-width: 600px; \" srcset=\"https:\/\/foreverliving.hemsida.eu\/wp-content\/uploads\/2025\/06\/Challenge_2026_nyhetsbild_1920x1080.jpg 1920w, https:\/\/foreverliving.hemsida.eu\/wp-content\/uploads\/2025\/06\/Challenge_2026_nyhetsbild_1920x1080-300x169.jpg 300w, https:\/\/foreverliving.hemsida.eu\/wp-content\/uploads\/2025\/06\/Challenge_2026_nyhetsbild_1920x1080-1024x576.jpg 1024w, https:\/\/foreverliving.hemsida.eu\/wp-content\/uploads\/2025\/06\/Challenge_2026_nyhetsbild_1920x1080-768x432.jpg 768w, https:\/\/foreverliving.hemsida.eu\/wp-content\/uploads\/2025\/06\/Challenge_2026_nyhetsbild_1920x1080-50x28.jpg 50w, https:\/\/foreverliving.hemsida.eu\/wp-content\/uploads\/2025\/06\/Challenge_2026_nyhetsbild_1920x1080-1600x900.jpg 1600w, https:\/\/foreverliving.hemsida.eu\/wp-content\/uploads\/2025\/06\/Challenge_2026_nyhetsbild_1920x1080-1536x864.jpg 1536w\" sizes=\"auto, (max-width: 1920px) 100vw, 1920px\"><\/a><\/div><div class=\"ub-block-post-grid-text\" style=\"\"><div class=\"ub-block-post-grid-header-content\"><header class=\"ub-block-post-grid-header\"><h2 class=\"ub-block-post-grid-title\"><a style=\"\" href=\"https:\/\/foreverliving.hemsida.eu\/fi\/blog\/2025\/07\/01\/scandinavian-challenge-starts-now\/\" rel=\"bookmark\">Scandinavian Challenge starts now!<\/a><\/h2><time datetime=\"2025-07-01T09:00:00+02:00\" class=\"ub-block-post-grid-date\" style=\"\" itemprop=\"datePublished\">1.7.2025<\/time><\/header><\/div><div class=\"ub-block-post-grid-excerpt\"><div class=\"ub-block-post-grid-excerpt-text\" style=\"\"><p>Summer is here \u2013 so let\u2019s start July in the best possible way, with a new exciting Challenge! Scandinavian Challenge is your chance to drive growth into your business while securing a ticket to the biggest Forever event of the year:\u00a0Scandinavian Gathering 2026!\u00a0<\/p>\n<\/div><p><a class=\"ub-block-post-grid-more-link ub-text-link\" style=\"\" href=\"https:\/\/foreverliving.hemsida.eu\/fi\/blog\/2025\/07\/01\/scandinavian-challenge-starts-now\/\" rel=\"bookmark\">Lue lis\u00e4\u00e4 <span class=\"screen-reader-text\">Scandinavian Challenge starts now!<\/span><\/a><\/p><\/div><\/div><\/article>\n<\/div><\/section>\n<\/div><\/div>\n\n<div class=\"gb-container gb-container-0fd393fd\"><div class=\"gb-inside-container\">\n<div style=\"gap: 20px;\" class=\"align-button-center ub-buttons orientation-button-row ub-flex-wrap wp-block-ub-button\" id=\"ub-button-1a0042b1-d5ac-4096-99dc-bf6bee31d114\"><div class=\"ub-button-container\">\n\t\t\t<a href=\"\/news\/\" target=\"_self\" class=\"ub-button-block-main   ub-button-flex\" role=\"button\" style=\"--ub-button-background-color: #ffffff; --ub-button-color: #000000; --ub-button-border: none; --ub-button-hover-background-color: #313131; --ub-button-hover-color: #ffffff; --ub-button-hover-border: none; padding-top: 10px; padding-right: 10px; padding-bottom: 10px; padding-left: 10px; border-top-left-radius: 10px;; border-top-right-radius: 10px;; border-bottom-left-radius: 10px;; border-bottom-right-radius: 10px;; \">\n\t\t\t\t<div class=\"ub-button-content-holder\" style=\"flex-direction: row\">\n\t\t\t\t\t<span class=\"ub-button-block-btn\"><strong>LIS\u00c4\u00c4 UUTISIA<\/strong><\/span>\n\t\t\t\t<\/div>\n\t\t\t<\/a>\n\t\t<\/div><\/div>\n<\/div><\/div>","protected":false},"excerpt":{"rendered":"","protected":false},"author":3,"featured_media":0,"parent":0,"menu_order":5,"comment_status":"closed","ping_status":"closed","template":"","meta":{"_acf_changed":false,"_eb_attr":"","_crsspst_to_flhemsidaeu":false,"inline_featured_image":false,"pgc_sgb_lightbox_settings":"","footnotes":""},"class_list":["post-15414","page","type-page","status-publish","hentry"],"featured_image_src":null,"acf":[],"publishpress_future_action":{"enabled":false,"date":"2026-05-05 00:46:19","action":"change-status","newStatus":"draft","terms":[],"taxonomy":"translation_priority","extraData":[]},"publishpress_future_workflow_manual_trigger":{"enabledWorkflows":[]},"_links":{"self":[{"href":"https:\/\/foreverliving.hemsida.eu\/fi\/wp-json\/wp\/v2\/pages\/15414","targetHints":{"allow":["GET"]}}],"collection":[{"href":"https:\/\/foreverliving.hemsida.eu\/fi\/wp-json\/wp\/v2\/pages"}],"about":[{"href":"https:\/\/foreverliving.hemsida.eu\/fi\/wp-json\/wp\/v2\/types\/page"}],"author":[{"embeddable":true,"href":"https:\/\/foreverliving.hemsida.eu\/fi\/wp-json\/wp\/v2\/users\/3"}],"replies":[{"embeddable":true,"href":"https:\/\/foreverliving.hemsida.eu\/fi\/wp-json\/wp\/v2\/comments?post=15414"}],"version-history":[{"count":0,"href":"https:\/\/foreverliving.hemsida.eu\/fi\/wp-json\/wp\/v2\/pages\/15414\/revisions"}],"wp:attachment":[{"href":"https:\/\/foreverliving.hemsida.eu\/fi\/wp-json\/wp\/v2\/media?parent=15414"}],"curies":[{"name":"wp","href":"https:\/\/api.w.org\/{rel}","templated":true}]}}