
{"id":16553,"date":"2022-08-18T13:54:51","date_gmt":"2022-08-18T11:54:51","guid":{"rendered":"https:\/\/foreverliving.hemsida.eu\/tunnustus\/"},"modified":"2025-05-09T12:39:54","modified_gmt":"2025-05-09T10:39:54","slug":"tunnustus","status":"publish","type":"page","link":"https:\/\/foreverliving.hemsida.eu\/fi\/tunnustus\/","title":{"rendered":"Recognition"},"content":{"rendered":"<div class=\"gb-container gb-container-895a7c67\"><div class=\"gb-inside-container\">\n\n<div class=\"wp-block-cover is-light small-mobile-hero\"><span aria-hidden=\"true\" class=\"wp-block-cover__background has-background-dim-0 has-background-dim\"><\/span><img decoding=\"async\" class=\"wp-block-cover__image-background wp-image-5395\" alt=\"\" src=\"https:\/\/prod-cdn-portal.foreverliving.se\/wp-content\/uploads\/2022\/10\/TOPPBILD1c_2960x668px_Web-scaled.jpg\" style=\"object-position:38% 40%\" data-object-fit=\"cover\" data-object-position=\"38% 40%\"\/><div class=\"wp-block-cover__inner-container is-layout-flow wp-block-cover-is-layout-flow\">\n<p class=\"has-text-align-center has-large-font-size\"><\/p>\n<\/div><\/div>\n\n<\/div><\/div>\n\n<div class=\"gb-container gb-container-ee946b66\"><div class=\"gb-inside-container\">\n<div class=\"gb-container gb-container-182ee245\"><div class=\"gb-inside-container\">\n\n<h1 class=\"gb-headline gb-headline-77453f22 gb-headline-text\">RECOGNITION<\/h1>\n\n<\/div><\/div>\n\n<div class=\"gb-container gb-container-db48afbb\"><div class=\"gb-inside-container\">\n\n<p class=\"gb-headline gb-headline-d6e06dda gb-headline-text\"><strong>Haluamme antaa tunnustusta hyvist\u00e4 suorituksista eri tavoin. Olemme koonneet t\u00e4h\u00e4n Foreverin huippusuoritukset. Koska menestyst\u00e4 voi saavuttaa eri tavoin, esittelemme parhaat tulokset useissa eri kategorioissa.<\/strong><\/p>\n\n\n\n<p class=\"gb-headline gb-headline-4dbee919 gb-headline-text\"><strong>N\u00e4et, ketk\u00e4 ovat rekrytoineet ja myyneet eniten ja ottaneet askeleen yl\u00f6sp\u00e4in palkkio-ohjelmassa ja paljon muuta<\/strong>. <strong>Oliko nimesi t\u00e4ll\u00e4 kertaa listalla? Onnea! Jos et l\u00f6yt\u00e4nyt nime\u00e4si, voit ottaa listalle p\u00e4\u00e4semisen itsellesi tavoitteeksi.<\/strong><\/p>\n\n<\/div><\/div>\n\n<div class=\"gb-container gb-container-a4b2591a\"><div class=\"gb-inside-container\">\n<div class=\"gb-grid-wrapper gb-grid-wrapper-043631d0\">\n<div class=\"gb-grid-column gb-grid-column-8ea3db1a\"><div class=\"gb-container gb-container-8ea3db1a\"><div class=\"gb-inside-container\">\n\n<div class=\"wp-block-cover is-light\"><span aria-hidden=\"true\" class=\"wp-block-cover__background has-background-dim-0 has-background-dim\"><\/span><img loading=\"lazy\" decoding=\"async\" width=\"600\" height=\"730\" class=\"wp-block-cover__image-background wp-image-3850\" alt=\"\" src=\"https:\/\/prod-cdn-portal.foreverliving.se\/wp-content\/uploads\/2022\/09\/BILD4_Recognition_600x730px.jpg\" style=\"object-position:52% 21%\" data-object-fit=\"cover\" data-object-position=\"52% 21%\" srcset=\"https:\/\/foreverliving.hemsida.eu\/wp-content\/uploads\/2022\/09\/BILD4_Recognition_600x730px.jpg 600w, https:\/\/foreverliving.hemsida.eu\/wp-content\/uploads\/2022\/09\/BILD4_Recognition_600x730px-247x300.jpg 247w\" sizes=\"auto, (max-width: 600px) 100vw, 600px\" \/><div class=\"wp-block-cover__inner-container is-layout-flow wp-block-cover-is-layout-flow\">\n<p class=\"has-text-align-center has-large-font-size\"><\/p>\n<\/div><\/div>\n\n<\/div><\/div><\/div>\n\n<div class=\"gb-grid-column gb-grid-column-f1c19903\"><div class=\"gb-container gb-container-f1c19903 hide-mobile\"><div class=\"gb-inside-container\">\n\n<div class=\"wp-block-cover is-light hide-mobile\"><span aria-hidden=\"true\" class=\"wp-block-cover__background has-background-dim-0 has-background-dim\"><\/span><img loading=\"lazy\" decoding=\"async\" width=\"600\" height=\"730\" class=\"wp-block-cover__image-background wp-image-3849\" alt=\"\" src=\"https:\/\/prod-cdn-portal.foreverliving.se\/wp-content\/uploads\/2022\/09\/BILD3_Recognition_600x730px.jpg\" data-object-fit=\"cover\" srcset=\"https:\/\/foreverliving.hemsida.eu\/wp-content\/uploads\/2022\/09\/BILD3_Recognition_600x730px.jpg 600w, https:\/\/foreverliving.hemsida.eu\/wp-content\/uploads\/2022\/09\/BILD3_Recognition_600x730px-247x300.jpg 247w\" sizes=\"auto, (max-width: 600px) 100vw, 600px\" \/><div class=\"wp-block-cover__inner-container is-layout-flow wp-block-cover-is-layout-flow\">\n<p class=\"has-text-align-center has-large-font-size\"><\/p>\n<\/div><\/div>\n\n<\/div><\/div><\/div>\n\n<div class=\"gb-grid-column gb-grid-column-5d1bbbeb\"><div class=\"gb-container gb-container-5d1bbbeb hide-mobile\"><div class=\"gb-inside-container\">\n\n<div class=\"wp-block-cover is-light hide-mobile\"><span aria-hidden=\"true\" class=\"wp-block-cover__background has-black-background-color has-background-dim-0 has-background-dim\"><\/span><img loading=\"lazy\" decoding=\"async\" width=\"600\" height=\"730\" class=\"wp-block-cover__image-background wp-image-3848\" alt=\"\" src=\"https:\/\/prod-cdn-portal.foreverliving.se\/wp-content\/uploads\/2022\/09\/BILD2_Recognition_600x730px.jpg\" data-object-fit=\"cover\" srcset=\"https:\/\/foreverliving.hemsida.eu\/wp-content\/uploads\/2022\/09\/BILD2_Recognition_600x730px.jpg 600w, https:\/\/foreverliving.hemsida.eu\/wp-content\/uploads\/2022\/09\/BILD2_Recognition_600x730px-247x300.jpg 247w\" sizes=\"auto, (max-width: 600px) 100vw, 600px\" \/><div class=\"wp-block-cover__inner-container is-layout-flow wp-block-cover-is-layout-flow\">\n<p class=\"has-text-align-center has-large-font-size\"><\/p>\n<\/div><\/div>\n\n<\/div><\/div><\/div>\n<\/div>\n\n<div class=\"gb-container gb-container-d4facdf3\"><div class=\"gb-inside-container\">\n\n<h2 class=\"gb-headline gb-headline-c6a96aba gb-headline-text\">TOP-LISTAT<\/h2>\n\n\n<div class=\"gb-container gb-container-cf111cda\"><div class=\"gb-inside-container\">\n\n<p class=\"gb-headline gb-headline-f780443c gb-headline-text\"><strong>T\u00e4\u00e4ll\u00e4 esittelemme edellisten kuukausien listat pohjoismaisella ja maakohtaisella tasolla. Esittelemme tapahtumissamme listat, ja sijoille 1\u20133 ylt\u00e4neet FBO:t p\u00e4\u00e4sev\u00e4t esitt\u00e4ytym\u00e4\u00e4n lavalle.<\/strong><\/p>\n\n<\/div><\/div>\n<\/div><\/div>\n<\/div><\/div>\n\n<div class=\"gb-container gb-container-e62f6d4d\"><div class=\"gb-inside-container\">\n<div class=\"gb-grid-wrapper gb-grid-wrapper-631d4a77\">\n<div class=\"gb-grid-column gb-grid-column-23c6f206\"><div class=\"gb-container gb-container-23c6f206\"><div class=\"gb-inside-container\">\n\n<h3 class=\"gb-headline gb-headline-0f676608 gb-headline-text\">TOP RETAILER<\/h3>\n\n\n<div class=\"gb-container gb-container-558712de\"><div class=\"gb-inside-container\">\n\n<p class=\"has-normal-font-size\"><strong>Top 20<\/strong><br>T\u00e4ll\u00e4 listalla annamme tunnustusta FBO:ille, jotka ovat taitavia myym\u00e4\u00e4n tuotteitamme.<br><br><strong>P\u00e4tev\u00f6itymisvaatimukset<\/strong><br>Listan k\u00e4rkeen p\u00e4\u00e4see FBO, jolla on eniten henkil\u00f6kohtaisia CC-pisteit\u00e4 viime kuun ajalta. Kaikki tasot ovat edustettuina listassa.<\/p>\n\n\n<div class=\"gb-container gb-container-f755fa53\">\n<div style=\"gap: 20px;\" class=\"align-button-left ub-buttons orientation-button-row ub-flex-wrap wp-block-ub-button\" id=\"ub-button-fd57dc26-121d-42fc-8218-2df19fddb659\"><div class=\"ub-button-container\">\n\t\t\t<a href=\"https:\/\/foreverliving.hemsida.eu\/wp-content\/uploads\/2025\/05\/Recognition_Top_Retailer_April_2025.pdf\" target=\"_blank\" rel=\"noopener noreferrer\" class=\"ub-button-block-main   ub-button-flex\" role=\"button\" style=\"--ub-button-background-color: #ffffff; --ub-button-color: #000000; --ub-button-border: none; --ub-button-hover-background-color: #313131; --ub-button-hover-color: #ffffff; --ub-button-hover-border: none; padding-top: 10px; padding-right: 10px; padding-bottom: 10px; padding-left: 10px; border-top-left-radius: 0px;; border-top-right-radius: 0px;; border-bottom-left-radius: 0px;; border-bottom-right-radius: 0px;; \">\n\t\t\t\t<div class=\"ub-button-content-holder\" style=\"flex-direction: row\">\n\t\t\t\t\t<span class=\"ub-button-block-btn\"><strong>TOP-LISTA<\/strong><\/span>\n\t\t\t\t<\/div>\n\t\t\t<\/a>\n\t\t<\/div><\/div>\n<\/div>\n<\/div><\/div>\n<\/div><\/div><\/div>\n\n<div class=\"gb-grid-column gb-grid-column-b7a02208\"><div class=\"gb-container gb-container-b7a02208\"><div class=\"gb-inside-container\">\n\n<h3 class=\"gb-headline gb-headline-cdfc8c1f gb-headline-text\">TOP BUILDER<\/h3>\n\n\n<div class=\"gb-container gb-container-5f5a858e\"><div class=\"gb-inside-container\">\n\n<p class=\"has-normal-font-size\"><strong>Top 20<\/strong><br>T\u00e4ll\u00e4 listalla annamme tunnustusta FBO:ille, jotka ovat hyvi\u00e4 yll\u00e4pit\u00e4m\u00e4\u00e4n tasaista rekrytointia.<\/p>\n\n\n\n<p class=\"has-normal-font-size\"><strong>P\u00e4tev\u00f6itymisvaatimukset<\/strong><br>Listan k\u00e4rkipaikan saa FBO, joka on saavuttanut suurimman non-Manager CC -pistem\u00e4\u00e4r\u00e4n. Kaikki tasot ovat edustettuina listassa.<\/p>\n\n\n<div class=\"gb-container gb-container-843e0162\">\n<div style=\"gap: 20px;\" class=\"align-button-left ub-buttons orientation-button-row ub-flex-wrap wp-block-ub-button\" id=\"ub-button-3d970e59-3db8-4de0-8ed8-3a67b575a764\"><div class=\"ub-button-container\">\n\t\t\t<a href=\"https:\/\/foreverliving.hemsida.eu\/wp-content\/uploads\/2025\/05\/Recognition_Top_Builder_April_2025.pdf\" target=\"_blank\" rel=\"noopener noreferrer\" class=\"ub-button-block-main   ub-button-flex\" role=\"button\" style=\"--ub-button-background-color: #ffffff; --ub-button-color: #000000; --ub-button-border: none; --ub-button-hover-background-color: #313131; --ub-button-hover-color: #ffffff; --ub-button-hover-border: none; padding-top: 10px; padding-right: 10px; padding-bottom: 10px; padding-left: 10px; border-top-left-radius: 0px;; border-top-right-radius: 0px;; border-bottom-left-radius: 0px;; border-bottom-right-radius: 0px;; \">\n\t\t\t\t<div class=\"ub-button-content-holder\" style=\"flex-direction: row\">\n\t\t\t\t\t<span class=\"ub-button-block-btn\"><strong>TOP-LISTA<\/strong><\/span>\n\t\t\t\t<\/div>\n\t\t\t<\/a>\n\t\t<\/div><\/div>\n<\/div>\n<\/div><\/div>\n<\/div><\/div><\/div>\n<\/div>\n<\/div><\/div>\n\n<div class=\"gb-container gb-container-2c45bded\"><div class=\"gb-inside-container\">\n<div class=\"gb-grid-wrapper gb-grid-wrapper-7b5baa80\">\n<div class=\"gb-grid-column gb-grid-column-edee9b67\"><div class=\"gb-container gb-container-edee9b67\"><div class=\"gb-inside-container\">\n\n<h3 class=\"gb-headline gb-headline-8fb21c3f gb-headline-text\">TOP LEADER<\/h3>\n\n\n<div class=\"gb-container gb-container-9c558a88\"><div class=\"gb-inside-container\">\n\n<p class=\"has-normal-font-size\"><strong>Top 20<\/strong><br>T\u00e4ll\u00e4 listalla annamme tunnustusta FBO:ille, jotka ovat onnistuneet isojen organisaatioiden johtajina.<br><br><strong>P\u00e4tev\u00f6itymisvaatimukset<\/strong><br>Listan k\u00e4rkipaikan saa FBO, jolla on eniten Total CC -pisteit\u00e4. T\u00e4m\u00e4 lista on tarkoitettu vain Manager-tasolle ja sen yl\u00e4puolella oleville tasoille.<\/p>\n\n\n<div class=\"gb-container gb-container-91b20ffe\">\n<div style=\"gap: 20px;\" class=\"align-button-left ub-buttons orientation-button-row ub-flex-wrap wp-block-ub-button\" id=\"ub-button-d3c1e67c-7d15-48e4-911f-96b2341ee8bf\"><div class=\"ub-button-container\">\n\t\t\t<a href=\"https:\/\/foreverliving.hemsida.eu\/wp-content\/uploads\/2025\/05\/Recognition_Top_Leader_April_2025.pdf\" target=\"_blank\" rel=\"noopener noreferrer\" class=\"ub-button-block-main   ub-button-flex\" role=\"button\" style=\"--ub-button-background-color: #ffffff; --ub-button-color: #000000; --ub-button-border: none; --ub-button-hover-background-color: #313131; --ub-button-hover-color: #ffffff; --ub-button-hover-border: none; padding-top: 10px; padding-right: 10px; padding-bottom: 10px; padding-left: 10px; border-top-left-radius: 0px;; border-top-right-radius: 0px;; border-bottom-left-radius: 0px;; border-bottom-right-radius: 0px;; \">\n\t\t\t\t<div class=\"ub-button-content-holder\" style=\"flex-direction: row\">\n\t\t\t\t\t<span class=\"ub-button-block-btn\"><strong>TOP-LISTA<\/strong><\/span>\n\t\t\t\t<\/div>\n\t\t\t<\/a>\n\t\t<\/div><\/div>\n<\/div>\n<\/div><\/div>\n<\/div><\/div><\/div>\n\n<div class=\"gb-grid-column gb-grid-column-a721b2cf\"><div class=\"gb-container gb-container-a721b2cf\"><div class=\"gb-inside-container\">\n\n<h3 class=\"gb-headline gb-headline-3d629bcd gb-headline-text\">TOP RECRUITER<\/h3>\n\n\n<div class=\"gb-container gb-container-c443ed4a\"><div class=\"gb-inside-container\">\n\n<p class=\"has-normal-font-size\"><strong>Top 20<\/strong><br>T\u00e4ll\u00e4 listalla annamme tunnustusta FBO:ille, jotka ovat onnistuneet rekrytoimaan eniten uusia alalinjoja tiimiins\u00e4.<\/p>\n\n\n\n<p class=\"has-normal-font-size\"><strong>P\u00e4tev\u00f6itymisvaatimukset<\/strong><br>Listan k\u00e4rkeen p\u00e4\u00e4see FBO, joka on rekrytoinut eniten viime kuun aikana. Kaikki tasot ovat edustettuina list-assa.<\/p>\n\n\n<div class=\"gb-container gb-container-3ec2d167\">\n<div style=\"gap: 20px;\" class=\"align-button-left ub-buttons orientation-button-row ub-flex-wrap wp-block-ub-button\" id=\"ub-button-6d225586-f06f-4232-90a2-bf8352b854b1\"><div class=\"ub-button-container\">\n\t\t\t<a href=\"https:\/\/foreverliving.hemsida.eu\/wp-content\/uploads\/2025\/05\/Recognition_Top_Recruiter_April_2025.pdf\" target=\"_blank\" rel=\"noopener noreferrer\" class=\"ub-button-block-main   ub-button-flex\" role=\"button\" style=\"--ub-button-background-color: #ffffff; --ub-button-color: #000000; --ub-button-border: none; --ub-button-hover-background-color: #313131; --ub-button-hover-color: #ffffff; --ub-button-hover-border: none; padding-top: 10px; padding-right: 10px; padding-bottom: 10px; padding-left: 10px; border-top-left-radius: 0px;; border-top-right-radius: 0px;; border-bottom-left-radius: 0px;; border-bottom-right-radius: 0px;; \">\n\t\t\t\t<div class=\"ub-button-content-holder\" style=\"flex-direction: row\">\n\t\t\t\t\t<span class=\"ub-button-block-btn\"><strong>TOP-LISTA<\/strong><\/span>\n\t\t\t\t<\/div>\n\t\t\t<\/a>\n\t\t<\/div><\/div>\n<\/div>\n<\/div><\/div>\n<\/div><\/div><\/div>\n<\/div>\n<\/div><\/div>\n\n<div class=\"gb-container gb-container-acc6add7\"><div class=\"gb-inside-container\">\n\n\n\n<div class=\"wp-block-cover is-light\"><span aria-hidden=\"true\" class=\"wp-block-cover__background has-background-dim-0 has-background-dim\"><\/span><img loading=\"lazy\" decoding=\"async\" width=\"1200\" height=\"470\" class=\"wp-block-cover__image-background wp-image-3853\" alt=\"\" src=\"https:\/\/prod-cdn-portal.foreverliving.se\/wp-content\/uploads\/2022\/09\/BILD5_Recognition_5CC_Club_1200x470px.jpg\" style=\"object-position:40% 55%\" data-object-fit=\"cover\" data-object-position=\"40% 55%\" srcset=\"https:\/\/foreverliving.hemsida.eu\/wp-content\/uploads\/2022\/09\/BILD5_Recognition_5CC_Club_1200x470px.jpg 1200w, https:\/\/foreverliving.hemsida.eu\/wp-content\/uploads\/2022\/09\/BILD5_Recognition_5CC_Club_1200x470px-300x118.jpg 300w, https:\/\/foreverliving.hemsida.eu\/wp-content\/uploads\/2022\/09\/BILD5_Recognition_5CC_Club_1200x470px-1024x401.jpg 1024w, https:\/\/foreverliving.hemsida.eu\/wp-content\/uploads\/2022\/09\/BILD5_Recognition_5CC_Club_1200x470px-768x301.jpg 768w\" sizes=\"auto, (max-width: 1200px) 100vw, 1200px\" \/><div class=\"wp-block-cover__inner-container is-layout-flow wp-block-cover-is-layout-flow\">\n<p class=\"has-text-align-center has-large-font-size\"><\/p>\n<\/div><\/div>\n\n<\/div><\/div>\n\n\n<\/div><\/div>\n\n\n<p><\/p>\n","protected":false},"excerpt":{"rendered":"<p>RECOGNITION Haluamme antaa tunnustusta hyvist\u00e4 suorituksista eri tavoin. Olemme koonneet t\u00e4h\u00e4n Foreverin huippusuoritukset. Koska menestyst\u00e4 voi saavuttaa eri tavoin, esittelemme parhaat tulokset useissa eri kategorioissa. N\u00e4et, ketk\u00e4 ovat rekrytoineet ja [&hellip;]<\/p>\n","protected":false},"author":4,"featured_media":0,"parent":0,"menu_order":140,"comment_status":"closed","ping_status":"closed","template":"","meta":{"_acf_changed":false,"_eb_attr":"","_crsspst_to_flhemsidaeu":false,"inline_featured_image":false,"pgc_sgb_lightbox_settings":"","footnotes":""},"class_list":["post-16553","page","type-page","status-publish","hentry"],"featured_image_src":null,"acf":[],"publishpress_future_action":{"enabled":false,"date":"2026-05-05 02:11:24","action":"change-status","newStatus":"draft","terms":[],"taxonomy":"translation_priority","extraData":[]},"publishpress_future_workflow_manual_trigger":{"enabledWorkflows":[]},"_links":{"self":[{"href":"https:\/\/foreverliving.hemsida.eu\/fi\/wp-json\/wp\/v2\/pages\/16553","targetHints":{"allow":["GET"]}}],"collection":[{"href":"https:\/\/foreverliving.hemsida.eu\/fi\/wp-json\/wp\/v2\/pages"}],"about":[{"href":"https:\/\/foreverliving.hemsida.eu\/fi\/wp-json\/wp\/v2\/types\/page"}],"author":[{"embeddable":true,"href":"https:\/\/foreverliving.hemsida.eu\/fi\/wp-json\/wp\/v2\/users\/4"}],"replies":[{"embeddable":true,"href":"https:\/\/foreverliving.hemsida.eu\/fi\/wp-json\/wp\/v2\/comments?post=16553"}],"version-history":[{"count":0,"href":"https:\/\/foreverliving.hemsida.eu\/fi\/wp-json\/wp\/v2\/pages\/16553\/revisions"}],"wp:attachment":[{"href":"https:\/\/foreverliving.hemsida.eu\/fi\/wp-json\/wp\/v2\/media?parent=16553"}],"curies":[{"name":"wp","href":"https:\/\/api.w.org\/{rel}","templated":true}]}}