
{"id":16565,"date":"2022-11-28T08:50:50","date_gmt":"2022-11-28T07:50:50","guid":{"rendered":"https:\/\/foreverliving.hemsida.eu\/key-platinum\/"},"modified":"2025-02-26T11:29:35","modified_gmt":"2025-02-26T10:29:35","slug":"chairmans-executive-group","status":"publish","type":"page","link":"https:\/\/foreverliving.hemsida.eu\/fi\/chairmans-executive-group\/","title":{"rendered":"Chairman\u2019s Executive Group"},"content":{"rendered":"<div class=\"gb-container gb-container-ee946b66\"><div class=\"gb-inside-container\">\n<div class=\"gb-container gb-container-2d26200a\"><div class=\"gb-inside-container\">\n<div class=\"gb-grid-wrapper gb-grid-wrapper-2a23c4d5\">\n<div class=\"gb-grid-column gb-grid-column-876e381f\"><div class=\"gb-container gb-container-876e381f\"><div class=\"gb-inside-container\">\n\n<div class=\"wp-block-cover is-light small-mobile-hero\"><span aria-hidden=\"true\" class=\"wp-block-cover__background has-background-dim-0 has-background-dim\" style=\"background-color:#eec864\"><\/span><img loading=\"lazy\" decoding=\"async\" width=\"1200\" height=\"400\" class=\"wp-block-cover__image-background wp-image-50286\" alt=\"\" src=\"https:\/\/foreverliving.hemsida.eu\/wp-content\/uploads\/2025\/02\/chairmans-topp.jpg\" data-object-fit=\"cover\" srcset=\"https:\/\/foreverliving.hemsida.eu\/wp-content\/uploads\/2025\/02\/chairmans-topp.jpg 1200w, https:\/\/foreverliving.hemsida.eu\/wp-content\/uploads\/2025\/02\/chairmans-topp-300x100.jpg 300w, https:\/\/foreverliving.hemsida.eu\/wp-content\/uploads\/2025\/02\/chairmans-topp-1024x341.jpg 1024w, https:\/\/foreverliving.hemsida.eu\/wp-content\/uploads\/2025\/02\/chairmans-topp-768x256.jpg 768w, https:\/\/foreverliving.hemsida.eu\/wp-content\/uploads\/2025\/02\/chairmans-topp-50x17.jpg 50w\" sizes=\"auto, (max-width: 1200px) 100vw, 1200px\" \/><div class=\"wp-block-cover__inner-container is-layout-flow wp-block-cover-is-layout-flow\">\n<p class=\"has-text-align-center has-large-font-size\"><\/p>\n<\/div><\/div>\n\n<\/div><\/div><\/div>\n<\/div>\n<\/div><\/div>\n\n<div class=\"gb-container gb-container-182ee245\"><div class=\"gb-inside-container\">\n\n<h1 class=\"gb-headline gb-headline-77453f22 gb-headline-text\">Chairman\u2019s Executive Group<\/h1>\n\n<\/div><\/div>\n\n<div class=\"gb-container gb-container-db48afbb\"><div class=\"gb-inside-container\">\n\n<p class=\"gb-headline gb-headline-d6e06dda gb-headline-text\"><strong>Kun olet siin\u00e4 vaiheessa, ett\u00e4 Forever on kokop\u00e4iv\u00e4inen ty\u00f6si, voit kaivata syvemp\u00e4\u00e4 opastusta ja kehittymist\u00e4 johtajana. Siksi olemme perustaneet KEY Scandinavian sis\u00e4lle Chairman\u2019s Executive Group omistautuneimmille johtajillemme.<\/strong><\/p>\n\n\n<div class=\"gb-container gb-container-be4bfee6\"><div class=\"gb-inside-container\">\n\n<div class=\"wp-block-media-text alignwide has-media-on-the-right is-stacked-on-mobile\"><div class=\"wp-block-media-text__content\">\n<h2 class=\"gb-headline gb-headline-963e863f gb-headline-text\" id=\"Pref-Customer\">P\u00c4TEV\u00d6ITYMISVAATIMUKSET<\/h2>\n\n\n<div class=\"gb-container gb-container-afc3c2c2\"><div class=\"gb-inside-container\">\n\n<p class=\"has-normal-font-size\">P\u00e4tev\u00f6itymisjakso on 1.1. \u2012 31.12. P\u00e4tev\u00f6ityminen suoritetaan Pohjoismaiden toiminta-alueella.<br><br>KEY Scandinavia -p\u00e4tev\u00f6ityminen. FBO:n on saavutettava v\u00e4hint\u00e4\u00e4n 600 Total CC -pistett\u00e4, joista v\u00e4hint\u00e4\u00e4n 50:n on oltava New CC -pisteit\u00e4; Non-Manager-pisteiden on oltava per\u00e4isin uusilta henkil\u00f6kohtaisesti sponsoroiduilta FBO:ilta New CC -pisteiden pit\u00e4\u00e4 olla Pohjoismaiden toiminta-alueella rekister\u00f6ityj\u00e4, jotta ne lasketaan mukaan. Chairman\u2019s Bonus -p\u00e4tev\u00f6ityminen. Chairman\u2019s Bonuksen tasojen 1\u20133 perusvaatimusten t\u00e4ytt\u00e4minen samalla p\u00e4tev\u00f6itymisjaksolla.<em> <\/em><\/p>\n\n\n\n<\/div><\/div><\/div><figure class=\"wp-block-media-text__media\"><img loading=\"lazy\" decoding=\"async\" width=\"650\" height=\"525\" src=\"https:\/\/foreverliving.hemsida.eu\/wp-content\/uploads\/2025\/02\/CEG_sida.jpg\" alt=\"\" class=\"wp-image-50024 size-full\" srcset=\"https:\/\/foreverliving.hemsida.eu\/wp-content\/uploads\/2025\/02\/CEG_sida.jpg 650w, https:\/\/foreverliving.hemsida.eu\/wp-content\/uploads\/2025\/02\/CEG_sida-300x242.jpg 300w, https:\/\/foreverliving.hemsida.eu\/wp-content\/uploads\/2025\/02\/CEG_sida-50x40.jpg 50w\" sizes=\"auto, (max-width: 650px) 100vw, 650px\" \/><\/figure><\/div>\n\n<\/div><\/div>\n\n<div class=\"gb-container gb-container-6a1330dc\"><div class=\"gb-inside-container\">\n<div class=\"gb-container gb-container-0fd576e7\"><div class=\"gb-inside-container\">\n<div class=\"gb-container gb-container-e22307e1\"><div class=\"gb-inside-container\">\n<div class=\"gb-grid-wrapper gb-grid-wrapper-fb1e2af2\">\n<div class=\"gb-grid-column gb-grid-column-86f0ec02\"><div class=\"gb-container gb-container-86f0ec02\"><div class=\"gb-inside-container\">\n\n<h2 class=\"gb-headline gb-headline-51c02911 gb-headline-text\" id=\"Ass-Supervisor\">MUUT KRITEERIT<\/h2>\n\n\n<div class=\"gb-container gb-container-f7232e02\"><div class=\"gb-inside-container\">\n<div class=\"gb-container gb-container-e6646b4e\"><div class=\"gb-inside-container\">\n<div class=\"gb-container gb-container-489dee00\"><div class=\"gb-inside-container\">\n<div class=\"gb-grid-wrapper gb-grid-wrapper-2c81f923\">\n<div class=\"gb-grid-column gb-grid-column-5941334b\"><div class=\"gb-container gb-container-5941334b\"><div class=\"gb-inside-container\">\n<ul style=\"padding-left: 0.9em; margin-left: -13px !important; margin-right: -13px !important; text-align: left; --ub-list-item-icon-top: 0px;; --ub-list-item-icon-size: 0.7em; --ub-list-item-background-image: url('data:image\/svg+xml;utf8,&lt;svg xmlns=&quot;http:\/\/www.w3.org\/2000\/svg&quot; viewBox=&quot;0 0 512 512&quot;&gt;&lt;path fill=&quot;%23000000&quot; d=&quot;M470.6 105.4c12.5 12.5 12.5 32.8 0 45.3l-256 256c-12.5 12.5-32.8 12.5-45.3 0l-128-128c-12.5-12.5-12.5-32.8 0-45.3s32.8-12.5 45.3 0L192 338.7 425.4 105.4c12.5-12.5 32.8-12.5 45.3 0z&quot;&gt;&lt;\/path&gt;&lt;\/svg&gt;'); --ub-list-item-spacing: 6px; \" class=\"wp-block-ub-styled-list ub_styled_list no-spacing\" id=\"ub_styled_list-21d1e253-8f4a-4656-b479-ea38ef240368\"><div class=\"ub-block-list__layout\" style=\"text-align: left; column-count: 1; --ub-list-mobile-column-count: 1; \">\n<li class=\"ub_styled_list_item\" style=\"--ub-list-item-icon-top: 3px; --ub-list-item-icon-size: 0.9em; --ub-list-item-background-image: url('data:image\/svg+xml;utf8,&lt;svg xmlns=&quot;http:\/\/www.w3.org\/2000\/svg&quot; viewBox=&quot;0 0 512 512&quot;&gt;&lt;path fill=&quot;%23000000&quot; d=&quot;M470.6 105.4c12.5 12.5 12.5 32.8 0 45.3l-256 256c-12.5 12.5-32.8 12.5-45.3 0l-128-128c-12.5-12.5-12.5-32.8 0-45.3s32.8-12.5 45.3 0L192 338.7 425.4 105.4c12.5-12.5 32.8-12.5 45.3 0z&quot;&gt;&lt;\/path&gt;&lt;\/svg&gt;'); \" id=\"ub-styled-list-item-95f808fd-8479-4017-aefd-f69e497b2c41\">\n\t\t\t<div class=\"ub_list_item_content\">\n\t\t\t\t<span class=\"ub_list_item_icon\">\n\t\t\t\t\t<svg width=\"0.9em\" height=\"0.9em\" xmlns=\"http:\/\/www.w3.org\/2000\/svg\" viewbox=\"0 0 512 512\">\n\t\t\t\t\t\t<path fill=\"#000000\" d=\"M470.6 105.4c12.5 12.5 12.5 32.8 0 45.3l-256 256c-12.5 12.5-32.8 12.5-45.3 0l-128-128c-12.5-12.5-12.5-32.8 0-45.3s32.8-12.5 45.3 0L192 338.7 425.4 105.4c12.5-12.5 32.8-12.5 45.3 0z\"><\/path>\n\t\t\t\t\t<\/svg>\n\t\t\t\t<\/span>\n\t\t\t\t<span class=\"ub_list_item_text\">Aktiivisuus Forever Force -arvojen mukaisessa johtajuudessa.<\/span>\n\t\t\t<\/div>\n\t\t\t\n\t\t<\/li>\n\n<li class=\"ub_styled_list_item\" style=\"--ub-list-item-icon-top: 3px; --ub-list-item-icon-size: 0.9em; --ub-list-item-background-image: url('data:image\/svg+xml;utf8,&lt;svg xmlns=&quot;http:\/\/www.w3.org\/2000\/svg&quot; viewBox=&quot;0 0 512 512&quot;&gt;&lt;path fill=&quot;%23000000&quot; d=&quot;M470.6 105.4c12.5 12.5 12.5 32.8 0 45.3l-256 256c-12.5 12.5-32.8 12.5-45.3 0l-128-128c-12.5-12.5-12.5-32.8 0-45.3s32.8-12.5 45.3 0L192 338.7 425.4 105.4c12.5-12.5 32.8-12.5 45.3 0z&quot;&gt;&lt;\/path&gt;&lt;\/svg&gt;'); \" id=\"ub-styled-list-item-788346eb-c25c-4559-81a5-68488b706e7b\">\n\t\t\t<div class=\"ub_list_item_content\">\n\t\t\t\t<span class=\"ub_list_item_icon\">\n\t\t\t\t\t<svg width=\"0.9em\" height=\"0.9em\" xmlns=\"http:\/\/www.w3.org\/2000\/svg\" viewbox=\"0 0 512 512\">\n\t\t\t\t\t\t<path fill=\"#000000\" d=\"M470.6 105.4c12.5 12.5 12.5 32.8 0 45.3l-256 256c-12.5 12.5-32.8 12.5-45.3 0l-128-128c-12.5-12.5-12.5-32.8 0-45.3s32.8-12.5 45.3 0L192 338.7 425.4 105.4c12.5-12.5 32.8-12.5 45.3 0z\"><\/path>\n\t\t\t\t\t<\/svg>\n\t\t\t\t<\/span>\n\t\t\t\t<span class=\"ub_list_item_text\">Aktiivinen osallistuminen KEY Scandinavian tilaisuuksiin.<\/span>\n\t\t\t<\/div>\n\t\t\t\n\t\t<\/li>\n\n<li class=\"ub_styled_list_item\" style=\"--ub-list-item-icon-top: 3px; --ub-list-item-icon-size: 0.9em; --ub-list-item-background-image: url('data:image\/svg+xml;utf8,&lt;svg xmlns=&quot;http:\/\/www.w3.org\/2000\/svg&quot; viewBox=&quot;0 0 512 512&quot;&gt;&lt;path fill=&quot;%23000000&quot; d=&quot;M470.6 105.4c12.5 12.5 12.5 32.8 0 45.3l-256 256c-12.5 12.5-32.8 12.5-45.3 0l-128-128c-12.5-12.5-12.5-32.8 0-45.3s32.8-12.5 45.3 0L192 338.7 425.4 105.4c12.5-12.5 32.8-12.5 45.3 0z&quot;&gt;&lt;\/path&gt;&lt;\/svg&gt;'); \" id=\"ub-styled-list-item-0b90c874-13d4-42ae-bd0b-ef46e74646d1\">\n\t\t\t<div class=\"ub_list_item_content\">\n\t\t\t\t<span class=\"ub_list_item_icon\">\n\t\t\t\t\t<svg width=\"0.9em\" height=\"0.9em\" xmlns=\"http:\/\/www.w3.org\/2000\/svg\" viewbox=\"0 0 512 512\">\n\t\t\t\t\t\t<path fill=\"#000000\" d=\"M470.6 105.4c12.5 12.5 12.5 32.8 0 45.3l-256 256c-12.5 12.5-32.8 12.5-45.3 0l-128-128c-12.5-12.5-12.5-32.8 0-45.3s32.8-12.5 45.3 0L192 338.7 425.4 105.4c12.5-12.5 32.8-12.5 45.3 0z\"><\/path>\n\t\t\t\t\t<\/svg>\n\t\t\t\t<\/span>\n\t\t\t\t<span class=\"ub_list_item_text\">Aktiivisuus kaikissa tilaisuuksissa, jotka t\u00e4ht\u00e4\u00e4v\u00e4t Chairman\u2019s Executive Group.<\/span>\n\t\t\t<\/div>\n\t\t\t\n\t\t<\/li>\n<\/div><\/ul>\n\n<div class=\"gb-container gb-container-b67babb2\"><div class=\"gb-inside-container\">\n\n<h2 class=\"gb-headline gb-headline-ea7a17a2 gb-headline-text\" id=\"Ass-Supervisor\">EDUT KEY SCANDINAVIAN LIS\u00c4KSI<\/h2>\n\n<\/div><\/div>\n<\/div><\/div><\/div>\n<\/div>\n<\/div><\/div>\n\n<div class=\"gb-container gb-container-b068f201\"><div class=\"gb-inside-container\">\n<div class=\"gb-grid-wrapper gb-grid-wrapper-1014a4ad\">\n<div class=\"gb-grid-column gb-grid-column-9d55b487\"><div class=\"gb-container gb-container-9d55b487\"><div class=\"gb-inside-container\">\n<ul style=\"padding-left: 0.9em; margin-left: -13px !important; margin-right: -13px !important; text-align: left; --ub-list-item-icon-top: 0px;; --ub-list-item-icon-size: 0.7em; --ub-list-item-background-image: url('data:image\/svg+xml;utf8,&lt;svg xmlns=&quot;http:\/\/www.w3.org\/2000\/svg&quot; viewBox=&quot;0 0 512 512&quot;&gt;&lt;path fill=&quot;%23000000&quot; d=&quot;M470.6 105.4c12.5 12.5 12.5 32.8 0 45.3l-256 256c-12.5 12.5-32.8 12.5-45.3 0l-128-128c-12.5-12.5-12.5-32.8 0-45.3s32.8-12.5 45.3 0L192 338.7 425.4 105.4c12.5-12.5 32.8-12.5 45.3 0z&quot;&gt;&lt;\/path&gt;&lt;\/svg&gt;'); --ub-list-item-spacing: 6px; \" class=\"wp-block-ub-styled-list ub_styled_list no-spacing\" id=\"ub_styled_list-e92bf5c6-9001-4787-92ab-918749269f72\"><div class=\"ub-block-list__layout\" style=\"text-align: left; column-count: 1; --ub-list-mobile-column-count: 1; \">\n<li class=\"ub_styled_list_item\" style=\"--ub-list-item-icon-top: 3px; --ub-list-item-icon-size: 0.9em; --ub-list-item-background-image: url('data:image\/svg+xml;utf8,&lt;svg xmlns=&quot;http:\/\/www.w3.org\/2000\/svg&quot; viewBox=&quot;0 0 512 512&quot;&gt;&lt;path fill=&quot;%23000000&quot; d=&quot;M470.6 105.4c12.5 12.5 12.5 32.8 0 45.3l-256 256c-12.5 12.5-32.8 12.5-45.3 0l-128-128c-12.5-12.5-12.5-32.8 0-45.3s32.8-12.5 45.3 0L192 338.7 425.4 105.4c12.5-12.5 32.8-12.5 45.3 0z&quot;&gt;&lt;\/path&gt;&lt;\/svg&gt;'); \" id=\"ub-styled-list-item-a8a2f6e9-dab5-46f4-a869-41ad3b566e3d\">\n\t\t\t<div class=\"ub_list_item_content\">\n\t\t\t\t<span class=\"ub_list_item_icon\">\n\t\t\t\t\t<svg width=\"0.9em\" height=\"0.9em\" xmlns=\"http:\/\/www.w3.org\/2000\/svg\" viewbox=\"0 0 512 512\">\n\t\t\t\t\t\t<path fill=\"#000000\" d=\"M470.6 105.4c12.5 12.5 12.5 32.8 0 45.3l-256 256c-12.5 12.5-32.8 12.5-45.3 0l-128-128c-12.5-12.5-12.5-32.8 0-45.3s32.8-12.5 45.3 0L192 338.7 425.4 105.4c12.5-12.5 32.8-12.5 45.3 0z\"><\/path>\n\t\t\t\t\t<\/svg>\n\t\t\t\t<\/span>\n\t\t\t\t<span class=\"ub_list_item_text\">Syvempi yhteisty\u00f6 toimiston kanssa Forever Living Scandinavian kehitt\u00e4miseksi.<\/span>\n\t\t\t<\/div>\n\t\t\t\n\t\t<\/li>\n<\/div><\/ul>\n<\/div><\/div><\/div>\n<\/div>\n<\/div><\/div>\n<\/div><\/div>\n<\/div><\/div>\n<\/div><\/div><\/div>\n<\/div>\n<\/div><\/div>\n\n<div class=\"gb-container gb-container-ad8fa044\"><div class=\"gb-inside-container\">\n<div class=\"gb-container gb-container-5bba8da6\"><div class=\"gb-inside-container\">\n\n<p class=\"gb-headline gb-headline-fad9cf20 gb-headline-text\"><strong><a href=\"https:\/\/foreverliving.com\/account\/fin\/fi-fi\/dashboard\/tools\" target=\"_blank\" rel=\"noreferrer noopener\">Lue lis\u00e4\u00e4 aiheesta ja mahdollisista poikkeuksista Yleisist\u00e4 ehdoista ja s\u00e4\u00e4nn\u00f6ist\u00e4. <\/a><\/strong><\/p>\n\n<\/div><\/div>\n<\/div><\/div>\n<\/div><\/div>\n<\/div><\/div>\n<\/div><\/div>\n<\/div><\/div>\n\n<div class=\"gb-container gb-container-c3d74f2f\">\n<div class=\"gb-grid-wrapper gb-grid-wrapper-4e9cc53a\">\n<div class=\"gb-grid-column gb-grid-column-e01100c8\"><div class=\"gb-container gb-container-e01100c8\">\n\n<div class=\"wp-block-cover\"><span aria-hidden=\"true\" class=\"wp-block-cover__background has-background-dim-0 has-background-dim\" style=\"background-color:#81756d\"><\/span><img loading=\"lazy\" decoding=\"async\" width=\"650\" height=\"525\" class=\"wp-block-cover__image-background wp-image-50040\" alt=\"\" src=\"https:\/\/foreverliving.hemsida.eu\/wp-content\/uploads\/2025\/02\/CEG_botten2-1.jpg\" data-object-fit=\"cover\" srcset=\"https:\/\/foreverliving.hemsida.eu\/wp-content\/uploads\/2025\/02\/CEG_botten2-1.jpg 650w, https:\/\/foreverliving.hemsida.eu\/wp-content\/uploads\/2025\/02\/CEG_botten2-1-300x242.jpg 300w, https:\/\/foreverliving.hemsida.eu\/wp-content\/uploads\/2025\/02\/CEG_botten2-1-50x40.jpg 50w\" sizes=\"auto, (max-width: 650px) 100vw, 650px\" \/><div class=\"wp-block-cover__inner-container is-layout-constrained wp-block-cover-is-layout-constrained\">\n<p class=\"has-text-align-center has-large-font-size\"><\/p>\n<\/div><\/div>\n\n<\/div><\/div>\n\n<div class=\"gb-grid-column gb-grid-column-4cf97a5a\"><div class=\"gb-container gb-container-4cf97a5a\">\n\n<div class=\"wp-block-cover\"><span aria-hidden=\"true\" class=\"wp-block-cover__background has-background-dim-0 has-background-dim\" style=\"background-color:#7e7268\"><\/span><img loading=\"lazy\" decoding=\"async\" width=\"650\" height=\"525\" class=\"wp-block-cover__image-background wp-image-50032\" alt=\"\" src=\"https:\/\/foreverliving.hemsida.eu\/wp-content\/uploads\/2025\/02\/CEG_botten.jpg\" data-object-fit=\"cover\" srcset=\"https:\/\/foreverliving.hemsida.eu\/wp-content\/uploads\/2025\/02\/CEG_botten.jpg 650w, https:\/\/foreverliving.hemsida.eu\/wp-content\/uploads\/2025\/02\/CEG_botten-300x242.jpg 300w, https:\/\/foreverliving.hemsida.eu\/wp-content\/uploads\/2025\/02\/CEG_botten-50x40.jpg 50w\" sizes=\"auto, (max-width: 650px) 100vw, 650px\" \/><div class=\"wp-block-cover__inner-container is-layout-constrained wp-block-cover-is-layout-constrained\">\n<p class=\"has-text-align-center has-large-font-size\"><\/p>\n<\/div><\/div>\n\n<\/div><\/div>\n\n<div class=\"gb-grid-column gb-grid-column-5c8ea3cc\"><div class=\"gb-container gb-container-5c8ea3cc\">\n\n<div class=\"wp-block-cover is-light\"><span aria-hidden=\"true\" class=\"wp-block-cover__background has-background-dim-0 has-background-dim\" style=\"background-color:#b58970\"><\/span><img loading=\"lazy\" decoding=\"async\" width=\"650\" height=\"525\" class=\"wp-block-cover__image-background wp-image-50036\" alt=\"\" src=\"https:\/\/foreverliving.hemsida.eu\/wp-content\/uploads\/2025\/02\/CEG_botten1.jpg\" data-object-fit=\"cover\" srcset=\"https:\/\/foreverliving.hemsida.eu\/wp-content\/uploads\/2025\/02\/CEG_botten1.jpg 650w, https:\/\/foreverliving.hemsida.eu\/wp-content\/uploads\/2025\/02\/CEG_botten1-300x242.jpg 300w, https:\/\/foreverliving.hemsida.eu\/wp-content\/uploads\/2025\/02\/CEG_botten1-50x40.jpg 50w\" sizes=\"auto, (max-width: 650px) 100vw, 650px\" \/><div class=\"wp-block-cover__inner-container is-layout-constrained wp-block-cover-is-layout-constrained\">\n<p class=\"has-text-align-center has-large-font-size\"><\/p>\n<\/div><\/div>\n\n<\/div><\/div>\n<\/div>\n<\/div>\n\n\n<p><\/p>\n","protected":false},"excerpt":{"rendered":"<p>Chairman\u2019s Executive Group Kun olet siin\u00e4 vaiheessa, ett\u00e4 Forever on kokop\u00e4iv\u00e4inen ty\u00f6si, voit kaivata syvemp\u00e4\u00e4 opastusta ja kehittymist\u00e4 johtajana. Siksi olemme perustaneet KEY Scandinavian sis\u00e4lle Chairman\u2019s Executive Group omistautuneimmille johtajillemme. [&hellip;]<\/p>\n","protected":false},"author":4,"featured_media":0,"parent":0,"menu_order":152,"comment_status":"closed","ping_status":"closed","template":"","meta":{"_acf_changed":false,"_eb_attr":"","_crsspst_to_flhemsidaeu":false,"inline_featured_image":false,"pgc_sgb_lightbox_settings":"","footnotes":""},"class_list":["post-16565","page","type-page","status-publish","hentry"],"featured_image_src":null,"acf":[],"publishpress_future_action":{"enabled":false,"date":"2026-05-05 00:39:13","action":"change-status","newStatus":"draft","terms":[],"taxonomy":"translation_priority","extraData":[]},"publishpress_future_workflow_manual_trigger":{"enabledWorkflows":[]},"_links":{"self":[{"href":"https:\/\/foreverliving.hemsida.eu\/fi\/wp-json\/wp\/v2\/pages\/16565","targetHints":{"allow":["GET"]}}],"collection":[{"href":"https:\/\/foreverliving.hemsida.eu\/fi\/wp-json\/wp\/v2\/pages"}],"about":[{"href":"https:\/\/foreverliving.hemsida.eu\/fi\/wp-json\/wp\/v2\/types\/page"}],"author":[{"embeddable":true,"href":"https:\/\/foreverliving.hemsida.eu\/fi\/wp-json\/wp\/v2\/users\/4"}],"replies":[{"embeddable":true,"href":"https:\/\/foreverliving.hemsida.eu\/fi\/wp-json\/wp\/v2\/comments?post=16565"}],"version-history":[{"count":0,"href":"https:\/\/foreverliving.hemsida.eu\/fi\/wp-json\/wp\/v2\/pages\/16565\/revisions"}],"wp:attachment":[{"href":"https:\/\/foreverliving.hemsida.eu\/fi\/wp-json\/wp\/v2\/media?parent=16565"}],"curies":[{"name":"wp","href":"https:\/\/api.w.org\/{rel}","templated":true}]}}