
{"id":16580,"date":"2022-12-20T11:59:26","date_gmt":"2022-12-20T10:59:26","guid":{"rendered":"https:\/\/foreverliving.hemsida.eu\/rakenna-tuotemerkkiasi\/"},"modified":"2023-06-29T16:04:44","modified_gmt":"2023-06-29T14:04:44","slug":"rakenna-tuotemerkkiasi","status":"publish","type":"page","link":"https:\/\/foreverliving.hemsida.eu\/fi\/rakenna-tuotemerkkiasi\/","title":{"rendered":"Rakenna Tuotemerkki\u00e4si"},"content":{"rendered":"<div class=\"gb-container gb-container-b9143b3a\"><div class=\"gb-inside-container\">\n\n<div class=\"wp-block-cover is-light\"><span aria-hidden=\"true\" class=\"wp-block-cover__background has-background-dim-0 has-background-dim\"><\/span><img loading=\"lazy\" decoding=\"async\" width=\"1350\" height=\"300\" class=\"wp-block-cover__image-background wp-image-15258\" alt=\"\" src=\"https:\/\/prod-cdn-portal.foreverliving.se\/wp-content\/uploads\/2022\/12\/Brand_Cover_1350x300.jpg\" style=\"object-position:55% 46%\" data-object-fit=\"cover\" data-object-position=\"55% 46%\" srcset=\"https:\/\/foreverliving.hemsida.eu\/wp-content\/uploads\/2022\/12\/Brand_Cover_1350x300.jpg 1350w, https:\/\/foreverliving.hemsida.eu\/wp-content\/uploads\/2022\/12\/Brand_Cover_1350x300-768x171.jpg 768w\" sizes=\"auto, (max-width: 1350px) 100vw, 1350px\" \/><div class=\"wp-block-cover__inner-container is-layout-flow wp-block-cover-is-layout-flow\">\n<p class=\"has-text-align-center has-large-font-size\"><\/p>\n<\/div><\/div>\n\n<\/div><\/div>\n\n<div class=\"gb-container gb-container-9cf6e00a\"><div class=\"gb-inside-container\">\n<div class=\"gb-grid-wrapper gb-grid-wrapper-c429021a\">\n<div class=\"gb-grid-column gb-grid-column-24b63e58\"><div class=\"gb-container gb-container-24b63e58\"><div class=\"gb-inside-container\">\n\n<h1 class=\"gb-headline gb-headline-9abeb5ea gb-headline-text\">RAKENNA TUOTEMERKKI\u00c4SI<\/h1>\n\n<\/div><\/div><\/div>\n<\/div>\n<\/div><\/div>\n\n<div class=\"gb-container gb-container-80474a95\"><div class=\"gb-inside-container\">\n<div class=\"gb-grid-wrapper gb-grid-wrapper-e3d1c911\">\n<div class=\"gb-grid-column gb-grid-column-2aca782a\"><div class=\"gb-container gb-container-2aca782a\"><div class=\"gb-inside-container\">\n\n<p class=\"gb-headline gb-headline-a3ea622d gb-headline-text\"><strong>FBO:na olet oma tuotemerkkisi. Se, miten asiakkaasi tai mahdolliset FBO:si kokevat tuotemerkkisi, on t\u00e4ysin ratkaisevaa liiketoimintasi kasvulle. Tuotemerkin rakentaminen voi olla \u00e4\u00e4rimm\u00e4isen monimutkaista, mutta se voi olla my\u00f6s hyvin helppoa. Pohjimmiltaan se on suhteiden luomista.<\/strong><\/p>\n\n<\/div><\/div><\/div>\n<\/div>\n<\/div><\/div>\n\n<div class=\"gb-container gb-container-dc6b65a7\"><div class=\"gb-inside-container\">\n<div class=\"gb-grid-wrapper gb-grid-wrapper-96312dc0\">\n<div class=\"gb-grid-column gb-grid-column-e883bc51\"><div class=\"gb-container gb-container-e883bc51\"><div class=\"gb-inside-container\">\n\n<div class=\"wp-block-cover is-light\" style=\"min-height:250px;aspect-ratio:unset;\"><span aria-hidden=\"true\" class=\"wp-block-cover__background has-background-dim-0 has-background-dim\"><\/span><img loading=\"lazy\" decoding=\"async\" width=\"540\" height=\"350\" class=\"wp-block-cover__image-background wp-image-15272\" alt=\"\" src=\"https:\/\/prod-cdn-portal.foreverliving.se\/wp-content\/uploads\/2022\/12\/Inspo_Branding_550x300_1alt.jpg\" style=\"object-position:44% 36%\" data-object-fit=\"cover\" data-object-position=\"44% 36%\"\/><div class=\"wp-block-cover__inner-container is-layout-flow wp-block-cover-is-layout-flow\">\n<p class=\"has-text-align-center has-large-font-size\"><\/p>\n<\/div><\/div>\n\n<\/div><\/div><\/div>\n\n<div class=\"gb-grid-column gb-grid-column-523c50df\"><div class=\"gb-container gb-container-523c50df\"><div class=\"gb-inside-container\">\n\n<div class=\"wp-block-cover is-light hide-mobile\" style=\"min-height:250px;aspect-ratio:unset;\"><span aria-hidden=\"true\" class=\"wp-block-cover__background has-background-dim-0 has-background-dim\"><\/span><img loading=\"lazy\" decoding=\"async\" width=\"540\" height=\"350\" class=\"wp-block-cover__image-background wp-image-15295\" alt=\"\" src=\"https:\/\/prod-cdn-portal.foreverliving.se\/wp-content\/uploads\/2022\/12\/Inspo_Branding_550x300_3.jpg\" style=\"object-position:60% 46%\" data-object-fit=\"cover\" data-object-position=\"60% 46%\"\/><div class=\"wp-block-cover__inner-container is-layout-flow wp-block-cover-is-layout-flow\">\n<p class=\"has-text-align-center has-large-font-size\"><\/p>\n<\/div><\/div>\n\n<\/div><\/div><\/div>\n\n<div class=\"gb-grid-column gb-grid-column-90dbc8a0\"><div class=\"gb-container gb-container-90dbc8a0\"><div class=\"gb-inside-container\">\n\n<div class=\"wp-block-cover is-light\" style=\"min-height:250px;aspect-ratio:unset;\"><span aria-hidden=\"true\" class=\"wp-block-cover__background has-background-dim-0 has-background-dim\"><\/span><img loading=\"lazy\" decoding=\"async\" width=\"540\" height=\"350\" class=\"wp-block-cover__image-background wp-image-15278\" alt=\"\" src=\"https:\/\/prod-cdn-portal.foreverliving.se\/wp-content\/uploads\/2022\/12\/Inspo_Branding_550x300_2t.jpg\" data-object-fit=\"cover\"\/><div class=\"wp-block-cover__inner-container is-layout-flow wp-block-cover-is-layout-flow\">\n<p class=\"has-text-align-center has-large-font-size\"><\/p>\n<\/div><\/div>\n\n<\/div><\/div><\/div>\n<\/div>\n<\/div><\/div>\n\n<div class=\"gb-container gb-container-08ec1842\"><div class=\"gb-inside-container\">\n<div class=\"gb-grid-wrapper gb-grid-wrapper-140fe94b\">\n<div class=\"gb-grid-column gb-grid-column-ba3fd2f6\"><div class=\"gb-container gb-container-ba3fd2f6\"><div class=\"gb-inside-container\">\n\n<h3 class=\"gb-headline gb-headline-d554a69e gb-headline-text\"><strong>BR\u00c4ND\u00c4YS<\/strong><\/h3>\n\n\n\n<p class=\"gb-headline gb-headline-c8be4103 gb-headline-text\">Yhdysvaltalainen runoilija Maya Angelou on sanonut:<em>\u201dOlen oppinut, ett\u00e4 ihmiset unohtavat, mit\u00e4 olet sanonut ja tehnyt, mutta he eiv\u00e4t koskaan unohda sit\u00e4, mit\u00e4 sait heid\u00e4t tuntemaan.\u201d<\/em> T\u00e4m\u00e4 on hyv\u00e4 muistutus muiden kohtaamisesta, mutta my\u00f6s erinomainen perusajatus, kun rakennat yrityst\u00e4si ja tuotemerkki\u00e4si.<\/p>\n\n\n\n<p class=\"gb-headline gb-headline-7c459319 gb-headline-text\"><strong>Luo lis\u00e4arvoa<\/strong><\/p>\n\n\n\n<p class=\"gb-headline gb-headline-b7ab127d gb-headline-text\">Henkil\u00f6kohtaiset suhteet ovat Forever-liiketoiminnan ytimess\u00e4. Voit rakentaa uskollisuutta luomalla lis\u00e4arvoa yrityksen tuotteille ja palveluille. Arvo voi olla esimerkiksi viihdytt\u00e4mist\u00e4 ja innostamista, vinkkien antamista ja keskustelemista. V\u00e4h\u00e4n samaa, mit\u00e4 saat hyv\u00e4lt\u00e4 yst\u00e4v\u00e4lt\u00e4.<\/p>\n\n\n\n<p class=\"gb-headline gb-headline-6397586a gb-headline-text\"><em>Tee n\u00e4in<\/em><\/p>\n\n\n<div class=\"gb-container gb-container-6e288ef3\"><div class=\"gb-inside-container\">\n\n<ol class=\"wp-block-list\"><li>L\u00f6yd\u00e4 oma erikoisalasi. Miss\u00e4 olet hyv\u00e4? Kirjoita yl\u00f6s 1\u20133 osaamisaluetta, joissa olet hyv\u00e4 tai joissa haluat kehitty\u00e4 hyv\u00e4ksi. Esimerkkej\u00e4: Liikunta, el\u00e4intenhoito, matkat, kauneus, ihonhoito, ruokavalio tai henkil\u00f6kohtainen kehitys.<\/li><li>Opettele kertomaan osaamisestasi muille. Soita yst\u00e4v\u00e4lle ja kysy, mit\u00e4 kolmea ominaisuutta h\u00e4n arvostaa eniten yst\u00e4vyydess\u00e4nne.<\/li><li>K\u00e4yt\u00e4 erikoisalaluetteloasi yhdess\u00e4 ominaisuusluettelon kanssa ja mieti, mit\u00e4 konkreettisia toimia voit yrityksess\u00e4si tehd\u00e4, jotta pystyt luomaan l\u00e4heisi\u00e4 ja luottamuksellisia suhteita asiakkaisiin ja tiimiisi.<\/li><\/ol>\n\n<\/div><\/div>\n\n\n<p class=\"gb-headline gb-headline-3a16b072 gb-headline-text\"><strong>Esimerkki<\/strong><\/p>\n\n\n\n<p class=\"gb-headline gb-headline-ebdc867f gb-headline-text\"><em>Erikoisalani:<\/em> Liikunta, henkil\u00f6kohtainen kehitys, elokuvat. <br><em>Ominaisuuteni yst\u00e4v\u00e4n\u00e4:<\/em> Annan hyvi\u00e4 neuvoja, olen positiivinen ja lojaali. <br><em> FBO:na keskityn n\u00e4ihin:<\/em> Jaan osaamista ja annan vinkkej\u00e4 tuotteista ja koulutuksista, viestin positiivisesti ja pid\u00e4n yhteytt\u00e4 asiakkaisiini, vastaan kysymyksiin ja toimitan nopeasti.<\/p>\n\n\n\n<p class=\"gb-headline gb-headline-7341db35 gb-headline-text\"><strong>Tunnistettavuus<\/strong><\/p>\n\n\n\n<p class=\"gb-headline gb-headline-b0df076f gb-headline-text\">T\u00e4rke\u00e4 osa tuotemerkin rakentamista on tunnistettavuus. K\u00e4yt\u00e4 Foreverin materiaaleja viestinn\u00e4ss\u00e4 ja markkinoinnissa asiakkaille, prospekteille ja tiiminj\u00e4senille. Forever Style Guide sis\u00e4lt\u00e4\u00e4 ohjeita ja vinkkej\u00e4 v\u00e4rien ja layoutien hy\u00f6dynt\u00e4miseen. Saat my\u00f6s k\u00e4ytt\u00e4\u00e4 logojamme laatiessasi omia materiaaleja. <br><br>L\u00f6yd\u00e4t <em>Style Guide<\/em> ja <em>Logotyper<\/em> maailmanlaajuisen sivuston kohdasta <a href=\"https:\/\/foreverliving.com\/account\/fin\/fi-fi\/dashboard\/tools\" target=\"_blank\" rel=\"noreferrer noopener\">Ty\u00f6kalut\/Branding<\/a>.<\/p>\n\n<\/div><\/div><\/div>\n<\/div>\n<\/div><\/div>\n\n<div class=\"gb-container gb-container-19e63163\"><div class=\"gb-inside-container\">\n<div class=\"gb-grid-wrapper gb-grid-wrapper-92cd98b3\">\n<div class=\"gb-grid-column gb-grid-column-59ce1eeb\"><div class=\"gb-container gb-container-59ce1eeb\"><div class=\"gb-inside-container\"><\/div><\/div><\/div>\n\n<div class=\"gb-grid-column gb-grid-column-3c0063f6\"><div class=\"gb-container gb-container-3c0063f6\"><div class=\"gb-inside-container\">\n\n<h3 class=\"gb-headline gb-headline-4b55c301 gb-headline-text\"><strong>TARKISTUSLISTAAN<\/strong><\/h3>\n\n\n<div class=\"gb-container gb-container-dc99d83c\"><div class=\"gb-inside-container\">\n\n<ul class=\"wp-block-list\"><li>L\u00f6yd\u00e4 oma erikoisalasi.<\/li><li>Luo suhteita.<\/li><li>Pid\u00e4 yhteytt\u00e4 kontakteihisi.<\/li><li>K\u00e4yt\u00e4 Foreverin logoja ja noudata Foreverin graafista ohjeistusta laatiessasi omia materiaaleja.<\/li><\/ul>\n\n<\/div><\/div>\n<\/div><\/div><\/div>\n\n<div class=\"gb-grid-column gb-grid-column-17ad5bdf\"><div class=\"gb-container gb-container-17ad5bdf\"><div class=\"gb-inside-container\"><\/div><\/div><\/div>\n<\/div>\n<\/div><\/div>\n\n<div class=\"gb-container gb-container-fddf25c0\"><div class=\"gb-inside-container\">\n<div class=\"gb-grid-wrapper gb-grid-wrapper-8c415420\">\n<div class=\"gb-grid-column gb-grid-column-c0469183\"><div class=\"gb-container gb-container-c0469183\"><div class=\"gb-inside-container\">\n\n<div class=\"wp-block-cover is-light\"><span aria-hidden=\"true\" class=\"wp-block-cover__background has-background-dim-0 has-background-dim\"><\/span><img loading=\"lazy\" decoding=\"async\" width=\"1100\" height=\"500\" class=\"wp-block-cover__image-background wp-image-15300\" alt=\"\" src=\"https:\/\/prod-cdn-portal.foreverliving.se\/wp-content\/uploads\/2022\/12\/Inspobild_branding_high_footer.jpg\" style=\"object-position:38% 38%\" data-object-fit=\"cover\" data-object-position=\"38% 38%\" srcset=\"https:\/\/foreverliving.hemsida.eu\/wp-content\/uploads\/2022\/12\/Inspobild_branding_high_footer.jpg 1100w, https:\/\/foreverliving.hemsida.eu\/wp-content\/uploads\/2022\/12\/Inspobild_branding_high_footer-768x349.jpg 768w\" sizes=\"auto, (max-width: 1100px) 100vw, 1100px\" \/><div class=\"wp-block-cover__inner-container is-layout-flow wp-block-cover-is-layout-flow\">\n<p class=\"has-text-align-center has-large-font-size\"><\/p>\n<\/div><\/div>\n\n<\/div><\/div><\/div>\n<\/div>\n<\/div><\/div>\n\n<div class=\"gb-container gb-container-ec2b0431\"><div class=\"gb-inside-container\">\n<div class=\"gb-grid-wrapper gb-grid-wrapper-d8a40e2c\">\n<div class=\"gb-grid-column gb-grid-column-1ade5ac2\"><div class=\"gb-container gb-container-1ade5ac2\"><div class=\"gb-inside-container\">\n\n<h3 class=\"gb-headline gb-headline-3b1effa3 gb-headline-text\">EETTINEN LIIKETOIMINTA<\/h3>\n\n\n\n<p class=\"gb-headline gb-headline-0f818c30 gb-headline-text\">S\u00e4\u00e4nt\u00f6jen ja k\u00e4yt\u00e4nt\u00f6jen noudattaminen on t\u00e4rke\u00e4\u00e4 verkossa ty\u00f6skennelt\u00e4ess\u00e4, henkil\u00f6kohtaisissa tapaamisissa, tapahtumissa ja muissa yhteyksiss\u00e4. Harjoittaessasi Forever-liiketoimintaa edustat oman tuotemerkkisi lis\u00e4ksi Foreverin tuotemerkki\u00e4. Ty\u00f6skentele reilusti ja varmista, ett\u00e4 henkil\u00f6lle, jonka kanssa olet tekemisiss\u00e4, j\u00e4\u00e4 aina hyv\u00e4 maku suuhun. Siit\u00e4 huolimatta, tuleeko h\u00e4nest\u00e4 asiakas tai FBO. P\u00e4\u00e4set pitk\u00e4lle jo terveell\u00e4 j\u00e4rjell\u00e4 ja olemalla mukava ihmisille.<\/p>\n\n<\/div><\/div><\/div>\n<\/div>\n<\/div><\/div>","protected":false},"excerpt":{"rendered":"","protected":false},"author":8,"featured_media":0,"parent":0,"menu_order":169,"comment_status":"closed","ping_status":"closed","template":"","meta":{"_acf_changed":false,"_eb_attr":"","_crsspst_to_flhemsidaeu":false,"inline_featured_image":false,"pgc_sgb_lightbox_settings":"","footnotes":""},"class_list":["post-16580","page","type-page","status-publish","hentry"],"featured_image_src":null,"acf":[],"publishpress_future_action":{"enabled":false,"date":"2026-05-05 00:39:13","action":"change-status","newStatus":"draft","terms":[],"taxonomy":"translation_priority","extraData":[]},"publishpress_future_workflow_manual_trigger":{"enabledWorkflows":[]},"_links":{"self":[{"href":"https:\/\/foreverliving.hemsida.eu\/fi\/wp-json\/wp\/v2\/pages\/16580","targetHints":{"allow":["GET"]}}],"collection":[{"href":"https:\/\/foreverliving.hemsida.eu\/fi\/wp-json\/wp\/v2\/pages"}],"about":[{"href":"https:\/\/foreverliving.hemsida.eu\/fi\/wp-json\/wp\/v2\/types\/page"}],"author":[{"embeddable":true,"href":"https:\/\/foreverliving.hemsida.eu\/fi\/wp-json\/wp\/v2\/users\/8"}],"replies":[{"embeddable":true,"href":"https:\/\/foreverliving.hemsida.eu\/fi\/wp-json\/wp\/v2\/comments?post=16580"}],"version-history":[{"count":0,"href":"https:\/\/foreverliving.hemsida.eu\/fi\/wp-json\/wp\/v2\/pages\/16580\/revisions"}],"wp:attachment":[{"href":"https:\/\/foreverliving.hemsida.eu\/fi\/wp-json\/wp\/v2\/media?parent=16580"}],"curies":[{"name":"wp","href":"https:\/\/api.w.org\/{rel}","templated":true}]}}