
{"id":16595,"date":"2022-12-15T13:15:02","date_gmt":"2022-12-15T12:15:02","guid":{"rendered":"https:\/\/foreverliving.hemsida.eu\/forever-force\/"},"modified":"2025-01-07T16:20:44","modified_gmt":"2025-01-07T15:20:44","slug":"forever-force","status":"publish","type":"page","link":"https:\/\/foreverliving.hemsida.eu\/fi\/forever-force\/","title":{"rendered":"Forever Force"},"content":{"rendered":"<div class=\"gb-container gb-container-b9143b3a\"><div class=\"gb-inside-container\">\n\n<div class=\"wp-block-cover is-light\"><span aria-hidden=\"true\" class=\"wp-block-cover__background has-background-dim-0 has-background-dim\"><\/span><img loading=\"lazy\" decoding=\"async\" width=\"1350\" height=\"300\" class=\"wp-block-cover__image-background wp-image-13387\" alt=\"\" src=\"https:\/\/prod-cdn-portal.foreverliving.se\/wp-content\/uploads\/2022\/12\/ForeverForce_Cover_1350x300.jpg\" style=\"object-position:65% 52%\" data-object-fit=\"cover\" data-object-position=\"65% 52%\" srcset=\"https:\/\/foreverliving.hemsida.eu\/wp-content\/uploads\/2022\/12\/ForeverForce_Cover_1350x300.jpg 1350w, https:\/\/foreverliving.hemsida.eu\/wp-content\/uploads\/2022\/12\/ForeverForce_Cover_1350x300-768x171.jpg 768w\" sizes=\"auto, (max-width: 1350px) 100vw, 1350px\" \/><div class=\"wp-block-cover__inner-container is-layout-flow wp-block-cover-is-layout-flow\">\n<p class=\"has-text-align-center has-large-font-size\"><\/p>\n<\/div><\/div>\n\n<\/div><\/div>\n\n<div class=\"gb-container gb-container-9cf6e00a\"><div class=\"gb-inside-container\">\n<div class=\"gb-grid-wrapper gb-grid-wrapper-c429021a\">\n<div class=\"gb-grid-column gb-grid-column-24b63e58\"><div class=\"gb-container gb-container-24b63e58\"><div class=\"gb-inside-container\">\n\n<h1 class=\"gb-headline gb-headline-9abeb5ea gb-headline-text\">MIK\u00c4 FOREVER FORCE ON?<\/h1>\n\n<\/div><\/div><\/div>\n<\/div>\n<\/div><\/div>\n\n<div class=\"gb-container gb-container-80474a95\"><div class=\"gb-inside-container\">\n<div class=\"gb-grid-wrapper gb-grid-wrapper-e3d1c911\">\n<div class=\"gb-grid-column gb-grid-column-2aca782a\"><div class=\"gb-container gb-container-2aca782a\"><div class=\"gb-inside-container\">\n\n<p class=\"gb-headline gb-headline-a3ea622d gb-headline-text\"><strong>Forever Force tarkoittaa yhteisi\u00e4 arvojamme. <\/strong><strong>Kun omaksut Forever Forcen osaksi p\u00e4ivitt\u00e4ist\u00e4 ty\u00f6t\u00e4si, se ei ole vain sanoja paperilla, vaan osa liiketoimintaasi.<\/strong><\/p>\n\n<\/div><\/div><\/div>\n<\/div>\n<\/div><\/div>\n\n<div class=\"gb-container gb-container-dc6b65a7\"><div class=\"gb-inside-container\">\n<div class=\"gb-grid-wrapper gb-grid-wrapper-96312dc0\">\n<div class=\"gb-grid-column gb-grid-column-e883bc51\"><div class=\"gb-container gb-container-e883bc51\"><div class=\"gb-inside-container\">\n\n<div class=\"wp-block-cover is-light\" style=\"min-height:250px;aspect-ratio:unset;\"><span aria-hidden=\"true\" class=\"wp-block-cover__background has-background-dim-0 has-background-dim\" style=\"background-color:#caaa94\"><\/span><img loading=\"lazy\" decoding=\"async\" width=\"360\" height=\"250\" class=\"wp-block-cover__image-background wp-image-48451\" alt=\"\" src=\"https:\/\/foreverliving.hemsida.eu\/wp-content\/uploads\/2025\/01\/Inspo1_new_360x250.jpg\" data-object-fit=\"cover\" srcset=\"https:\/\/foreverliving.hemsida.eu\/wp-content\/uploads\/2025\/01\/Inspo1_new_360x250.jpg 360w, https:\/\/foreverliving.hemsida.eu\/wp-content\/uploads\/2025\/01\/Inspo1_new_360x250-300x208.jpg 300w, https:\/\/foreverliving.hemsida.eu\/wp-content\/uploads\/2025\/01\/Inspo1_new_360x250-50x35.jpg 50w\" sizes=\"auto, (max-width: 360px) 100vw, 360px\" \/><div class=\"wp-block-cover__inner-container is-layout-flow wp-block-cover-is-layout-flow\">\n<p class=\"has-text-align-center has-large-font-size\"><\/p>\n<\/div><\/div>\n\n<\/div><\/div><\/div>\n\n<div class=\"gb-grid-column gb-grid-column-523c50df\"><div class=\"gb-container gb-container-523c50df\"><div class=\"gb-inside-container\">\n\n<div class=\"wp-block-cover is-light hide-mobile\" style=\"min-height:250px;aspect-ratio:unset;\"><span aria-hidden=\"true\" class=\"wp-block-cover__background has-background-dim-0 has-background-dim\" style=\"background-color:#cbb4a7\"><\/span><img loading=\"lazy\" decoding=\"async\" width=\"360\" height=\"250\" class=\"wp-block-cover__image-background wp-image-48439\" alt=\"\" src=\"https:\/\/foreverliving.hemsida.eu\/wp-content\/uploads\/2025\/01\/Inspo2_new_360x250.jpg\" data-object-fit=\"cover\" srcset=\"https:\/\/foreverliving.hemsida.eu\/wp-content\/uploads\/2025\/01\/Inspo2_new_360x250.jpg 360w, https:\/\/foreverliving.hemsida.eu\/wp-content\/uploads\/2025\/01\/Inspo2_new_360x250-300x208.jpg 300w, https:\/\/foreverliving.hemsida.eu\/wp-content\/uploads\/2025\/01\/Inspo2_new_360x250-50x35.jpg 50w\" sizes=\"auto, (max-width: 360px) 100vw, 360px\" \/><div class=\"wp-block-cover__inner-container is-layout-flow wp-block-cover-is-layout-flow\">\n<p class=\"has-text-align-center has-large-font-size\"><\/p>\n<\/div><\/div>\n\n<\/div><\/div><\/div>\n\n<div class=\"gb-grid-column gb-grid-column-90dbc8a0\"><div class=\"gb-container gb-container-90dbc8a0\"><div class=\"gb-inside-container\">\n\n<div class=\"wp-block-cover is-light\" style=\"min-height:250px;aspect-ratio:unset;\"><span aria-hidden=\"true\" class=\"wp-block-cover__background has-background-dim-0 has-background-dim\" style=\"background-color:#ccb9a0\"><\/span><img loading=\"lazy\" decoding=\"async\" width=\"360\" height=\"250\" class=\"wp-block-cover__image-background wp-image-48445\" alt=\"\" src=\"https:\/\/foreverliving.hemsida.eu\/wp-content\/uploads\/2025\/01\/Inspo3_new_360x250.jpg\" data-object-fit=\"cover\" srcset=\"https:\/\/foreverliving.hemsida.eu\/wp-content\/uploads\/2025\/01\/Inspo3_new_360x250.jpg 360w, https:\/\/foreverliving.hemsida.eu\/wp-content\/uploads\/2025\/01\/Inspo3_new_360x250-300x208.jpg 300w, https:\/\/foreverliving.hemsida.eu\/wp-content\/uploads\/2025\/01\/Inspo3_new_360x250-50x35.jpg 50w\" sizes=\"auto, (max-width: 360px) 100vw, 360px\" \/><div class=\"wp-block-cover__inner-container is-layout-flow wp-block-cover-is-layout-flow\">\n<p class=\"has-text-align-center has-large-font-size\"><\/p>\n<\/div><\/div>\n\n<\/div><\/div><\/div>\n<\/div>\n<\/div><\/div>\n\n<div class=\"gb-container gb-container-08ec1842\"><div class=\"gb-inside-container\">\n<div class=\"gb-grid-wrapper gb-grid-wrapper-140fe94b\">\n<div class=\"gb-grid-column gb-grid-column-ba3fd2f6\"><div class=\"gb-container gb-container-ba3fd2f6\"><div class=\"gb-inside-container\">\n\n<p class=\"gb-headline gb-headline-d554a69e gb-headline-text\"><strong>Me luomme mahdollisuuksia<\/strong><\/p>\n\n\n\n<p class=\"gb-headline gb-headline-c8be4103 gb-headline-text\">Me luomme Foreveriss\u00e4 mahdollisuuksia v\u00e4litt\u00e4m\u00e4ll\u00e4 laadukkaita tuotteita, jotka tukevat terveellist\u00e4 el\u00e4m\u00e4ntapaa. Tarjoamme my\u00f6s mahdollisuuden oman ajan hallintaan aloittamalla oman yritystoiminnan. <br><br>Mit\u00e4 voit tehd\u00e4 luodaksesi mahdollisuuksia ymp\u00e4rill\u00e4si oleville ihmisille?<\/p>\n\n<\/div><\/div><\/div>\n\n<div class=\"gb-grid-column gb-grid-column-fced0597\"><div class=\"gb-container gb-container-fced0597\"><div class=\"gb-inside-container\">\n\n<p class=\"gb-headline gb-headline-f956e0b8 gb-headline-text\"><strong>Yhteisty\u00f6 vie meid\u00e4t pidemm\u00e4lle<\/strong><\/p>\n\n\n\n<p class=\"gb-headline gb-headline-7de55854 gb-headline-text\">Jokainen meist\u00e4 on vain pieni yritt\u00e4j\u00e4, mutta yhdess\u00e4 olemme suuri ja voimakas. Meit\u00e4 on monta, joilla on kunnianhimoa ja luomisvoimaa, ja p\u00e4\u00e4semme pisimm\u00e4lle, kun pyrimme yhdess\u00e4 samaan suuntaan. Yhteisten tapahtumien, webinarien, harjoitusten ja juhlien ansiosta jaamme menestymiset ja vastoink\u00e4ymiset ja voimme antaa ja saada tukea, kun sit\u00e4 tarvitsemme. <br><br>Miten voit tehd\u00e4 yhteisty\u00f6t\u00e4 muiden FBO:iden kanssa?<\/p>\n\n<\/div><\/div><\/div>\n\n<div class=\"gb-grid-column gb-grid-column-be74361f\"><div class=\"gb-container gb-container-be74361f\"><div class=\"gb-inside-container\">\n\n<p class=\"gb-headline gb-headline-4652f8e5 gb-headline-text\"><strong>Olemme yhdess\u00e4 vastuussa uskottavuudestamme<\/strong><\/p>\n\n\n\n<p class=\"gb-headline gb-headline-915fd283 gb-headline-text\">Sin\u00e4 ja kaikki muut FBO:t rakennat yhdess\u00e4 toimiston Foreverin br\u00e4ndin ja uskottavuuden kanssa. Ainoa tapa tulla uskottavaksi on el\u00e4\u00e4 br\u00e4ndi\u00e4si, n\u00e4ytt\u00e4\u00e4 omalla tavallasi, mik\u00e4 on t\u00e4rke\u00e4\u00e4. <br><br>Kysy itselt\u00e4si, haluaisitko tehd\u00e4 ostoksia itsellesi?<\/p>\n\n<\/div><\/div><\/div>\n<\/div>\n<\/div><\/div>\n\n<div class=\"gb-container gb-container-cda21a34\"><div class=\"gb-inside-container\">\n<div class=\"gb-grid-wrapper gb-grid-wrapper-78afdfef\">\n<div class=\"gb-grid-column gb-grid-column-2786c75a\"><div class=\"gb-container gb-container-2786c75a\"><div class=\"gb-inside-container\">\n\n<div class=\"wp-block-cover hide-mobile\" style=\"min-height:250px;aspect-ratio:unset;\"><span aria-hidden=\"true\" class=\"wp-block-cover__background has-background-dim-0 has-background-dim\"><\/span><img loading=\"lazy\" decoding=\"async\" width=\"360\" height=\"250\" class=\"wp-block-cover__image-background wp-image-13909\" alt=\"\" src=\"https:\/\/prod-cdn-portal.foreverliving.se\/wp-content\/uploads\/2022\/12\/Inspo_Aloe_360x250.jpg\" style=\"object-position:51% 51%\" data-object-fit=\"cover\" data-object-position=\"51% 51%\"\/><div class=\"wp-block-cover__inner-container is-layout-flow wp-block-cover-is-layout-flow\">\n<p class=\"has-text-align-center has-large-font-size\"><\/p>\n<\/div><\/div>\n\n<\/div><\/div><\/div>\n\n<div class=\"gb-grid-column gb-grid-column-67eca3c5\"><div class=\"gb-container gb-container-67eca3c5\"><div class=\"gb-inside-container\">\n\n<div class=\"wp-block-cover\" style=\"min-height:250px;aspect-ratio:unset;\"><span aria-hidden=\"true\" class=\"wp-block-cover__background has-background-dim-0 has-background-dim\" style=\"background-color:#866f38\"><\/span><img loading=\"lazy\" decoding=\"async\" width=\"360\" height=\"250\" class=\"wp-block-cover__image-background wp-image-48433\" alt=\"\" src=\"https:\/\/foreverliving.hemsida.eu\/wp-content\/uploads\/2025\/01\/Inspo_PET_360x250.jpg\" data-object-fit=\"cover\" srcset=\"https:\/\/foreverliving.hemsida.eu\/wp-content\/uploads\/2025\/01\/Inspo_PET_360x250.jpg 360w, https:\/\/foreverliving.hemsida.eu\/wp-content\/uploads\/2025\/01\/Inspo_PET_360x250-300x208.jpg 300w, https:\/\/foreverliving.hemsida.eu\/wp-content\/uploads\/2025\/01\/Inspo_PET_360x250-50x35.jpg 50w\" sizes=\"auto, (max-width: 360px) 100vw, 360px\" \/><div class=\"wp-block-cover__inner-container is-layout-flow wp-block-cover-is-layout-flow\">\n<p class=\"has-text-align-center has-large-font-size\"><\/p>\n<\/div><\/div>\n\n<\/div><\/div><\/div>\n\n<div class=\"gb-grid-column gb-grid-column-1610826a\"><div class=\"gb-container gb-container-1610826a\"><div class=\"gb-inside-container\">\n\n<div class=\"wp-block-cover is-light\" style=\"min-height:250px;aspect-ratio:unset;\"><span aria-hidden=\"true\" class=\"wp-block-cover__background has-background-dim-0 has-background-dim\"><\/span><img loading=\"lazy\" decoding=\"async\" width=\"360\" height=\"250\" class=\"wp-block-cover__image-background wp-image-13913\" alt=\"\" src=\"https:\/\/prod-cdn-portal.foreverliving.se\/wp-content\/uploads\/2022\/12\/Inspo_Man_360x250.jpg\" style=\"object-position:55% 49%\" data-object-fit=\"cover\" data-object-position=\"55% 49%\"\/><div class=\"wp-block-cover__inner-container is-layout-flow wp-block-cover-is-layout-flow\">\n<p class=\"has-text-align-center has-large-font-size\"><\/p>\n<\/div><\/div>\n\n<\/div><\/div><\/div>\n<\/div>\n<\/div><\/div>\n\n<div class=\"gb-container gb-container-b00b64a9\"><div class=\"gb-inside-container\">\n<div class=\"gb-grid-wrapper gb-grid-wrapper-4a712b7a\">\n<div class=\"gb-grid-column gb-grid-column-20b191f1\"><div class=\"gb-container gb-container-20b191f1\"><div class=\"gb-inside-container\">\n\n<p class=\"gb-headline gb-headline-1272cf89 gb-headline-text\"><strong>Ylpeytt\u00e4 osaamisen kautta<\/strong><\/p>\n\n\n\n<p class=\"gb-headline gb-headline-be6d9321 gb-headline-text\">Me Foreverill\u00e4 olemme eritt\u00e4in ylpeit\u00e4; olemme ylpeit\u00e4 tuotteistamme, Aloe Vera osaamisestamme ja liiketoimintamallistamme. Kun pid\u00e4mme itsemme jatkuvasti ajan tasalla, voimme osaamisemme avulla tuntea olomme varmoiksi ja ylpeiksi. <br><br>Miten voimme s\u00e4ilytt\u00e4\u00e4 sen tiedon, joka yrityksess\u00e4 on?<\/p>\n\n<\/div><\/div><\/div>\n\n<div class=\"gb-grid-column gb-grid-column-68a239df\"><div class=\"gb-container gb-container-68a239df\"><div class=\"gb-inside-container\">\n\n<p class=\"gb-headline gb-headline-ce51e290 gb-headline-text\"><strong>Avoin ja suoral\u00e4hestymistapa asioihin <strong>\u2013<\/strong> unohtamatta pilkett\u00e4 silm\u00e4kulmassa<\/strong><\/p>\n\n\n\n<p class=\"gb-headline gb-headline-b59e9913 gb-headline-text\">Menestyt, kun puhut avoimesti, rehellisesti ja yst\u00e4v\u00e4llisesti ja sinulla on pilkett\u00e4 silm\u00e4kulmassa Autamme toisiamme tuomalla ongelmia esiin ja huomauttamalla yst\u00e4v\u00e4llisesti, jos joku ei noudata arvoja tai vahingoittaa Foreverin tuotemerkki\u00e4. <br><br>Mieti niit\u00e4 tiimisi j\u00e4seni\u00e4, jotka mielest\u00e4si el\u00e4v\u00e4t t\u00e4m\u00e4n mukaan, miten he viestiv\u00e4t?<\/p>\n\n<\/div><\/div><\/div>\n\n<div class=\"gb-grid-column gb-grid-column-87fd010f\"><div class=\"gb-container gb-container-87fd010f\"><div class=\"gb-inside-container\">\n\n<p class=\"gb-headline gb-headline-da82c58a gb-headline-text\"><strong>Meill\u00e4 on erilaiset kannustimet <strong>\u2013<\/strong><\/strong> <strong>mutta rakennamme yht\u00e4 yrityst\u00e4<\/strong><\/p>\n\n\n\n<p class=\"gb-headline gb-headline-cc1635ca gb-headline-text\">Erilaiset syyt houkuttelevat meid\u00e4t Forever-yritt\u00e4jiksi, ja jokainen FBO toimii itsen\u00e4isesti. On kuitenkin t\u00e4rke\u00e4\u00e4 muistaa, ett\u00e4 rakennamme yht\u00e4 yrityst\u00e4 ja yht\u00e4 tuotemerkki\u00e4. Ulkopuolisen n\u00e4k\u00f6kulmasta katsottuna edustat yht\u00e4 paljon Foreveri\u00e4 kuin p\u00e4\u00e4konttorikin. Pid\u00e4 huolta siit\u00e4, ett\u00e4 voimme olla Foreverist\u00e4 ylpeit\u00e4! <br><br>Miten Forever Force n\u00e4kyy tiimisi ty\u00f6skentelyss\u00e4?<\/p>\n\n<\/div><\/div><\/div>\n<\/div>\n<\/div><\/div>\n\n<div class=\"gb-container gb-container-317f557e\"><div class=\"gb-inside-container\">\n<div class=\"gb-grid-wrapper gb-grid-wrapper-60598106\">\n<div class=\"gb-grid-column gb-grid-column-ad61080d\"><div class=\"gb-container gb-container-ad61080d\"><div class=\"gb-inside-container\">\n\n<div class=\"wp-block-cover is-light\"><span aria-hidden=\"true\" class=\"wp-block-cover__background has-background-dim-0 has-background-dim\"><\/span><img loading=\"lazy\" decoding=\"async\" width=\"1350\" height=\"300\" class=\"wp-block-cover__image-background wp-image-13895\" alt=\"\" src=\"https:\/\/prod-cdn-portal.foreverliving.se\/wp-content\/uploads\/2022\/12\/ForeverForce_Footer_field_aloe_1350x300.jpg\" style=\"object-position:36% 50%\" data-object-fit=\"cover\" data-object-position=\"36% 50%\" srcset=\"https:\/\/foreverliving.hemsida.eu\/wp-content\/uploads\/2022\/12\/ForeverForce_Footer_field_aloe_1350x300.jpg 1350w, https:\/\/foreverliving.hemsida.eu\/wp-content\/uploads\/2022\/12\/ForeverForce_Footer_field_aloe_1350x300-768x171.jpg 768w\" sizes=\"auto, (max-width: 1350px) 100vw, 1350px\" \/><div class=\"wp-block-cover__inner-container is-layout-flow wp-block-cover-is-layout-flow\">\n<p class=\"has-text-align-center has-large-font-size\"><\/p>\n<\/div><\/div>\n\n<\/div><\/div><\/div>\n<\/div>\n<\/div><\/div>","protected":false},"excerpt":{"rendered":"","protected":false},"author":8,"featured_media":0,"parent":0,"menu_order":172,"comment_status":"closed","ping_status":"closed","template":"","meta":{"_acf_changed":false,"_eb_attr":"","_crsspst_to_flhemsidaeu":false,"inline_featured_image":false,"pgc_sgb_lightbox_settings":"","footnotes":""},"class_list":["post-16595","page","type-page","status-publish","hentry"],"featured_image_src":null,"acf":[],"publishpress_future_action":{"enabled":false,"date":"2026-05-05 00:39:13","action":"change-status","newStatus":"draft","terms":[],"taxonomy":"translation_priority","extraData":[]},"publishpress_future_workflow_manual_trigger":{"enabledWorkflows":[]},"_links":{"self":[{"href":"https:\/\/foreverliving.hemsida.eu\/fi\/wp-json\/wp\/v2\/pages\/16595","targetHints":{"allow":["GET"]}}],"collection":[{"href":"https:\/\/foreverliving.hemsida.eu\/fi\/wp-json\/wp\/v2\/pages"}],"about":[{"href":"https:\/\/foreverliving.hemsida.eu\/fi\/wp-json\/wp\/v2\/types\/page"}],"author":[{"embeddable":true,"href":"https:\/\/foreverliving.hemsida.eu\/fi\/wp-json\/wp\/v2\/users\/8"}],"replies":[{"embeddable":true,"href":"https:\/\/foreverliving.hemsida.eu\/fi\/wp-json\/wp\/v2\/comments?post=16595"}],"version-history":[{"count":0,"href":"https:\/\/foreverliving.hemsida.eu\/fi\/wp-json\/wp\/v2\/pages\/16595\/revisions"}],"wp:attachment":[{"href":"https:\/\/foreverliving.hemsida.eu\/fi\/wp-json\/wp\/v2\/media?parent=16595"}],"curies":[{"name":"wp","href":"https:\/\/api.w.org\/{rel}","templated":true}]}}