
{"id":8832,"date":"2022-08-04T10:28:34","date_gmt":"2022-08-04T08:28:34","guid":{"rendered":"http:\/\/fbo-i-fboin-15qbdnwwliwk4-1036648368.eu-west-1.elb.amazonaws.com\/inspiraatiopaivan-jarjestaminen\/"},"modified":"2023-01-19T11:23:54","modified_gmt":"2023-01-19T10:23:54","slug":"inspiraatiopaivan-jarjestaminen","status":"publish","type":"page","link":"https:\/\/foreverliving.hemsida.eu\/fi\/inspiraatiopaivan-jarjestaminen\/","title":{"rendered":"Inspiraatiop\u00e4iv\u00e4n j\u00e4rjest\u00e4minen"},"content":{"rendered":"<div class=\"gb-container gb-container-9428800b\"><div class=\"gb-inside-container\">\n\n<div class=\"wp-block-cover is-light\"><span aria-hidden=\"true\" class=\"wp-block-cover__background has-background-dim-0 has-background-dim\"><\/span><img loading=\"lazy\" decoding=\"async\" width=\"1350\" height=\"300\" class=\"wp-block-cover__image-background wp-image-4257\" alt=\"\" src=\"https:\/\/prod-cdn-portal.foreverliving.se\/wp-content\/uploads\/2022\/09\/Inspirationsdag_Cover_1350x300.jpg\" style=\"object-position:50% 52%\" data-object-fit=\"cover\" data-object-position=\"50% 52%\" srcset=\"https:\/\/foreverliving.hemsida.eu\/wp-content\/uploads\/2022\/09\/Inspirationsdag_Cover_1350x300.jpg 1350w, https:\/\/foreverliving.hemsida.eu\/wp-content\/uploads\/2022\/09\/Inspirationsdag_Cover_1350x300-400x89.jpg 400w, https:\/\/foreverliving.hemsida.eu\/wp-content\/uploads\/2022\/09\/Inspirationsdag_Cover_1350x300-1080x240.jpg 1080w, https:\/\/foreverliving.hemsida.eu\/wp-content\/uploads\/2022\/09\/Inspirationsdag_Cover_1350x300-768x171.jpg 768w\" sizes=\"auto, (max-width: 1350px) 100vw, 1350px\" \/><div class=\"wp-block-cover__inner-container is-layout-flow wp-block-cover-is-layout-flow\">\n<p class=\"has-text-align-center has-large-font-size\"><\/p>\n<\/div><\/div>\n\n<\/div><\/div>\n\n<div class=\"gb-container gb-container-3773bde5\"><div class=\"gb-inside-container\">\n<div class=\"gb-container gb-container-3f79ee98\"><div class=\"gb-inside-container\">\n<div class=\"gb-grid-wrapper gb-grid-wrapper-03e26d0a\">\n<div class=\"gb-grid-column gb-grid-column-9bccc2f5\"><div class=\"gb-container gb-container-9bccc2f5\"><div class=\"gb-inside-container\">\n\n<h1 class=\"gb-headline gb-headline-8a4620b7 gb-headline-text\">Inspiraatiop\u00e4iv\u00e4n j\u00e4rjest\u00e4minen<\/h1>\n\n\n\n<p class=\"gb-headline gb-headline-b66fbbcd gb-headline-text\"><strong>Voit j\u00e4rjest\u00e4\u00e4 inspiraatiop\u00e4iv\u00e4n, jossa koulutat ja innostat muita FBO:ita ja jaat recognitioneita. Inspiraatiop\u00e4iv\u00e4t soveltuvat kaikille FBO:ille palkkio-ohjelman tasoon ja Forever-ty\u00f6uran kestoon katsomatta. Osallistu inspiraatiop\u00e4iville ja kutsu mukaan uusia FBO:ita ja prospekteja!<\/strong><\/p>\n\n<\/div><\/div><\/div>\n<\/div>\n<\/div><\/div>\n<\/div><\/div>\n\n<div class=\"gb-container gb-container-79fe294d\"><div class=\"gb-inside-container\">\n<div class=\"gb-grid-wrapper gb-grid-wrapper-0fd1b83a\">\n<div class=\"gb-grid-column gb-grid-column-f247c823\"><div class=\"gb-container gb-container-f247c823\"><div class=\"gb-inside-container\">\n\n<div class=\"wp-block-cover is-light\" style=\"min-height:375px;aspect-ratio:unset;\"><span aria-hidden=\"true\" class=\"wp-block-cover__background has-background-dim-0 has-background-dim\"><\/span><img loading=\"lazy\" decoding=\"async\" width=\"365\" height=\"365\" class=\"wp-block-cover__image-background wp-image-3492\" alt=\"\" src=\"https:\/\/prod-cdn-portal.foreverliving.se\/wp-content\/uploads\/2022\/09\/Inspobild2.jpg\" data-object-fit=\"cover\" srcset=\"https:\/\/foreverliving.hemsida.eu\/wp-content\/uploads\/2022\/09\/Inspobild2.jpg 365w, https:\/\/foreverliving.hemsida.eu\/wp-content\/uploads\/2022\/09\/Inspobild2-300x300.jpg 300w, https:\/\/foreverliving.hemsida.eu\/wp-content\/uploads\/2022\/09\/Inspobild2-150x150.jpg 150w\" sizes=\"auto, (max-width: 365px) 100vw, 365px\" \/><div class=\"wp-block-cover__inner-container is-layout-flow wp-block-cover-is-layout-flow\">\n<p class=\"has-text-align-center has-large-font-size\"><\/p>\n<\/div><\/div>\n\n<\/div><\/div><\/div>\n\n<div class=\"gb-grid-column gb-grid-column-440dcbb2\"><div class=\"gb-container gb-container-440dcbb2\"><div class=\"gb-inside-container\">\n\n<div class=\"wp-block-cover is-light\" style=\"min-height:375px;aspect-ratio:unset;\"><span aria-hidden=\"true\" class=\"wp-block-cover__background has-background-dim-0 has-background-dim\"><\/span><img loading=\"lazy\" decoding=\"async\" width=\"365\" height=\"365\" class=\"wp-block-cover__image-background wp-image-3491\" alt=\"\" src=\"https:\/\/prod-cdn-portal.foreverliving.se\/wp-content\/uploads\/2022\/09\/Inspobild1.jpg\" style=\"object-position:56% 46%\" data-object-fit=\"cover\" data-object-position=\"56% 46%\" srcset=\"https:\/\/foreverliving.hemsida.eu\/wp-content\/uploads\/2022\/09\/Inspobild1.jpg 365w, https:\/\/foreverliving.hemsida.eu\/wp-content\/uploads\/2022\/09\/Inspobild1-300x300.jpg 300w, https:\/\/foreverliving.hemsida.eu\/wp-content\/uploads\/2022\/09\/Inspobild1-150x150.jpg 150w\" sizes=\"auto, (max-width: 365px) 100vw, 365px\" \/><div class=\"wp-block-cover__inner-container is-layout-flow wp-block-cover-is-layout-flow\">\n<p class=\"has-text-align-center has-large-font-size\"><\/p>\n<\/div><\/div>\n\n<\/div><\/div><\/div>\n\n<div class=\"gb-grid-column gb-grid-column-75329593\"><div class=\"gb-container gb-container-75329593\"><div class=\"gb-inside-container\">\n\n<div class=\"wp-block-cover is-light\" style=\"min-height:375px;aspect-ratio:unset;\"><span aria-hidden=\"true\" class=\"wp-block-cover__background has-background-dim-0 has-background-dim\"><\/span><img loading=\"lazy\" decoding=\"async\" width=\"365\" height=\"365\" class=\"wp-block-cover__image-background wp-image-3493\" alt=\"\" src=\"https:\/\/prod-cdn-portal.foreverliving.se\/wp-content\/uploads\/2022\/09\/Inspobild3.jpg\" data-object-fit=\"cover\" srcset=\"https:\/\/foreverliving.hemsida.eu\/wp-content\/uploads\/2022\/09\/Inspobild3.jpg 365w, https:\/\/foreverliving.hemsida.eu\/wp-content\/uploads\/2022\/09\/Inspobild3-300x300.jpg 300w, https:\/\/foreverliving.hemsida.eu\/wp-content\/uploads\/2022\/09\/Inspobild3-150x150.jpg 150w\" sizes=\"auto, (max-width: 365px) 100vw, 365px\" \/><div class=\"wp-block-cover__inner-container is-layout-flow wp-block-cover-is-layout-flow\">\n<p class=\"has-text-align-center has-large-font-size\"><\/p>\n<\/div><\/div>\n\n<\/div><\/div><\/div>\n<\/div>\n<\/div><\/div>\n\n<div class=\"gb-container gb-container-be713f67\"><div class=\"gb-inside-container\">\n<div class=\"gb-grid-wrapper gb-grid-wrapper-b310b8f2\">\n<div class=\"gb-grid-column gb-grid-column-d486517b\"><div class=\"gb-container gb-container-d486517b\"><div class=\"gb-inside-container\">\n\n<h3 class=\"gb-headline gb-headline-83bb6626 gb-headline-text\"><strong>Toimi n\u00e4in<\/strong><\/h3>\n\n\n\n<p class=\"gb-headline gb-headline-417f55b5 gb-headline-text\">Inspiraatiop\u00e4iv\u00e4n j\u00e4rjest\u00e4minen on hauskaa ja antoisaa, mutta sen suunnittelu voi tuntua hankalalta etenkin, jos j\u00e4rjest\u00e4t ensimm\u00e4ist\u00e4 tapahtumaasi. On t\u00e4rke\u00e4\u00e4, ett\u00e4 inspiraatiop\u00e4ivien rakenne, sis\u00e4lt\u00f6 ja ulkoiset puitteet pysyv\u00e4t samoina j\u00e4rjestyspaikasta riippumatta. T\u00e4ss\u00e4 on ohjeistusta inspiraatiop\u00e4iv\u00e4n suunnitteluun, sis\u00e4lt\u00f6\u00f6n ja muistettaviin asioihin. Olemme laatineet my\u00f6s PowerPoint-pohjan, joka auttaa sinua tekem\u00e4\u00e4n esityksest\u00e4si tyylikk\u00e4\u00e4n ja selke\u00e4n.<\/p>\n\n\n\n<h3 class=\"gb-headline gb-headline-b4d3504d gb-headline-text\"><strong>Suunnittele p\u00e4iv\u00e4n ohjelma<\/strong><\/h3>\n\n\n\n<p class=\"gb-headline gb-headline-4ad67989 gb-headline-text\">Aloita inspiraatiop\u00e4iv\u00e4 toivottamalla vieraat tervetulleiksi, kerro p\u00e4iv\u00e4n tarkoituksesta ja esittele ohjelma, jotta kaikki tiet\u00e4v\u00e4t, mit\u00e4 p\u00e4iv\u00e4lt\u00e4 voi odottaa. Inspiraatiop\u00e4iv\u00e4n ohjelmaan voi kuulua esimerkiksi:<\/p>\n\n\n<div class=\"gb-container gb-container-f328048c\"><div class=\"gb-inside-container\">\n\n<ul class=\"has-normal-font-size wp-block-list\"><li>Liiketoimintaesittely, jossa kerrot Foreverista ja tuotteista. Muista selitt\u00e4\u00e4 k\u00e4sitteet, kuten CC, palkkio-ohjelma ja Incentives. Voit kertoa my\u00f6s hieman Linnasta, siell\u00e4 ty\u00f6skentelev\u00e4st\u00e4 henkil\u00f6kunnasta ja Foreverin tarjoamasta palvelusta.<\/li><li>Tuotekoulutus, joka sis\u00e4lt\u00e4\u00e4 myyntivinkkej\u00e4.<\/li><li>Kerro itsest\u00e4si ja mik\u00e4 sinua houkutteli Foreverissa. Luo innostavaa tunnelmaa kertomalla konkreettisia vinkkej\u00e4 siit\u00e4, miten Forever-ty\u00f6t\u00e4 voi tehd\u00e4. \u00c4l\u00e4 esittele bonustietoja tai tee tulolupauksia.<\/li><li>Inspiraatiota jonkin Incentiven suorittamiseen.<\/li><li>Vinkkej\u00e4 tuote-esittelyn pit\u00e4miseen.<\/li><li>Vinkkej\u00e4 rekrytointiin.<\/li><li>Recognition. Recognitioneita on hyv\u00e4 jakaa useita kerralla. Jos p\u00e4tev\u00f6ityneit\u00e4 on paljon, voit jakaa recognitionit kahteen osioon p\u00e4iv\u00e4n aikana.<\/li><\/ul>\n\n<\/div><\/div>\n<\/div><\/div><\/div>\n\n<div class=\"gb-grid-column gb-grid-column-37669090\"><div class=\"gb-container gb-container-37669090\"><div class=\"gb-inside-container\">\n\n<h3 class=\"gb-headline gb-headline-453c19e9 gb-headline-text\"><strong>Tauot\/lounas<\/strong><\/h3>\n\n\n\n<p class=\"gb-headline gb-headline-61528b57 gb-headline-text\">Ilmoita vieraille selke\u00e4sti, milloin tauot ja lounas pidet\u00e4\u00e4n. Jos p\u00e4iv\u00e4 p\u00e4\u00e4ttyy klo 17, vartin pituinen tauko on paikallaan sek\u00e4 aamu- ett\u00e4 iltap\u00e4iv\u00e4ll\u00e4, jotta yleis\u00f6 jaksaa inspiroitua ja pysy\u00e4 energisen\u00e4 loppuun asti. Kerro, mist\u00e4 lounasta ja kahvia voi ostaa.<\/p>\n\n\n\n<h3 class=\"gb-headline gb-headline-6c92901f gb-headline-text\"><strong>PowerPoint-esityksen laatiminen<\/strong><\/h3>\n\n\n<div class=\"gb-container gb-container-e8714551\"><div class=\"gb-inside-container\">\n\n<ul class=\"has-normal-font-size wp-block-list\"><li>Esityksen on hyv\u00e4 olla selke\u00e4 ja karsittu. \u00c4l\u00e4 k\u00e4yt\u00e4 liikaa teksti\u00e4 tai kuvia.<\/li><li>S\u00e4ilyt\u00e4 esityksen ulkoasu koko ajan samana.<\/li><li>Oikolue tekstisi huolellisesti, kirjoitusvirheet pist\u00e4v\u00e4t helposti silm\u00e4\u00e4n.<\/li><li>\u00c4l\u00e4 k\u00e4yt\u00e4 tekstiss\u00e4 useita v\u00e4rej\u00e4, se hankaloittaa lukemista.<\/li><li>PowerPoint on tarkoitettu vain puheesi tueksi. Yleis\u00f6n tarkoitus on kuunnella sinua, ei seurata puhettasi esityksest\u00e4si. PowerPoint ei saa kilpailla kanssasi huomiosta.<\/li><li>Pyyd\u00e4 jotakuta toista tarkistamaan esityksesi tekstit ja ulkoasu etuk\u00e4teen. Jos esityksess\u00e4 on virheit\u00e4, yleis\u00f6n on vaikeampi keskitty\u00e4 puheeseesi. Virheet my\u00f6s luovat ep\u00e4uskottavan ja huolimattoman vaikutelman.<\/li><\/ul>\n\n<\/div><\/div>\n\n\n<h3 class=\"gb-headline gb-headline-83a0283c gb-headline-text\"><strong>Tarkistuslista<\/strong><\/h3>\n\n\n\n<p class=\"gb-headline gb-headline-848b2cd0 gb-headline-text\">Kun j\u00e4rjest\u00e4mme toimiston voimin isoja tapahtumia, meill\u00e4 on aina 10 kohdan lista, jonka k\u00e4ymme l\u00e4pi valmistelujen aikana. Saat vapaasti k\u00e4ytt\u00e4\u00e4 listaamme \u2013 se takaa tapahtuman onnistumisen.<\/p>\n\n<\/div><\/div><\/div>\n<\/div>\n<\/div><\/div>\n\n<div class=\"gb-container gb-container-aa81f99a\"><div class=\"gb-inside-container\">\n<div class=\"wp-block-ub-divider ub_divider ub-divider-orientation-horizontal\" id=\"ub_divider_7cf495ee-a7ad-40ad-a2ad-49a458ad32cf\"><div class=\"ub_divider_wrapper\" style=\"position: relative; margin-bottom: 2px; width: 100%; height: 2px; \" data-divider-alignment=\"center\"><div class=\"ub_divider_line\" style=\"border-top: 1px solid #000000; margin-top: 2px; \"><\/div><\/div><\/div>\n<\/div><\/div>\n\n<div class=\"gb-container gb-container-645bbf23\"><div class=\"gb-inside-container\">\n<div class=\"gb-grid-wrapper gb-grid-wrapper-c9e86f86\">\n<div class=\"gb-grid-column gb-grid-column-240c2871\"><div class=\"gb-container gb-container-240c2871\"><div class=\"gb-inside-container\">\n<div style=\"gap: 20px;\" class=\"align-button-center ub-buttons orientation-button-row ub-flex-wrap wp-block-ub-button\" id=\"ub-button-45c1dc8e-ba17-4a86-a2cd-a40877a1e583\"><div class=\"ub-button-container\">\n\t\t\t<a href=\"https:\/\/foreverliving.hemsida.eu\/wp-content\/uploads\/2022\/10\/FLP_Style_Guide.pdf\" target=\"_blank\" rel=\"noopener noreferrer\" class=\"ub-button-block-main   ub-button-flex\" role=\"button\" style=\"--ub-button-background-color: transparent; --ub-button-color: #000000; --ub-button-border: 3px solid #000000; --ub-button-hover-color: #313131; --ub-button-hover-border: 3px solid #313131; padding-top: 10px; padding-right: 10px; padding-bottom: 10px; padding-left: 10px; \">\n\t\t\t\t<div class=\"ub-button-content-holder\" style=\"flex-direction: row\">\n\t\t\t\t\t<span class=\"ub-button-block-btn\"><strong>STYLE GUIDE<\/strong><\/span>\n\t\t\t\t<\/div>\n\t\t\t<\/a>\n\t\t<\/div><\/div>\n<\/div><\/div><\/div>\n\n<div class=\"gb-grid-column gb-grid-column-0d898a61\"><div class=\"gb-container gb-container-0d898a61\"><div class=\"gb-inside-container\">\n<div style=\"gap: 20px;\" class=\"align-button-center ub-buttons orientation-button-row ub-flex-wrap wp-block-ub-button\" id=\"ub-button-00ba1dab-175d-47b5-8804-649dde3793b7\"><div class=\"ub-button-container\">\n\t\t\t<a href=\"https:\/\/foreverliving.hemsida.eu\/wp-content\/uploads\/2023\/01\/Liiketoimintaesitys.pptx\" target=\"_blank\" rel=\"noopener noreferrer\" class=\"ub-button-block-main   ub-button-flex\" role=\"button\" style=\"--ub-button-background-color: transparent; --ub-button-color: #000000; --ub-button-border: 3px solid #000000; --ub-button-hover-color: #313131; --ub-button-hover-border: 3px solid #313131; padding-top: 10px; padding-right: 10px; padding-bottom: 10px; padding-left: 10px; \">\n\t\t\t\t<div class=\"ub-button-content-holder\" style=\"flex-direction: row\">\n\t\t\t\t\t<span class=\"ub-button-block-btn\"><strong>LIIKETOIMINTAESITTELY<\/strong><\/span>\n\t\t\t\t<\/div>\n\t\t\t<\/a>\n\t\t<\/div><\/div>\n<\/div><\/div><\/div>\n\n<div class=\"gb-grid-column gb-grid-column-b36f13ea\"><div class=\"gb-container gb-container-b36f13ea\"><div class=\"gb-inside-container\">\n<div style=\"gap: 20px;\" class=\"align-button-center ub-buttons orientation-button-row ub-flex-wrap wp-block-ub-button\" id=\"ub-button-c571296b-42b9-4015-883c-30fd1e8bcba1\"><div class=\"ub-button-container\">\n\t\t\t<a href=\"https:\/\/foreverliving.hemsida.eu\/wp-content\/uploads\/2023\/01\/Tarkistuslista_Inspiraatiopaivat.pdf\" target=\"_blank\" rel=\"noopener noreferrer\" class=\"ub-button-block-main   ub-button-flex\" role=\"button\" style=\"--ub-button-background-color: transparent; --ub-button-color: #000000; --ub-button-border: 3px solid #000000; --ub-button-hover-color: #313131; --ub-button-hover-border: 3px solid #313131; padding-top: 10px; padding-right: 10px; padding-bottom: 10px; padding-left: 10px; \">\n\t\t\t\t<div class=\"ub-button-content-holder\" style=\"flex-direction: row\">\n\t\t\t\t\t<span class=\"ub-button-block-btn\"><strong>TARKISTUSLISTAAN<\/strong><\/span>\n\t\t\t\t<\/div>\n\t\t\t<\/a>\n\t\t<\/div><\/div>\n<\/div><\/div><\/div>\n<\/div>\n<\/div><\/div>","protected":false},"excerpt":{"rendered":"","protected":false},"author":8,"featured_media":0,"parent":0,"menu_order":253,"comment_status":"closed","ping_status":"closed","template":"","meta":{"_acf_changed":false,"_eb_attr":"","_crsspst_to_flhemsidaeu":false,"inline_featured_image":false,"pgc_sgb_lightbox_settings":"","footnotes":""},"class_list":["post-8832","page","type-page","status-publish","hentry"],"featured_image_src":null,"acf":[],"publishpress_future_action":{"enabled":false,"date":"2026-05-05 00:39:13","action":"change-status","newStatus":"draft","terms":[],"taxonomy":"translation_priority","extraData":[]},"publishpress_future_workflow_manual_trigger":{"enabledWorkflows":[]},"_links":{"self":[{"href":"https:\/\/foreverliving.hemsida.eu\/fi\/wp-json\/wp\/v2\/pages\/8832","targetHints":{"allow":["GET"]}}],"collection":[{"href":"https:\/\/foreverliving.hemsida.eu\/fi\/wp-json\/wp\/v2\/pages"}],"about":[{"href":"https:\/\/foreverliving.hemsida.eu\/fi\/wp-json\/wp\/v2\/types\/page"}],"author":[{"embeddable":true,"href":"https:\/\/foreverliving.hemsida.eu\/fi\/wp-json\/wp\/v2\/users\/8"}],"replies":[{"embeddable":true,"href":"https:\/\/foreverliving.hemsida.eu\/fi\/wp-json\/wp\/v2\/comments?post=8832"}],"version-history":[{"count":0,"href":"https:\/\/foreverliving.hemsida.eu\/fi\/wp-json\/wp\/v2\/pages\/8832\/revisions"}],"wp:attachment":[{"href":"https:\/\/foreverliving.hemsida.eu\/fi\/wp-json\/wp\/v2\/media?parent=8832"}],"curies":[{"name":"wp","href":"https:\/\/api.w.org\/{rel}","templated":true}]}}