
{"id":8919,"date":"2022-06-30T14:21:53","date_gmt":"2022-06-30T12:21:53","guid":{"rendered":"http:\/\/fbo-i-fboin-15qbdnwwliwk4-1036648368.eu-west-1.elb.amazonaws.com\/vieraileminen-easy-shopissa\/"},"modified":"2025-07-08T10:52:06","modified_gmt":"2025-07-08T08:52:06","slug":"vieraile-forever-experience-centeria","status":"publish","type":"page","link":"https:\/\/foreverliving.hemsida.eu\/fi\/vieraile-forever-experience-centeria\/","title":{"rendered":"Vieraile Forever Experience Centeri\u00e4"},"content":{"rendered":"<div class=\"gb-container gb-container-ef5fc611\"><div class=\"gb-inside-container\">\n<div class=\"gb-grid-wrapper gb-grid-wrapper-124b05c0\">\n<div class=\"gb-grid-column gb-grid-column-b3ec0e0a\"><div class=\"gb-container gb-container-b3ec0e0a\"><div class=\"gb-inside-container\">\n\n<div class=\"wp-block-cover\"><span aria-hidden=\"true\" class=\"wp-block-cover__background has-background-dim-0 has-background-dim\" style=\"background-color:#9e8773\"><\/span><img loading=\"lazy\" decoding=\"async\" width=\"2560\" height=\"578\" class=\"wp-block-cover__image-background wp-image-51768\" alt=\"\" src=\"https:\/\/foreverliving.hemsida.eu\/wp-content\/uploads\/2025\/04\/Forever_Experience_Center_2960x668px_SS_Toppbild-scaled.jpg\" data-object-fit=\"cover\" srcset=\"https:\/\/foreverliving.hemsida.eu\/wp-content\/uploads\/2025\/04\/Forever_Experience_Center_2960x668px_SS_Toppbild-scaled.jpg 2560w, https:\/\/foreverliving.hemsida.eu\/wp-content\/uploads\/2025\/04\/Forever_Experience_Center_2960x668px_SS_Toppbild-300x68.jpg 300w, https:\/\/foreverliving.hemsida.eu\/wp-content\/uploads\/2025\/04\/Forever_Experience_Center_2960x668px_SS_Toppbild-1024x231.jpg 1024w, https:\/\/foreverliving.hemsida.eu\/wp-content\/uploads\/2025\/04\/Forever_Experience_Center_2960x668px_SS_Toppbild-768x173.jpg 768w, https:\/\/foreverliving.hemsida.eu\/wp-content\/uploads\/2025\/04\/Forever_Experience_Center_2960x668px_SS_Toppbild-50x11.jpg 50w, https:\/\/foreverliving.hemsida.eu\/wp-content\/uploads\/2025\/04\/Forever_Experience_Center_2960x668px_SS_Toppbild-1600x361.jpg 1600w, https:\/\/foreverliving.hemsida.eu\/wp-content\/uploads\/2025\/04\/Forever_Experience_Center_2960x668px_SS_Toppbild-1536x347.jpg 1536w, https:\/\/foreverliving.hemsida.eu\/wp-content\/uploads\/2025\/04\/Forever_Experience_Center_2960x668px_SS_Toppbild-2048x462.jpg 2048w\" sizes=\"auto, (max-width: 2560px) 100vw, 2560px\" \/><div class=\"wp-block-cover__inner-container is-layout-flow wp-block-cover-is-layout-flow\">\n<p class=\"has-text-align-center has-large-font-size\"><\/p>\n<\/div><\/div>\n\n\n<div class=\"gb-container gb-container-f133b9f7\"><div class=\"gb-inside-container\">\n\n<h1 class=\"gb-headline gb-headline-764d911a gb-headline-text\">Forever Experience Centeri\u00e4<\/h1>\n\n\n<div class=\"gb-container gb-container-0ffbe55e\"><div class=\"gb-inside-container\">\n\n<p class=\"gb-headline gb-headline-8f3becf1 gb-headline-text\"><strong>Tervetuloa Forever Experience Centreen. T\u00e4\u00e4ll\u00e4 voit hemmotella aistejasi ja haistaa, testata ja kokea tuotteitamme l\u00e4helt\u00e4. Bestsellereit\u00e4, uutuuksia ja kauden valittuja tuotteita on myynniss\u00e4 rajoitettu m\u00e4\u00e4r\u00e4. Avoinna arkisin paitsi juhlap\u00e4ivin\u00e4 alla olevan mukaisesti.<\/strong><\/p>\n\n<\/div><\/div>\n<\/div><\/div>\n<\/div><\/div><\/div>\n<\/div>\n\n<div class=\"gb-container gb-container-d0091cef\"><div class=\"gb-inside-container\">\n<div class=\"gb-grid-wrapper gb-grid-wrapper-6883249d\">\n<div class=\"gb-grid-column gb-grid-column-9e8bd7b1\"><div class=\"gb-container gb-container-9e8bd7b1\"><div class=\"gb-inside-container\">\n\n\n\n<h2 class=\"gb-headline gb-headline-b7af1d0c gb-headline-text\"><strong>Aukioloajat<\/strong><\/h2>\n\n\n\n<p class=\"gb-headline gb-headline-19cc83a5 gb-headline-text\"><br>Maanantai 09.00-16.00<br>Tiistai 09.00-14.00<br>Keskiviikko 09.00-14.00<br>Torstai 09.00-14.00<br><br>Lounas suljettu klo 12.00-13.00<br><br><em>Muuttuneet aukioloajat ovat voimassa viikoilla 29-32.<\/em><\/p>\n\n\n\n<p class=\"gb-headline gb-headline-00105a1d gb-headline-text\">K\u00e4yntiosoite:<br>M\u00f6lndals Bro 7, 431 30 M\u00f6lndal, Ruotsi. <\/p>\n\n\n\n<h3 class=\"gb-headline gb-headline-1ee2b895 gb-headline-text\">Tervetuloa!<\/h3>\n\n<\/div><\/div><\/div>\n\n<div class=\"gb-grid-column gb-grid-column-317ee9fe\"><div class=\"gb-container gb-container-317ee9fe\"><div class=\"gb-inside-container\">\n\n<div class=\"wp-block-cover\" style=\"min-height:475px;aspect-ratio:unset;\"><span aria-hidden=\"true\" class=\"wp-block-cover__background has-background-dim-0 has-background-dim\" style=\"background-color:#8e8271\"><\/span><img loading=\"lazy\" decoding=\"async\" width=\"1360\" height=\"1180\" class=\"wp-block-cover__image-background wp-image-51764\" alt=\"\" src=\"https:\/\/foreverliving.hemsida.eu\/wp-content\/uploads\/2025\/04\/Forever_Experience_Center_2960x668px_SS_Bild2.jpg\" data-object-fit=\"cover\" srcset=\"https:\/\/foreverliving.hemsida.eu\/wp-content\/uploads\/2025\/04\/Forever_Experience_Center_2960x668px_SS_Bild2.jpg 1360w, https:\/\/foreverliving.hemsida.eu\/wp-content\/uploads\/2025\/04\/Forever_Experience_Center_2960x668px_SS_Bild2-300x260.jpg 300w, https:\/\/foreverliving.hemsida.eu\/wp-content\/uploads\/2025\/04\/Forever_Experience_Center_2960x668px_SS_Bild2-1024x888.jpg 1024w, https:\/\/foreverliving.hemsida.eu\/wp-content\/uploads\/2025\/04\/Forever_Experience_Center_2960x668px_SS_Bild2-768x666.jpg 768w, https:\/\/foreverliving.hemsida.eu\/wp-content\/uploads\/2025\/04\/Forever_Experience_Center_2960x668px_SS_Bild2-50x43.jpg 50w\" sizes=\"auto, (max-width: 1360px) 100vw, 1360px\" \/><div class=\"wp-block-cover__inner-container is-layout-flow wp-block-cover-is-layout-flow\">\n<p class=\"has-text-align-center has-large-font-size\"><\/p>\n<\/div><\/div>\n\n<\/div><\/div><\/div>\n<\/div>\n<\/div><\/div>\n<\/div><\/div>\n\n\n<p><\/p>\n","protected":false},"excerpt":{"rendered":"","protected":false},"author":5,"featured_media":0,"parent":0,"menu_order":267,"comment_status":"closed","ping_status":"closed","template":"","meta":{"_acf_changed":false,"_eb_attr":"","_crsspst_to_flhemsidaeu":false,"inline_featured_image":false,"pgc_sgb_lightbox_settings":"","footnotes":""},"class_list":["post-8919","page","type-page","status-publish","hentry"],"featured_image_src":null,"acf":[],"publishpress_future_action":{"enabled":false,"date":"2026-05-05 00:39:14","action":"change-status","newStatus":"draft","terms":[],"taxonomy":"translation_priority","extraData":[]},"publishpress_future_workflow_manual_trigger":{"enabledWorkflows":[]},"_links":{"self":[{"href":"https:\/\/foreverliving.hemsida.eu\/fi\/wp-json\/wp\/v2\/pages\/8919","targetHints":{"allow":["GET"]}}],"collection":[{"href":"https:\/\/foreverliving.hemsida.eu\/fi\/wp-json\/wp\/v2\/pages"}],"about":[{"href":"https:\/\/foreverliving.hemsida.eu\/fi\/wp-json\/wp\/v2\/types\/page"}],"author":[{"embeddable":true,"href":"https:\/\/foreverliving.hemsida.eu\/fi\/wp-json\/wp\/v2\/users\/5"}],"replies":[{"embeddable":true,"href":"https:\/\/foreverliving.hemsida.eu\/fi\/wp-json\/wp\/v2\/comments?post=8919"}],"version-history":[{"count":0,"href":"https:\/\/foreverliving.hemsida.eu\/fi\/wp-json\/wp\/v2\/pages\/8919\/revisions"}],"wp:attachment":[{"href":"https:\/\/foreverliving.hemsida.eu\/fi\/wp-json\/wp\/v2\/media?parent=8919"}],"curies":[{"name":"wp","href":"https:\/\/api.w.org\/{rel}","templated":true}]}}