
{"id":16601,"date":"2022-12-15T13:15:02","date_gmt":"2022-12-15T12:15:02","guid":{"rendered":"https:\/\/foreverliving.hemsida.eu\/forever-force\/"},"modified":"2025-01-07T16:18:07","modified_gmt":"2025-01-07T15:18:07","slug":"forever-force","status":"publish","type":"page","link":"https:\/\/foreverliving.hemsida.eu\/no\/forever-force\/","title":{"rendered":"Forever Force"},"content":{"rendered":"<div class=\"gb-container gb-container-b9143b3a\"><div class=\"gb-inside-container\">\n\n<div class=\"wp-block-cover is-light\"><span aria-hidden=\"true\" class=\"wp-block-cover__background has-background-dim-0 has-background-dim\"><\/span><img loading=\"lazy\" decoding=\"async\" width=\"1350\" height=\"300\" class=\"wp-block-cover__image-background wp-image-13387\" alt=\"\" src=\"https:\/\/prod-cdn-portal.foreverliving.se\/wp-content\/uploads\/2022\/12\/ForeverForce_Cover_1350x300.jpg\" style=\"object-position:65% 52%\" data-object-fit=\"cover\" data-object-position=\"65% 52%\" srcset=\"https:\/\/foreverliving.hemsida.eu\/wp-content\/uploads\/2022\/12\/ForeverForce_Cover_1350x300.jpg 1350w, https:\/\/foreverliving.hemsida.eu\/wp-content\/uploads\/2022\/12\/ForeverForce_Cover_1350x300-768x171.jpg 768w\" sizes=\"auto, (max-width: 1350px) 100vw, 1350px\" \/><div class=\"wp-block-cover__inner-container is-layout-flow wp-block-cover-is-layout-flow\">\n<p class=\"has-text-align-center has-large-font-size\"><\/p>\n<\/div><\/div>\n\n<\/div><\/div>\n\n<div class=\"gb-container gb-container-9cf6e00a\"><div class=\"gb-inside-container\">\n<div class=\"gb-grid-wrapper gb-grid-wrapper-c429021a\">\n<div class=\"gb-grid-column gb-grid-column-24b63e58\"><div class=\"gb-container gb-container-24b63e58\"><div class=\"gb-inside-container\">\n\n<h1 class=\"gb-headline gb-headline-9abeb5ea gb-headline-text\">HVA ER FOREVER FORCE?<\/h1>\n\n<\/div><\/div><\/div>\n<\/div>\n<\/div><\/div>\n\n<div class=\"gb-container gb-container-80474a95\"><div class=\"gb-inside-container\">\n<div class=\"gb-grid-wrapper gb-grid-wrapper-e3d1c911\">\n<div class=\"gb-grid-column gb-grid-column-2aca782a\"><div class=\"gb-container gb-container-2aca782a\"><div class=\"gb-inside-container\">\n\n<p class=\"gb-headline gb-headline-a3ea622d gb-headline-text\"><strong>Forever Force er v\u00e5re felles verdier. <\/strong><strong>Ved \u00e5 la Forever Force v\u00e6re med i det daglige arbeidet ditt blir det ikke bare ord p\u00e5 et papir, men en del av virksomheten din.<\/strong><\/p>\n\n<\/div><\/div><\/div>\n<\/div>\n<\/div><\/div>\n\n<div class=\"gb-container gb-container-dc6b65a7\"><div class=\"gb-inside-container\">\n<div class=\"gb-grid-wrapper gb-grid-wrapper-96312dc0\">\n<div class=\"gb-grid-column gb-grid-column-e883bc51\"><div class=\"gb-container gb-container-e883bc51\"><div class=\"gb-inside-container\">\n\n<div class=\"wp-block-cover is-light\" style=\"min-height:250px;aspect-ratio:unset;\"><span aria-hidden=\"true\" class=\"wp-block-cover__background has-background-dim-0 has-background-dim\" style=\"background-color:#caaa94\"><\/span><img loading=\"lazy\" decoding=\"async\" width=\"360\" height=\"250\" class=\"wp-block-cover__image-background wp-image-48452\" alt=\"\" src=\"https:\/\/foreverliving.hemsida.eu\/wp-content\/uploads\/2025\/01\/Inspo1_new_360x250.jpg\" data-object-fit=\"cover\" srcset=\"https:\/\/foreverliving.hemsida.eu\/wp-content\/uploads\/2025\/01\/Inspo1_new_360x250.jpg 360w, https:\/\/foreverliving.hemsida.eu\/wp-content\/uploads\/2025\/01\/Inspo1_new_360x250-300x208.jpg 300w, https:\/\/foreverliving.hemsida.eu\/wp-content\/uploads\/2025\/01\/Inspo1_new_360x250-50x35.jpg 50w\" sizes=\"auto, (max-width: 360px) 100vw, 360px\" \/><div class=\"wp-block-cover__inner-container is-layout-flow wp-block-cover-is-layout-flow\">\n<p class=\"has-text-align-center has-large-font-size\"><\/p>\n<\/div><\/div>\n\n<\/div><\/div><\/div>\n\n<div class=\"gb-grid-column gb-grid-column-523c50df\"><div class=\"gb-container gb-container-523c50df\"><div class=\"gb-inside-container\">\n\n<div class=\"wp-block-cover is-light hide-mobile\" style=\"min-height:250px;aspect-ratio:unset;\"><span aria-hidden=\"true\" class=\"wp-block-cover__background has-background-dim-0 has-background-dim\" style=\"background-color:#cbb4a7\"><\/span><img loading=\"lazy\" decoding=\"async\" width=\"360\" height=\"250\" class=\"wp-block-cover__image-background wp-image-48440\" alt=\"\" src=\"https:\/\/foreverliving.hemsida.eu\/wp-content\/uploads\/2025\/01\/Inspo2_new_360x250.jpg\" data-object-fit=\"cover\" srcset=\"https:\/\/foreverliving.hemsida.eu\/wp-content\/uploads\/2025\/01\/Inspo2_new_360x250.jpg 360w, https:\/\/foreverliving.hemsida.eu\/wp-content\/uploads\/2025\/01\/Inspo2_new_360x250-300x208.jpg 300w, https:\/\/foreverliving.hemsida.eu\/wp-content\/uploads\/2025\/01\/Inspo2_new_360x250-50x35.jpg 50w\" sizes=\"auto, (max-width: 360px) 100vw, 360px\" \/><div class=\"wp-block-cover__inner-container is-layout-flow wp-block-cover-is-layout-flow\">\n<p class=\"has-text-align-center has-large-font-size\"><\/p>\n<\/div><\/div>\n\n<\/div><\/div><\/div>\n\n<div class=\"gb-grid-column gb-grid-column-90dbc8a0\"><div class=\"gb-container gb-container-90dbc8a0\"><div class=\"gb-inside-container\">\n\n<div class=\"wp-block-cover is-light\" style=\"min-height:250px;aspect-ratio:unset;\"><span aria-hidden=\"true\" class=\"wp-block-cover__background has-background-dim-0 has-background-dim\" style=\"background-color:#ccb9a0\"><\/span><img loading=\"lazy\" decoding=\"async\" width=\"360\" height=\"250\" class=\"wp-block-cover__image-background wp-image-48446\" alt=\"\" src=\"https:\/\/foreverliving.hemsida.eu\/wp-content\/uploads\/2025\/01\/Inspo3_new_360x250.jpg\" data-object-fit=\"cover\" srcset=\"https:\/\/foreverliving.hemsida.eu\/wp-content\/uploads\/2025\/01\/Inspo3_new_360x250.jpg 360w, https:\/\/foreverliving.hemsida.eu\/wp-content\/uploads\/2025\/01\/Inspo3_new_360x250-300x208.jpg 300w, https:\/\/foreverliving.hemsida.eu\/wp-content\/uploads\/2025\/01\/Inspo3_new_360x250-50x35.jpg 50w\" sizes=\"auto, (max-width: 360px) 100vw, 360px\" \/><div class=\"wp-block-cover__inner-container is-layout-flow wp-block-cover-is-layout-flow\">\n<p class=\"has-text-align-center has-large-font-size\"><\/p>\n<\/div><\/div>\n\n<\/div><\/div><\/div>\n<\/div>\n<\/div><\/div>\n\n<div class=\"gb-container gb-container-08ec1842\"><div class=\"gb-inside-container\">\n<div class=\"gb-grid-wrapper gb-grid-wrapper-140fe94b\">\n<div class=\"gb-grid-column gb-grid-column-ba3fd2f6\"><div class=\"gb-container gb-container-ba3fd2f6\"><div class=\"gb-inside-container\">\n\n<p class=\"gb-headline gb-headline-d554a69e gb-headline-text\"><strong>Vi skaper muligheter<\/strong><\/p>\n\n\n\n<p class=\"gb-headline gb-headline-c8be4103 gb-headline-text\">I Forever skaper vi muligheter ved \u00e5 formidle kvalitetsprodukter som bidrar til en sunn livsstil. Vi tilbyr ogs\u00e5 muligheter for \u00e5 styre sin egen tid ved \u00e5 drive egen virksomhet. <br><br>Hva kan du gj\u00f8re for \u00e5 skape muligheter for mennesker omkring deg?<\/p>\n\n<\/div><\/div><\/div>\n\n<div class=\"gb-grid-column gb-grid-column-fced0597\"><div class=\"gb-container gb-container-fced0597\"><div class=\"gb-inside-container\">\n\n<p class=\"gb-headline gb-headline-f956e0b8 gb-headline-text\"><strong>Samarbeid f\u00f8rer oss lenger frem<\/strong><\/p>\n\n\n\n<p class=\"gb-headline gb-headline-7de55854 gb-headline-text\">Hver og en av oss er bare et lite foretak, men sammen er vi store og skaper kraft. Vi er mange med store ambisjonen og skaper\u00e5nd, og vi n\u00e5r s\u00e5 langt som helst n\u00e5r vi alle drar i samme retning. Felles arrangement, webinar, treninger og fester gj\u00f8r at vi deler kunnskap med hverandre \u2013 samt at vi kan gi og f\u00e5 st\u00f8tte n\u00e5r det trengs. <br><br>Hvordan kan du samarbeide med andre FBOs?<\/p>\n\n<\/div><\/div><\/div>\n\n<div class=\"gb-grid-column gb-grid-column-be74361f\"><div class=\"gb-container gb-container-be74361f\"><div class=\"gb-inside-container\">\n\n<p class=\"gb-headline gb-headline-4652f8e5 gb-headline-text\"><strong>V\u00e5r troverdighet er alles ansvar<\/strong><\/p>\n\n\n\n<p class=\"gb-headline gb-headline-915fd283 gb-headline-text\">Du og alle andre FBOs bygger sammen med Forevers varemerke og troverdighet. Den eneste m\u00e5ten \u00e5 bli troverdig p\u00e5 er \u00e5 leve sitt varemerke, vise hva som er viktigst gjennom hvordan du selv agerer. <br><br>Sp\u00f8r deg selv, ville du handlet av deg?<\/p>\n\n<\/div><\/div><\/div>\n<\/div>\n<\/div><\/div>\n\n<div class=\"gb-container gb-container-cda21a34\"><div class=\"gb-inside-container\">\n<div class=\"gb-grid-wrapper gb-grid-wrapper-78afdfef\">\n<div class=\"gb-grid-column gb-grid-column-2786c75a\"><div class=\"gb-container gb-container-2786c75a\"><div class=\"gb-inside-container\">\n\n<div class=\"wp-block-cover hide-mobile\" style=\"min-height:250px;aspect-ratio:unset;\"><span aria-hidden=\"true\" class=\"wp-block-cover__background has-background-dim-0 has-background-dim\"><\/span><img loading=\"lazy\" decoding=\"async\" width=\"360\" height=\"250\" class=\"wp-block-cover__image-background wp-image-13909\" alt=\"\" src=\"https:\/\/prod-cdn-portal.foreverliving.se\/wp-content\/uploads\/2022\/12\/Inspo_Aloe_360x250.jpg\" style=\"object-position:51% 51%\" data-object-fit=\"cover\" data-object-position=\"51% 51%\"\/><div class=\"wp-block-cover__inner-container is-layout-flow wp-block-cover-is-layout-flow\">\n<p class=\"has-text-align-center has-large-font-size\"><\/p>\n<\/div><\/div>\n\n<\/div><\/div><\/div>\n\n<div class=\"gb-grid-column gb-grid-column-67eca3c5\"><div class=\"gb-container gb-container-67eca3c5\"><div class=\"gb-inside-container\">\n\n<div class=\"wp-block-cover\" style=\"min-height:250px;aspect-ratio:unset;\"><span aria-hidden=\"true\" class=\"wp-block-cover__background has-background-dim-0 has-background-dim\" style=\"background-color:#866f38\"><\/span><img loading=\"lazy\" decoding=\"async\" width=\"360\" height=\"250\" class=\"wp-block-cover__image-background wp-image-48434\" alt=\"\" src=\"https:\/\/foreverliving.hemsida.eu\/wp-content\/uploads\/2025\/01\/Inspo_PET_360x250.jpg\" data-object-fit=\"cover\" srcset=\"https:\/\/foreverliving.hemsida.eu\/wp-content\/uploads\/2025\/01\/Inspo_PET_360x250.jpg 360w, https:\/\/foreverliving.hemsida.eu\/wp-content\/uploads\/2025\/01\/Inspo_PET_360x250-300x208.jpg 300w, https:\/\/foreverliving.hemsida.eu\/wp-content\/uploads\/2025\/01\/Inspo_PET_360x250-50x35.jpg 50w\" sizes=\"auto, (max-width: 360px) 100vw, 360px\" \/><div class=\"wp-block-cover__inner-container is-layout-flow wp-block-cover-is-layout-flow\">\n<p class=\"has-text-align-center has-large-font-size\"><\/p>\n<\/div><\/div>\n\n<\/div><\/div><\/div>\n\n<div class=\"gb-grid-column gb-grid-column-1610826a\"><div class=\"gb-container gb-container-1610826a\"><div class=\"gb-inside-container\">\n\n<div class=\"wp-block-cover is-light\" style=\"min-height:250px;aspect-ratio:unset;\"><span aria-hidden=\"true\" class=\"wp-block-cover__background has-background-dim-0 has-background-dim\"><\/span><img loading=\"lazy\" decoding=\"async\" width=\"360\" height=\"250\" class=\"wp-block-cover__image-background wp-image-13913\" alt=\"\" src=\"https:\/\/prod-cdn-portal.foreverliving.se\/wp-content\/uploads\/2022\/12\/Inspo_Man_360x250.jpg\" style=\"object-position:55% 49%\" data-object-fit=\"cover\" data-object-position=\"55% 49%\"\/><div class=\"wp-block-cover__inner-container is-layout-flow wp-block-cover-is-layout-flow\">\n<p class=\"has-text-align-center has-large-font-size\"><\/p>\n<\/div><\/div>\n\n<\/div><\/div><\/div>\n<\/div>\n<\/div><\/div>\n\n<div class=\"gb-container gb-container-b00b64a9\"><div class=\"gb-inside-container\">\n<div class=\"gb-grid-wrapper gb-grid-wrapper-4a712b7a\">\n<div class=\"gb-grid-column gb-grid-column-20b191f1\"><div class=\"gb-container gb-container-20b191f1\"><div class=\"gb-inside-container\">\n\n<p class=\"gb-headline gb-headline-1272cf89 gb-headline-text\"><strong>Stolthet gjennom kunnskap<\/strong><\/p>\n\n\n\n<p class=\"gb-headline gb-headline-be6d9321 gb-headline-text\">Det finnes en stor stolthet hos Forever; vi er stolte over produktene, v\u00e5r kunnskap om Aloe vera og v\u00e5r forretningsmodell. Gjennom \u00e5 stadig holde oss oppdaterte, kan vi gjennom kunnskap kjenne oss trygge og stolte. <br><br>Hvordan kan vi bevare den kunnskapen som finnes innen Forever?<\/p>\n\n<\/div><\/div><\/div>\n\n<div class=\"gb-grid-column gb-grid-column-68a239df\"><div class=\"gb-container gb-container-68a239df\"><div class=\"gb-inside-container\">\n\n<p class=\"gb-headline gb-headline-ce51e290 gb-headline-text\"><strong>\u00c5pent og rakt <strong>\u2013<\/strong> med glimt i \u00f8yet<\/strong><\/p>\n\n\n\n<p class=\"gb-headline gb-headline-b59e9913 gb-headline-text\">\u00c5 snakke \u00e5pent og \u00e6rlig p\u00e5 en vennlig m\u00e5te og med glimt i \u00f8yet, er en framgangsfaktor. Vi hjelper hverandre \u00e5 l\u00f8se et problem og gjennom \u00e5 respektfullt tilrettelegge n\u00e5r noen ikke f\u00f8lger verdiene eller skader Forevers varemerke. <br><br>Tenk p\u00e5 noen i teamet ditt som du synes lever opp til dette. Hvordan kommuniserer de?<\/p>\n\n<\/div><\/div><\/div>\n\n<div class=\"gb-grid-column gb-grid-column-87fd010f\"><div class=\"gb-container gb-container-87fd010f\"><div class=\"gb-inside-container\">\n\n<p class=\"gb-headline gb-headline-da82c58a gb-headline-text\"><strong>V\u00e5r drivkraft er forskjellig <strong>\u2013<\/strong><\/strong> <strong> men vi bygger et selskap<\/strong><\/p>\n\n\n\n<p class=\"gb-headline gb-headline-cc1635ca gb-headline-text\">Hva som lokker med \u00e5 drive sin egen Forevervirksomhet varierer og hver FBO driver en selvstendig virksomhet. Men det er viktig \u00e5 huske p\u00e5 at vi bygger et foretak og et varemerke. For utenforst\u00e5ende er du akkurat like mye Forever som kontoret. S\u00f8rg for at det er ett Forever vi alle kan v\u00e6re stolte over! <br><br>Hvordan arbeider dere med Forever Force i teamet ditt?<\/p>\n\n<\/div><\/div><\/div>\n<\/div>\n<\/div><\/div>\n\n<div class=\"gb-container gb-container-317f557e\"><div class=\"gb-inside-container\">\n<div class=\"gb-grid-wrapper gb-grid-wrapper-60598106\">\n<div class=\"gb-grid-column gb-grid-column-ad61080d\"><div class=\"gb-container gb-container-ad61080d\"><div class=\"gb-inside-container\">\n\n<div class=\"wp-block-cover is-light\"><span aria-hidden=\"true\" class=\"wp-block-cover__background has-background-dim-0 has-background-dim\"><\/span><img loading=\"lazy\" decoding=\"async\" width=\"1350\" height=\"300\" class=\"wp-block-cover__image-background wp-image-13895\" alt=\"\" src=\"https:\/\/prod-cdn-portal.foreverliving.se\/wp-content\/uploads\/2022\/12\/ForeverForce_Footer_field_aloe_1350x300.jpg\" style=\"object-position:36% 50%\" data-object-fit=\"cover\" data-object-position=\"36% 50%\" srcset=\"https:\/\/foreverliving.hemsida.eu\/wp-content\/uploads\/2022\/12\/ForeverForce_Footer_field_aloe_1350x300.jpg 1350w, https:\/\/foreverliving.hemsida.eu\/wp-content\/uploads\/2022\/12\/ForeverForce_Footer_field_aloe_1350x300-768x171.jpg 768w\" sizes=\"auto, (max-width: 1350px) 100vw, 1350px\" \/><div class=\"wp-block-cover__inner-container is-layout-flow wp-block-cover-is-layout-flow\">\n<p class=\"has-text-align-center has-large-font-size\"><\/p>\n<\/div><\/div>\n\n<\/div><\/div><\/div>\n<\/div>\n<\/div><\/div>","protected":false},"excerpt":{"rendered":"","protected":false},"author":8,"featured_media":0,"parent":0,"menu_order":172,"comment_status":"closed","ping_status":"closed","template":"","meta":{"_acf_changed":false,"_eb_attr":"","_crsspst_to_flhemsidaeu":false,"inline_featured_image":false,"pgc_sgb_lightbox_settings":"","footnotes":""},"class_list":["post-16601","page","type-page","status-publish","hentry"],"featured_image_src":null,"acf":[],"publishpress_future_action":{"enabled":false,"date":"2026-05-05 01:57:33","action":"change-status","newStatus":"draft","terms":[],"taxonomy":"translation_priority","extraData":[]},"publishpress_future_workflow_manual_trigger":{"enabledWorkflows":[]},"_links":{"self":[{"href":"https:\/\/foreverliving.hemsida.eu\/no\/wp-json\/wp\/v2\/pages\/16601","targetHints":{"allow":["GET"]}}],"collection":[{"href":"https:\/\/foreverliving.hemsida.eu\/no\/wp-json\/wp\/v2\/pages"}],"about":[{"href":"https:\/\/foreverliving.hemsida.eu\/no\/wp-json\/wp\/v2\/types\/page"}],"author":[{"embeddable":true,"href":"https:\/\/foreverliving.hemsida.eu\/no\/wp-json\/wp\/v2\/users\/8"}],"replies":[{"embeddable":true,"href":"https:\/\/foreverliving.hemsida.eu\/no\/wp-json\/wp\/v2\/comments?post=16601"}],"version-history":[{"count":0,"href":"https:\/\/foreverliving.hemsida.eu\/no\/wp-json\/wp\/v2\/pages\/16601\/revisions"}],"wp:attachment":[{"href":"https:\/\/foreverliving.hemsida.eu\/no\/wp-json\/wp\/v2\/media?parent=16601"}],"curies":[{"name":"wp","href":"https:\/\/api.w.org\/{rel}","templated":true}]}}